{"id":29424,"date":"2024-02-13T06:51:27","date_gmt":"2024-02-13T06:51:27","guid":{"rendered":"https:\/\/chilimag.hu\/webshop\/?post_type=product&#038;p=29424"},"modified":"2026-03-30T09:27:39","modified_gmt":"2026-03-30T09:27:39","slug":"sogo-kokuszrost-tablettak-1l-10x10-cm-h","status":"publish","type":"product","link":"https:\/\/chilimag.hu\/webshop\/termek\/sogo-kokuszrost-tablettak-1l-10x10-cm-h\/","title":{"rendered":"Sogo k\u00f3kuszrost tabletta 1L 10&#215;10 cm H"},"content":{"rendered":"","protected":false},"excerpt":{"rendered":"<p>Ezek rendk\u00edv\u00fcl praktikus pr\u00e9selt k\u00f3kuszkomposzt tablett\u00e1k! Csak adjon hozz\u00e1 400 ml vizet, \u00e9s v\u00e1rjon 10 percet, am\u00edg 1 liter komposzt keletkezik. A komposzt t\u00e1panyagban gazdag \u00e9s steril, ez\u00e9rt cs\u00edramentes.<br \/>\n* Biol\u00f3giailag leboml\u00f3<br \/>\n* K\u00f6rnyezetbar\u00e1t<\/p>\n","protected":false},"featured_media":29425,"comment_status":"closed","ping_status":"closed","template":"","meta":[],"product_brand":[],"product_cat":[336],"product_tag":[],"class_list":{"0":"post-29424","1":"product","2":"type-product","3":"status-publish","4":"has-post-thumbnail","6":"product_cat-vetotalcak-ulteto-cserepek-es-palanta-nevelok","8":"first","9":"instock","10":"taxable","11":"shipping-taxable","12":"purchasable","13":"product-type-simple"},"_links":{"self":[{"href":"https:\/\/chilimag.hu\/webshop\/wp-json\/wp\/v2\/product\/29424","targetHints":{"allow":["GET"]}}],"collection":[{"href":"https:\/\/chilimag.hu\/webshop\/wp-json\/wp\/v2\/product"}],"about":[{"href":"https:\/\/chilimag.hu\/webshop\/wp-json\/wp\/v2\/types\/product"}],"replies":[{"embeddable":true,"href":"https:\/\/chilimag.hu\/webshop\/wp-json\/wp\/v2\/comments?post=29424"}],"wp:featuredmedia":[{"embeddable":true,"href":"https:\/\/chilimag.hu\/webshop\/wp-json\/wp\/v2\/media\/29425"}],"wp:attachment":[{"href":"https:\/\/chilimag.hu\/webshop\/wp-json\/wp\/v2\/media?parent=29424"}],"wp:term":[{"taxonomy":"product_brand","embeddable":true,"href":"https:\/\/chilimag.hu\/webshop\/wp-json\/wp\/v2\/product_brand?post=29424"},{"taxonomy":"product_cat","embeddable":true,"href":"https:\/\/chilimag.hu\/webshop\/wp-json\/wp\/v2\/product_cat?post=29424"},{"taxonomy":"product_tag","embeddable":true,"href":"https:\/\/chilimag.hu\/webshop\/wp-json\/wp\/v2\/product_tag?post=29424"}],"curies":[{"name":"wp","href":"https:\/\/api.w.org\/{rel}","templated":true}]}}