{"id":29418,"date":"2024-02-13T06:45:57","date_gmt":"2024-02-13T06:45:57","guid":{"rendered":"https:\/\/chilimag.hu\/webshop\/?post_type=product&#038;p=29418"},"modified":"2024-02-13T06:45:57","modified_gmt":"2024-02-13T06:45:57","slug":"sogo-ulteto-korongok-36-cmx48-db-h","status":"publish","type":"product","link":"https:\/\/chilimag.hu\/webshop\/termek\/sogo-ulteto-korongok-36-cmx48-db-h\/","title":{"rendered":"Sogo \u00fcltet\u0151 korongok 3,6 cmx48 db H"},"content":{"rendered":"","protected":false},"excerpt":{"rendered":"<p>Ezek a duzzad\u00f3 tablett\u00e1k kiv\u00e1l\u00f3ak a bevet\u00e9shez! Amikor v\u00edzzel \u00e9rintkeznek, a tablett\u00e1k megduzzadnak, \u00e9s a f\u00f6ld k\u00e9szen \u00e1ll a haszn\u00e1latra. A h\u00e1l\u00f3 j\u00f3 csom\u00f3t k\u00e9pez, \u00edgy a k\u00e9s\u0151bbiekben k\u00f6nnyen \u00e1t\u00fcltethet\u0151 a n\u00f6v\u00e9ny.<br \/>\n* Biol\u00f3giailag leboml\u00f3<br \/>\n* K\u00f6rnyezetbar\u00e1t<\/p>\n","protected":false},"featured_media":29419,"comment_status":"closed","ping_status":"closed","template":"","meta":[],"product_brand":[],"product_cat":[336],"product_tag":[],"class_list":{"0":"post-29418","1":"product","2":"type-product","3":"status-publish","4":"has-post-thumbnail","6":"product_cat-vetotalcak-ulteto-cserepek-es-palanta-nevelok","8":"first","9":"instock","10":"taxable","11":"shipping-taxable","12":"purchasable","13":"product-type-simple"},"_links":{"self":[{"href":"https:\/\/chilimag.hu\/webshop\/wp-json\/wp\/v2\/product\/29418","targetHints":{"allow":["GET"]}}],"collection":[{"href":"https:\/\/chilimag.hu\/webshop\/wp-json\/wp\/v2\/product"}],"about":[{"href":"https:\/\/chilimag.hu\/webshop\/wp-json\/wp\/v2\/types\/product"}],"replies":[{"embeddable":true,"href":"https:\/\/chilimag.hu\/webshop\/wp-json\/wp\/v2\/comments?post=29418"}],"wp:featuredmedia":[{"embeddable":true,"href":"https:\/\/chilimag.hu\/webshop\/wp-json\/wp\/v2\/media\/29419"}],"wp:attachment":[{"href":"https:\/\/chilimag.hu\/webshop\/wp-json\/wp\/v2\/media?parent=29418"}],"wp:term":[{"taxonomy":"product_brand","embeddable":true,"href":"https:\/\/chilimag.hu\/webshop\/wp-json\/wp\/v2\/product_brand?post=29418"},{"taxonomy":"product_cat","embeddable":true,"href":"https:\/\/chilimag.hu\/webshop\/wp-json\/wp\/v2\/product_cat?post=29418"},{"taxonomy":"product_tag","embeddable":true,"href":"https:\/\/chilimag.hu\/webshop\/wp-json\/wp\/v2\/product_tag?post=29418"}],"curies":[{"name":"wp","href":"https:\/\/api.w.org\/{rel}","templated":true}]}}