{"id":29406,"date":"2024-02-13T05:49:46","date_gmt":"2024-02-13T05:49:46","guid":{"rendered":"https:\/\/chilimag.hu\/webshop\/?post_type=product&#038;p=29406"},"modified":"2024-02-13T05:49:46","modified_gmt":"2024-02-13T05:49:46","slug":"sogo-vetotalca-26-palantahoz-h","status":"publish","type":"product","link":"https:\/\/chilimag.hu\/webshop\/termek\/sogo-vetotalca-26-palantahoz-h\/","title":{"rendered":"Sogo vet\u0151t\u00e1lca 26 pal\u00e1nt\u00e1hoz H"},"content":{"rendered":"","protected":false},"excerpt":{"rendered":"<p>Vet\u0151- \u00e9s szapor\u00edt\u00f3t\u00e1lc\u00e1k biol\u00f3giailag leboml\u00f3 dug\u00f3kkal.<br \/>\nCsak v\u00edz felhaszn\u00e1l\u00e1s\u00e1val szeretne vetni \u00e9s szapor\u00edtani? Kezdje el azonnal ezzel a 26 magdug\u00f3t tartalmaz\u00f3 t\u00e1lc\u00e1val. A teljesen biol\u00f3giailag leboml\u00f3 dug\u00f3k jut\u00e1b\u00f3l k\u00e9sz\u00fcltek, alkalmasak a termeszt\u00e9s b\u00e1rmely szakasz\u00e1ra. Ezek a dug\u00f3k egyed\u00fcl\u00e1ll\u00f3ak abban, hogy felsz\u00edvj\u00e1k a nedvess\u00e9get \u00e9s hossz\u00fa ideig megtartj\u00e1k azt.<br \/>\n\u2022 K\u00f6nnyen szab\u00e1lyozhat\u00f3 a gy\u00f6k\u00e9rn\u00f6veked\u00e9s.<br \/>\n\u2022A dug\u00f3k 100%-ban komposzt\u00e1lhat\u00f3k.<br \/>\n\u2022J\u00f3 v\u00edz-leveg\u0151 ar\u00e1ny.<br \/>\n\u2022T\u00f6k\u00e9letesen kiegyens\u00falyozott pH \u00e9s EC.<\/p>\n<p>Haszn\u00e1lati utas\u00edt\u00e1s:<br \/>\n1. \u00d6nts\u00f6n vizet a t\u00e1lc\u00e1ra, am\u00edg az \u00f6sszes dug\u00f3 j\u00f3l tel\u00edt\u0151dik.<br \/>\n2. Adjon hozz\u00e1 t\u00e1panyagokat a v\u00edzhez, ha sz\u00fcks\u00e9ges.<br \/>\n3. Vesse el a f\u00e9nyben cs\u00edr\u00e1z\u00f3 magokat a dug\u00f3 tetej\u00e9re, \u00e9s enyh\u00e9n nyomja meg a t\u00f6bbit<br \/>\nmagokat a dug\u00f3ba.<br \/>\n4. Ha sz\u00fcks\u00e9ges, sz\u00f3rjunk egy kev\u00e9s vermikulitot a dug\u00f3k tetej\u00e9re.<br \/>\n5. Helyezze a t\u00e1lc\u00e1t \u00fcvegh\u00e1zba.<br \/>\n6. Cs\u00f6kkentse az \u00f6nt\u00f6z\u00e9st a cs\u00edr\u00e1z\u00e1s ut\u00e1n, hogy el\u0151seg\u00edtse a gy\u00f6k\u00e9rn\u00f6veked\u00e9st.<br \/>\n\u200b<\/p>\n","protected":false},"featured_media":29407,"comment_status":"closed","ping_status":"closed","template":"","meta":[],"product_brand":[],"product_cat":[336],"product_tag":[],"class_list":{"0":"post-29406","1":"product","2":"type-product","3":"status-publish","4":"has-post-thumbnail","6":"product_cat-vetotalcak-ulteto-cserepek-es-palanta-nevelok","8":"first","9":"instock","10":"taxable","11":"shipping-taxable","12":"purchasable","13":"product-type-simple"},"_links":{"self":[{"href":"https:\/\/chilimag.hu\/webshop\/wp-json\/wp\/v2\/product\/29406","targetHints":{"allow":["GET"]}}],"collection":[{"href":"https:\/\/chilimag.hu\/webshop\/wp-json\/wp\/v2\/product"}],"about":[{"href":"https:\/\/chilimag.hu\/webshop\/wp-json\/wp\/v2\/types\/product"}],"replies":[{"embeddable":true,"href":"https:\/\/chilimag.hu\/webshop\/wp-json\/wp\/v2\/comments?post=29406"}],"wp:featuredmedia":[{"embeddable":true,"href":"https:\/\/chilimag.hu\/webshop\/wp-json\/wp\/v2\/media\/29407"}],"wp:attachment":[{"href":"https:\/\/chilimag.hu\/webshop\/wp-json\/wp\/v2\/media?parent=29406"}],"wp:term":[{"taxonomy":"product_brand","embeddable":true,"href":"https:\/\/chilimag.hu\/webshop\/wp-json\/wp\/v2\/product_brand?post=29406"},{"taxonomy":"product_cat","embeddable":true,"href":"https:\/\/chilimag.hu\/webshop\/wp-json\/wp\/v2\/product_cat?post=29406"},{"taxonomy":"product_tag","embeddable":true,"href":"https:\/\/chilimag.hu\/webshop\/wp-json\/wp\/v2\/product_tag?post=29406"}],"curies":[{"name":"wp","href":"https:\/\/api.w.org\/{rel}","templated":true}]}}