{"id":29402,"date":"2024-02-13T05:44:06","date_gmt":"2024-02-13T05:44:06","guid":{"rendered":"https:\/\/chilimag.hu\/webshop\/?post_type=product&#038;p=29402"},"modified":"2026-01-03T13:57:51","modified_gmt":"2026-01-03T13:57:51","slug":"sogo-mini-uveghaz-30-ferohelyes-h","status":"publish","type":"product","link":"https:\/\/chilimag.hu\/webshop\/termek\/sogo-mini-uveghaz-30-ferohelyes-h\/","title":{"rendered":"Sogo Mini \u00fcvegh\u00e1z 30 f\u00e9r\u0151helyes H"},"content":{"rendered":"","protected":false},"excerpt":{"rendered":"<p>Ez a 30 cserepes massz\u00edv \u00fcvegh\u00e1z t\u00f6k\u00e9letes mindazok sz\u00e1m\u00e1ra, akik belt\u00e9rben szeretn\u00e9nek vetni vagy termeszteni! A n\u00f6vekv\u0151 motorh\u00e1ztet\u0151 k\u00e9t szell\u0151z\u0151ny\u00edl\u00e1ssal rendelkezik, amelyek nyithat\u00f3k \u00e9s z\u00e1rhat\u00f3k az optim\u00e1lis kl\u00edma megteremt\u00e9se \u00e9rdek\u00e9ben. Az \u00fcvegh\u00e1z teljes eg\u00e9sz\u00e9ben szerves anyagb\u00f3l k\u00e9sz\u00fclt.<br \/>\n* \u00dajrahasznos\u00edtott anyag<br \/>\n* Tart\u00f3s<\/p>\n","protected":false},"featured_media":29403,"comment_status":"closed","ping_status":"closed","template":"","meta":[],"product_brand":[],"product_cat":[336],"product_tag":[],"class_list":{"0":"post-29402","1":"product","2":"type-product","3":"status-publish","4":"has-post-thumbnail","6":"product_cat-vetotalcak-ulteto-cserepek-es-palanta-nevelok","8":"first","9":"instock","10":"taxable","11":"shipping-taxable","12":"purchasable","13":"product-type-simple"},"_links":{"self":[{"href":"https:\/\/chilimag.hu\/webshop\/wp-json\/wp\/v2\/product\/29402","targetHints":{"allow":["GET"]}}],"collection":[{"href":"https:\/\/chilimag.hu\/webshop\/wp-json\/wp\/v2\/product"}],"about":[{"href":"https:\/\/chilimag.hu\/webshop\/wp-json\/wp\/v2\/types\/product"}],"replies":[{"embeddable":true,"href":"https:\/\/chilimag.hu\/webshop\/wp-json\/wp\/v2\/comments?post=29402"}],"wp:featuredmedia":[{"embeddable":true,"href":"https:\/\/chilimag.hu\/webshop\/wp-json\/wp\/v2\/media\/29403"}],"wp:attachment":[{"href":"https:\/\/chilimag.hu\/webshop\/wp-json\/wp\/v2\/media?parent=29402"}],"wp:term":[{"taxonomy":"product_brand","embeddable":true,"href":"https:\/\/chilimag.hu\/webshop\/wp-json\/wp\/v2\/product_brand?post=29402"},{"taxonomy":"product_cat","embeddable":true,"href":"https:\/\/chilimag.hu\/webshop\/wp-json\/wp\/v2\/product_cat?post=29402"},{"taxonomy":"product_tag","embeddable":true,"href":"https:\/\/chilimag.hu\/webshop\/wp-json\/wp\/v2\/product_tag?post=29402"}],"curies":[{"name":"wp","href":"https:\/\/api.w.org\/{rel}","templated":true}]}}