{"id":29398,"date":"2024-02-13T05:39:46","date_gmt":"2024-02-13T05:39:46","guid":{"rendered":"https:\/\/chilimag.hu\/webshop\/?post_type=product&#038;p=29398"},"modified":"2026-01-31T10:10:44","modified_gmt":"2026-01-31T10:10:44","slug":"sogo-mini-uveghaz-10-ferohelyes-h","status":"publish","type":"product","link":"https:\/\/chilimag.hu\/webshop\/termek\/sogo-mini-uveghaz-10-ferohelyes-h\/","title":{"rendered":"Sogo Mini \u00fcvegh\u00e1z 10 f\u00e9r\u0151helyes H"},"content":{"rendered":"","protected":false},"excerpt":{"rendered":"<p>Ez az \u00fcvegh\u00e1z kiv\u00e1l\u00f3an alkalmas magvak \u00e9s dugv\u00e1nyok termeszt\u00e9s\u00e9re. A kont\u00e9ner a legt\u00f6bb ablakp\u00e1rk\u00e1nyra illeszkedik, az \u00e1tl\u00e1tsz\u00f3 motorh\u00e1ztet\u0151 pedig optim\u00e1lis k\u00f6rnyezetet teremt f\u00e9nnyel \u00e9s meleggel. Amikor a praktikus duzzad\u00f3 tablett\u00e1k v\u00edzzel \u00e9rintkeznek, megduzzadnak, \u00e9s a f\u00f6ld k\u00e9szen \u00e1ll a haszn\u00e1latra.<br \/>\n* \u00dajrahasznos\u00edtott anyag<br \/>\n* Tart\u00f3s<\/p>\n","protected":false},"featured_media":29399,"comment_status":"closed","ping_status":"closed","template":"","meta":[],"product_brand":[],"product_cat":[336],"product_tag":[],"class_list":{"0":"post-29398","1":"product","2":"type-product","3":"status-publish","4":"has-post-thumbnail","6":"product_cat-vetotalcak-ulteto-cserepek-es-palanta-nevelok","8":"first","9":"instock","10":"taxable","11":"shipping-taxable","12":"purchasable","13":"product-type-simple"},"_links":{"self":[{"href":"https:\/\/chilimag.hu\/webshop\/wp-json\/wp\/v2\/product\/29398","targetHints":{"allow":["GET"]}}],"collection":[{"href":"https:\/\/chilimag.hu\/webshop\/wp-json\/wp\/v2\/product"}],"about":[{"href":"https:\/\/chilimag.hu\/webshop\/wp-json\/wp\/v2\/types\/product"}],"replies":[{"embeddable":true,"href":"https:\/\/chilimag.hu\/webshop\/wp-json\/wp\/v2\/comments?post=29398"}],"wp:featuredmedia":[{"embeddable":true,"href":"https:\/\/chilimag.hu\/webshop\/wp-json\/wp\/v2\/media\/29399"}],"wp:attachment":[{"href":"https:\/\/chilimag.hu\/webshop\/wp-json\/wp\/v2\/media?parent=29398"}],"wp:term":[{"taxonomy":"product_brand","embeddable":true,"href":"https:\/\/chilimag.hu\/webshop\/wp-json\/wp\/v2\/product_brand?post=29398"},{"taxonomy":"product_cat","embeddable":true,"href":"https:\/\/chilimag.hu\/webshop\/wp-json\/wp\/v2\/product_cat?post=29398"},{"taxonomy":"product_tag","embeddable":true,"href":"https:\/\/chilimag.hu\/webshop\/wp-json\/wp\/v2\/product_tag?post=29398"}],"curies":[{"name":"wp","href":"https:\/\/api.w.org\/{rel}","templated":true}]}}