{"id":29377,"date":"2024-02-12T20:06:55","date_gmt":"2024-02-12T20:06:55","guid":{"rendered":"https:\/\/chilimag.hu\/webshop\/?post_type=product&#038;p=29377"},"modified":"2025-03-31T09:16:01","modified_gmt":"2025-03-31T09:16:01","slug":"sogo-lebomlo-pohar-6x6-cm-5-cs","status":"publish","type":"product","link":"https:\/\/chilimag.hu\/webshop\/termek\/sogo-lebomlo-pohar-6x6-cm-5-cs\/","title":{"rendered":"Sogo Leboml\u00f3 poh\u00e1r 6&#215;6 cm 5 cs"},"content":{"rendered":"","protected":false},"excerpt":{"rendered":"<p>Ezek a fap\u00e9p ed\u00e9nyek kiv\u00e1l\u00f3an alkalmasak vet\u00e9sre vagy szapor\u00edt\u00e1sra. A kisz\u00far\u00e1s m\u00e1r t\u00f6rt\u00e9nelem! Ezeket a cserepeket k\u00f6zvetlen\u00fcl a talajba, cser\u00e9pbe \u00e9s mindenbe lehet \u00fcltetni. A cser\u00e9p felold\u00f3dik a talajban, \u00e9s a gy\u00f6kerek k\u00f6nnyen \u00e1tn\u0151hetnek, er\u0151s, eg\u00e9szs\u00e9ges n\u00f6v\u00e9nyeket eredm\u00e9nyezve.<br \/>\n* Biol\u00f3giailag leboml\u00f3<br \/>\n* K\u00f6nnyen kezelhet\u0151<\/p>\n","protected":false},"featured_media":29380,"comment_status":"closed","ping_status":"closed","template":"","meta":[],"product_brand":[],"product_cat":[336],"product_tag":[],"class_list":{"0":"post-29377","1":"product","2":"type-product","3":"status-publish","4":"has-post-thumbnail","6":"product_cat-vetotalcak-ulteto-cserepek-es-palanta-nevelok","8":"first","9":"instock","10":"taxable","11":"shipping-taxable","12":"purchasable","13":"product-type-simple"},"_links":{"self":[{"href":"https:\/\/chilimag.hu\/webshop\/wp-json\/wp\/v2\/product\/29377","targetHints":{"allow":["GET"]}}],"collection":[{"href":"https:\/\/chilimag.hu\/webshop\/wp-json\/wp\/v2\/product"}],"about":[{"href":"https:\/\/chilimag.hu\/webshop\/wp-json\/wp\/v2\/types\/product"}],"replies":[{"embeddable":true,"href":"https:\/\/chilimag.hu\/webshop\/wp-json\/wp\/v2\/comments?post=29377"}],"wp:featuredmedia":[{"embeddable":true,"href":"https:\/\/chilimag.hu\/webshop\/wp-json\/wp\/v2\/media\/29380"}],"wp:attachment":[{"href":"https:\/\/chilimag.hu\/webshop\/wp-json\/wp\/v2\/media?parent=29377"}],"wp:term":[{"taxonomy":"product_brand","embeddable":true,"href":"https:\/\/chilimag.hu\/webshop\/wp-json\/wp\/v2\/product_brand?post=29377"},{"taxonomy":"product_cat","embeddable":true,"href":"https:\/\/chilimag.hu\/webshop\/wp-json\/wp\/v2\/product_cat?post=29377"},{"taxonomy":"product_tag","embeddable":true,"href":"https:\/\/chilimag.hu\/webshop\/wp-json\/wp\/v2\/product_tag?post=29377"}],"curies":[{"name":"wp","href":"https:\/\/api.w.org\/{rel}","templated":true}]}}