{"id":29373,"date":"2024-02-12T20:00:51","date_gmt":"2024-02-12T20:00:51","guid":{"rendered":"https:\/\/chilimag.hu\/webshop\/?post_type=product&#038;p=29373"},"modified":"2025-12-30T17:10:57","modified_gmt":"2025-12-30T17:10:57","slug":"sogo-lebomlo-ulteto-pohar-4x4-6-cs","status":"publish","type":"product","link":"https:\/\/chilimag.hu\/webshop\/termek\/sogo-lebomlo-ulteto-pohar-4x4-6-cs\/","title":{"rendered":"Sogo leboml\u00f3 \u00fcltet\u0151 poh\u00e1r 4&#215;4 6 cs"},"content":{"rendered":"","protected":false},"excerpt":{"rendered":"<p>Ezek a p\u00e9pb\u0151l k\u00e9sz\u00fclt ed\u00e9nyek kiv\u00e1l\u00f3an alkalmasak vet\u00e9sre vagy szapor\u00edt\u00e1sra. A kisz\u00far\u00e1s m\u00e1r t\u00f6rt\u00e9nelem! Ezek a cserepek k\u00f6zvetlen\u00fcl a talajba \u00fcltethet\u0151k, cser\u00e9pben \u00e9s mindenben. A cser\u00e9p felold\u00f3dik a talajban, \u00e9s a gy\u00f6kerek k\u00f6nnyen \u00e1tn\u0151hetnek, er\u0151s, eg\u00e9szs\u00e9ges n\u00f6v\u00e9nyeket eredm\u00e9nyezve.<br \/>\n* Biol\u00f3giailag leboml\u00f3<br \/>\n* K\u00f6nnyen kezelhet\u0151<\/p>\n","protected":false},"featured_media":29374,"comment_status":"closed","ping_status":"closed","template":"","meta":[],"product_brand":[],"product_cat":[336],"product_tag":[],"class_list":{"0":"post-29373","1":"product","2":"type-product","3":"status-publish","4":"has-post-thumbnail","6":"product_cat-vetotalcak-ulteto-cserepek-es-palanta-nevelok","8":"first","9":"instock","10":"taxable","11":"shipping-taxable","12":"purchasable","13":"product-type-simple"},"_links":{"self":[{"href":"https:\/\/chilimag.hu\/webshop\/wp-json\/wp\/v2\/product\/29373","targetHints":{"allow":["GET"]}}],"collection":[{"href":"https:\/\/chilimag.hu\/webshop\/wp-json\/wp\/v2\/product"}],"about":[{"href":"https:\/\/chilimag.hu\/webshop\/wp-json\/wp\/v2\/types\/product"}],"replies":[{"embeddable":true,"href":"https:\/\/chilimag.hu\/webshop\/wp-json\/wp\/v2\/comments?post=29373"}],"wp:featuredmedia":[{"embeddable":true,"href":"https:\/\/chilimag.hu\/webshop\/wp-json\/wp\/v2\/media\/29374"}],"wp:attachment":[{"href":"https:\/\/chilimag.hu\/webshop\/wp-json\/wp\/v2\/media?parent=29373"}],"wp:term":[{"taxonomy":"product_brand","embeddable":true,"href":"https:\/\/chilimag.hu\/webshop\/wp-json\/wp\/v2\/product_brand?post=29373"},{"taxonomy":"product_cat","embeddable":true,"href":"https:\/\/chilimag.hu\/webshop\/wp-json\/wp\/v2\/product_cat?post=29373"},{"taxonomy":"product_tag","embeddable":true,"href":"https:\/\/chilimag.hu\/webshop\/wp-json\/wp\/v2\/product_tag?post=29373"}],"curies":[{"name":"wp","href":"https:\/\/api.w.org\/{rel}","templated":true}]}}