{"id":29334,"date":"2024-02-12T19:04:54","date_gmt":"2024-02-12T19:04:54","guid":{"rendered":"https:\/\/chilimag.hu\/webshop\/?post_type=product&#038;p=29334"},"modified":"2026-02-14T08:59:15","modified_gmt":"2026-02-14T08:59:15","slug":"hagyma-rossa-lunga-di-firenze-ht-h","status":"publish","type":"product","link":"https:\/\/chilimag.hu\/webshop\/termek\/hagyma-rossa-lunga-di-firenze-ht-h\/","title":{"rendered":"Hagyma Rossa lunga di Firenze Ht H"},"content":{"rendered":"","protected":false},"excerpt":{"rendered":"<p><img decoding=\"async\" class=\"img-responsive\" title=\"Horti Tops\" src=\"https:\/\/tuinplus.nl\/Documents\/Images\/Banners\/Horti_Tops_Roll_Over.jpg\" alt=\"Horti Tops\" \/><\/p>\n<p>Botanikai n\u00e9v:\u00a0<span id=\"column_2_uc_product_details_ctl04_lbl_ff_desc2\" class=\"value\">Allium cepa<\/span><\/p>\n<p><span id=\"column_2_uc_product_details_ctl04_lbl_ff_desc2\" class=\"value\">Hagyma \u2013 Rossa lunga di Firenze<br \/>\nKora tavaszt\u00f3l k\u00e9s\u0151 tavaszig vess\u00fck ny\u00edlt terepen sorokban. Kiss\u00e9 v\u00e9kony\u00edtsuk el<br \/>\n6 h\u00e9t ut\u00e1n. Ez a v\u00f6r\u00f6shagyma szereti a napos helyet \u00e9s a kiss\u00e9 sz\u00e1raz talajt. Rossa<br \/>\nA lunga di Firenze egy hossz\u00fa, enyhe \u00edz\u0171 v\u00f6r\u00f6shagyma, amely nyersen is finom<br \/>\nsal\u00e1t\u00e1ban vagy m\u00e1s \u00e9telekben fogyasztva.<\/span><\/p>\n<p>&nbsp;<\/p>\n","protected":false},"featured_media":29335,"comment_status":"closed","ping_status":"closed","template":"","meta":[],"product_brand":[],"product_cat":[438],"product_tag":[],"class_list":{"0":"post-29334","1":"product","2":"type-product","3":"status-publish","4":"has-post-thumbnail","6":"product_cat-horti-tops","8":"first","9":"instock","10":"taxable","11":"shipping-taxable","12":"purchasable","13":"product-type-simple"},"_links":{"self":[{"href":"https:\/\/chilimag.hu\/webshop\/wp-json\/wp\/v2\/product\/29334","targetHints":{"allow":["GET"]}}],"collection":[{"href":"https:\/\/chilimag.hu\/webshop\/wp-json\/wp\/v2\/product"}],"about":[{"href":"https:\/\/chilimag.hu\/webshop\/wp-json\/wp\/v2\/types\/product"}],"replies":[{"embeddable":true,"href":"https:\/\/chilimag.hu\/webshop\/wp-json\/wp\/v2\/comments?post=29334"}],"wp:featuredmedia":[{"embeddable":true,"href":"https:\/\/chilimag.hu\/webshop\/wp-json\/wp\/v2\/media\/29335"}],"wp:attachment":[{"href":"https:\/\/chilimag.hu\/webshop\/wp-json\/wp\/v2\/media?parent=29334"}],"wp:term":[{"taxonomy":"product_brand","embeddable":true,"href":"https:\/\/chilimag.hu\/webshop\/wp-json\/wp\/v2\/product_brand?post=29334"},{"taxonomy":"product_cat","embeddable":true,"href":"https:\/\/chilimag.hu\/webshop\/wp-json\/wp\/v2\/product_cat?post=29334"},{"taxonomy":"product_tag","embeddable":true,"href":"https:\/\/chilimag.hu\/webshop\/wp-json\/wp\/v2\/product_tag?post=29334"}],"curies":[{"name":"wp","href":"https:\/\/api.w.org\/{rel}","templated":true}]}}