{"id":29328,"date":"2024-02-12T18:56:15","date_gmt":"2024-02-12T18:56:15","guid":{"rendered":"https:\/\/chilimag.hu\/webshop\/?post_type=product&#038;p=29328"},"modified":"2026-02-16T20:40:21","modified_gmt":"2026-02-16T20:40:21","slug":"spenot-red-kitten-f1-ht-h","status":"publish","type":"product","link":"https:\/\/chilimag.hu\/webshop\/termek\/spenot-red-kitten-f1-ht-h\/","title":{"rendered":"Spen\u00f3t Red Kitten F1 Ht H"},"content":{"rendered":"","protected":false},"excerpt":{"rendered":"<p><img decoding=\"async\" class=\"img-responsive\" title=\"Horti Tops\" src=\"https:\/\/tuinplus.nl\/Documents\/Images\/Banners\/Horti_Tops_Roll_Over.jpg\" alt=\"Horti Tops\" \/><\/p>\n<p>Botanikai n\u00e9v:\u00a0<span id=\"column_2_uc_product_details_ctl04_lbl_ff_desc2\" class=\"value\">Spinacia oleracea<\/span><\/p>\n<p><span id=\"column_2_uc_product_details_ctl04_lbl_ff_desc2\" class=\"value\">Spen\u00f3t \u2013 Red Kitten F1<br \/>\nM\u00e1rcius k\u00f6zep\u00e9t\u0151l j\u00falius v\u00e9g\u00e9ig szabad a szabadba vetni, ak\u00e1r elsz\u00f3rtan, ak\u00e1r sorokban;\u00a0v\u00e9konyan vagy h\u00edg\u00edtsuk, ha sz\u00fcks\u00e9ges. A legt\u00f6bb spen\u00f3ttal ellent\u00e9tben a Red Kittennek pirosak a\u00a0sz\u00e1rak \u00e9s erek. Szedd fiatalon a leveleket, \u00e9s sal\u00e1t\u00e1kban \u00e9s k\u00fcl\u00f6nf\u00e9le nyers \u00e9telekben kiv\u00e1l\u00f3 szemreval\u00f3 lesz!<\/span><\/p>\n<p>&nbsp;<\/p>\n","protected":false},"featured_media":29329,"comment_status":"closed","ping_status":"closed","template":"","meta":[],"product_brand":[],"product_cat":[438],"product_tag":[],"class_list":{"0":"post-29328","1":"product","2":"type-product","3":"status-publish","4":"has-post-thumbnail","6":"product_cat-horti-tops","8":"first","9":"instock","10":"taxable","11":"shipping-taxable","12":"purchasable","13":"product-type-simple"},"_links":{"self":[{"href":"https:\/\/chilimag.hu\/webshop\/wp-json\/wp\/v2\/product\/29328","targetHints":{"allow":["GET"]}}],"collection":[{"href":"https:\/\/chilimag.hu\/webshop\/wp-json\/wp\/v2\/product"}],"about":[{"href":"https:\/\/chilimag.hu\/webshop\/wp-json\/wp\/v2\/types\/product"}],"replies":[{"embeddable":true,"href":"https:\/\/chilimag.hu\/webshop\/wp-json\/wp\/v2\/comments?post=29328"}],"wp:featuredmedia":[{"embeddable":true,"href":"https:\/\/chilimag.hu\/webshop\/wp-json\/wp\/v2\/media\/29329"}],"wp:attachment":[{"href":"https:\/\/chilimag.hu\/webshop\/wp-json\/wp\/v2\/media?parent=29328"}],"wp:term":[{"taxonomy":"product_brand","embeddable":true,"href":"https:\/\/chilimag.hu\/webshop\/wp-json\/wp\/v2\/product_brand?post=29328"},{"taxonomy":"product_cat","embeddable":true,"href":"https:\/\/chilimag.hu\/webshop\/wp-json\/wp\/v2\/product_cat?post=29328"},{"taxonomy":"product_tag","embeddable":true,"href":"https:\/\/chilimag.hu\/webshop\/wp-json\/wp\/v2\/product_tag?post=29328"}],"curies":[{"name":"wp","href":"https:\/\/api.w.org\/{rel}","templated":true}]}}