{"id":29322,"date":"2024-02-12T18:48:43","date_gmt":"2024-02-12T18:48:43","guid":{"rendered":"https:\/\/chilimag.hu\/webshop\/?post_type=product&#038;p=29322"},"modified":"2026-01-29T02:24:13","modified_gmt":"2026-01-29T02:24:13","slug":"paprika-cayenne-long-slim-ht-h","status":"publish","type":"product","link":"https:\/\/chilimag.hu\/webshop\/termek\/paprika-cayenne-long-slim-ht-h\/","title":{"rendered":"Paprika Cayenne Long Slim Ht H"},"content":{"rendered":"","protected":false},"excerpt":{"rendered":"<p><img decoding=\"async\" class=\"img-responsive\" title=\"Horti Tops\" src=\"https:\/\/tuinplus.nl\/Documents\/Images\/Banners\/Horti_Tops_Roll_Over.jpg\" alt=\"Horti Tops\" \/><\/p>\n<p>Botanikai n\u00e9v: Capsicum annuum<\/p>\n<p>Kora tavasszal v\u00e9dett mag\u00e1gyban 20\u00baC-on vagy k\u00e9s\u0151bb szabadban, keretben; sz\u00fard ki egyszer, \u00e9s \u00fcltesd ki cserepekbe belt\u00e9ri vagy \u00fcvegh\u00e1zi termeszt\u00e9shez. Egy igaz\u00e1n cs\u00edp\u0151s paprika frissen haszn\u00e1lhat\u00f3 indiai f\u0151z\u00e9shez; kiv\u00e1l\u00f3an alkalmas erk\u00e9lyen vagy teraszon t\u00f6rt\u00e9n\u0151 termeszt\u00e9sre is.<\/p>\n<p>&nbsp;<\/p>\n","protected":false},"featured_media":29323,"comment_status":"closed","ping_status":"closed","template":"","meta":[],"product_brand":[],"product_cat":[438],"product_tag":[],"class_list":{"0":"post-29322","1":"product","2":"type-product","3":"status-publish","4":"has-post-thumbnail","6":"product_cat-horti-tops","8":"first","9":"instock","10":"taxable","11":"shipping-taxable","12":"purchasable","13":"product-type-simple"},"_links":{"self":[{"href":"https:\/\/chilimag.hu\/webshop\/wp-json\/wp\/v2\/product\/29322","targetHints":{"allow":["GET"]}}],"collection":[{"href":"https:\/\/chilimag.hu\/webshop\/wp-json\/wp\/v2\/product"}],"about":[{"href":"https:\/\/chilimag.hu\/webshop\/wp-json\/wp\/v2\/types\/product"}],"replies":[{"embeddable":true,"href":"https:\/\/chilimag.hu\/webshop\/wp-json\/wp\/v2\/comments?post=29322"}],"wp:featuredmedia":[{"embeddable":true,"href":"https:\/\/chilimag.hu\/webshop\/wp-json\/wp\/v2\/media\/29323"}],"wp:attachment":[{"href":"https:\/\/chilimag.hu\/webshop\/wp-json\/wp\/v2\/media?parent=29322"}],"wp:term":[{"taxonomy":"product_brand","embeddable":true,"href":"https:\/\/chilimag.hu\/webshop\/wp-json\/wp\/v2\/product_brand?post=29322"},{"taxonomy":"product_cat","embeddable":true,"href":"https:\/\/chilimag.hu\/webshop\/wp-json\/wp\/v2\/product_cat?post=29322"},{"taxonomy":"product_tag","embeddable":true,"href":"https:\/\/chilimag.hu\/webshop\/wp-json\/wp\/v2\/product_tag?post=29322"}],"curies":[{"name":"wp","href":"https:\/\/api.w.org\/{rel}","templated":true}]}}