{"id":29298,"date":"2024-02-12T06:01:57","date_gmt":"2024-02-12T06:01:57","guid":{"rendered":"https:\/\/chilimag.hu\/webshop\/?post_type=product&#038;p=29298"},"modified":"2025-12-13T05:52:30","modified_gmt":"2025-12-13T05:52:30","slug":"szagosmuge-asperula-ht-h","status":"publish","type":"product","link":"https:\/\/chilimag.hu\/webshop\/termek\/szagosmuge-asperula-ht-h\/","title":{"rendered":"Szagos m\u00fcge Asperula Ht H"},"content":{"rendered":"","protected":false},"excerpt":{"rendered":"<p><img decoding=\"async\" class=\"img-responsive\" title=\"Horti Tops\" src=\"https:\/\/tuinplus.nl\/Documents\/Images\/Banners\/Horti_Tops_Roll_Over.jpg\" alt=\"Horti Tops\" \/><\/p>\n<p>Botanikai n\u00e9v:<span id=\"column_2_uc_product_details_ctl04_lbl_ff_desc2\" class=\"value\">Asperula odorata<\/span><\/p>\n<p>Vesse el k\u00f6zvetlen\u00fcl a t\u00e9l el\u0151tt vagy ut\u00e1n a kertben egy \u00e1rny\u00e9kos helyre; takarja be a magokat szerves anyagokkal \u00e9s sz\u00e1r\u00edtott levelekkel. Felhaszn\u00e1l\u00e1sa: M\u00e1jusban gy\u00f3gyn\u00f6v\u00e9nyk\u00e9nt Bor \u00e9s lev\u00e9lteak\u00e9nt gy\u00f3gykezel\u00e9sre aj\u00e1nlott. F\u0151leg hasf\u00e1j\u00e1s eset\u00e9n j\u00f3.<\/p>\n","protected":false},"featured_media":29299,"comment_status":"closed","ping_status":"closed","template":"","meta":[],"product_brand":[],"product_cat":[438],"product_tag":[],"class_list":{"0":"post-29298","1":"product","2":"type-product","3":"status-publish","4":"has-post-thumbnail","6":"product_cat-horti-tops","8":"first","9":"outofstock","10":"taxable","11":"shipping-taxable","12":"purchasable","13":"product-type-simple"},"_links":{"self":[{"href":"https:\/\/chilimag.hu\/webshop\/wp-json\/wp\/v2\/product\/29298","targetHints":{"allow":["GET"]}}],"collection":[{"href":"https:\/\/chilimag.hu\/webshop\/wp-json\/wp\/v2\/product"}],"about":[{"href":"https:\/\/chilimag.hu\/webshop\/wp-json\/wp\/v2\/types\/product"}],"replies":[{"embeddable":true,"href":"https:\/\/chilimag.hu\/webshop\/wp-json\/wp\/v2\/comments?post=29298"}],"wp:featuredmedia":[{"embeddable":true,"href":"https:\/\/chilimag.hu\/webshop\/wp-json\/wp\/v2\/media\/29299"}],"wp:attachment":[{"href":"https:\/\/chilimag.hu\/webshop\/wp-json\/wp\/v2\/media?parent=29298"}],"wp:term":[{"taxonomy":"product_brand","embeddable":true,"href":"https:\/\/chilimag.hu\/webshop\/wp-json\/wp\/v2\/product_brand?post=29298"},{"taxonomy":"product_cat","embeddable":true,"href":"https:\/\/chilimag.hu\/webshop\/wp-json\/wp\/v2\/product_cat?post=29298"},{"taxonomy":"product_tag","embeddable":true,"href":"https:\/\/chilimag.hu\/webshop\/wp-json\/wp\/v2\/product_tag?post=29298"}],"curies":[{"name":"wp","href":"https:\/\/api.w.org\/{rel}","templated":true}]}}