{"id":29287,"date":"2024-02-11T19:33:23","date_gmt":"2024-02-11T19:33:23","guid":{"rendered":"https:\/\/chilimag.hu\/webshop\/?post_type=product&#038;p=29287"},"modified":"2026-03-12T10:30:49","modified_gmt":"2026-03-12T10:30:49","slug":"mirigyes-pereszleny-sz-m","status":"publish","type":"product","link":"https:\/\/chilimag.hu\/webshop\/termek\/mirigyes-pereszleny-sz-m\/","title":{"rendered":"Mirigyes pereszl\u00e9ny Sz-M"},"content":{"rendered":"","protected":false},"excerpt":{"rendered":"<p><img decoding=\"async\" src=\"https:\/\/chilimag.hu\/webshop\/wp-content\/uploads\/2014\/11\/chilimag-logo-2-150x150.jpg\" \/><\/p>\n<p>&nbsp;<\/p>\n<p>Le\u00edr\u00e1s<\/p>\n<p>F\u0171szer \u00e9s gy\u00f3gyn\u00f6v\u00e9ny<\/p>\n<p>A D\u00e9l-K\u00f6z\u00e9p-Eur\u00f3pa hegyvid\u00e9kein \u0151shonos, de n\u00e1lunk is t\u00e9l\u00e1ll\u00f3 \u00e9vel\u0151 .\u00a0 Magass\u00e1ga: 30-60 cm.K\u00f6nnyen termeszthet\u0151 n\u00f6v\u00e9ny.<\/p>\n<p>A halv\u00e1ny feh\u00e9r\/k\u00e9k vir\u00e1gait \u00e1rprilist\u00f3l augusztusig hozza.<\/p>\n<p>Felhaszn\u00e1l\u00e1sa: szeg\u00e9lyk\u00e9nt, sziklakertben,gy\u00f3gyn\u00f6v\u00e9nyes kertekbe, de cser\u00e9pben is termeszthet\u0151 . F\u0171szerk\u00e9nt is haszn\u00e1lj\u00e1k az olasz konyh\u00e1ban, ahol mentuccia-nak vagy nipitella-nak h\u00edvj\u00e1k .<\/p>\n<p>Teljes napon vir\u00e1gzik a legszebben, de ha enyhe \u00e1rny\u00e9kba \u00fcltetj\u00fck, akkor ink\u00e1bb leveleket fejleszt. Ez akkor j\u00f6n j\u00f3l, ha f\u0171szerk\u00e9nt szeretn\u00e9nk haszn\u00e1lni leveleit.<\/p>\n<p>Menta illat\u00fa n\u00f6v\u00e9ny.A te\u00e1t g\u00e1zok \u00e9s k\u00f3lika kezel\u00e9s\u00e9re haszn\u00e1lj\u00e1k, k\u00fcls\u0151leg pedig z\u00faz\u00f3d\u00e1sok elleni borogat\u00e1sra.<\/p>\n<p>&nbsp;<\/p>\n<p>Tavasszal kell visszav\u00e1gni az elsz\u00e1radt sz\u00e1rakat. Mivel magr\u00f3l nagyon j\u00f3l szaporodik, \u00edgy ha nem szeretn\u00e9nk, hogy magot sz\u00f3rjon, lev\u00e1ghatjuk \u0151sszel is a sz\u00e1rakat.<\/p>\n<p>T\u00e1rs\u00edt\u00e1sa m\u00e1s n\u00f6v\u00e9nyekkel: kasvir\u00e1g, kerti izs\u00f3p, cickafark, zs\u00e1lya.<\/p>\n<p>M\u00e9h \u00e9s pillang\u00f3csalogat\u00f3.<\/p>\n<p>A csomag 1gramm magot tartalmaz<\/p>\n","protected":false},"featured_media":29288,"comment_status":"closed","ping_status":"closed","template":"","meta":[],"product_brand":[],"product_cat":[330],"product_tag":[],"class_list":{"0":"post-29287","1":"product","2":"type-product","3":"status-publish","4":"has-post-thumbnail","6":"product_cat-fuszer-es-gyogynoveny-vetomagok","8":"first","9":"instock","10":"taxable","11":"shipping-taxable","12":"purchasable","13":"product-type-simple"},"_links":{"self":[{"href":"https:\/\/chilimag.hu\/webshop\/wp-json\/wp\/v2\/product\/29287","targetHints":{"allow":["GET"]}}],"collection":[{"href":"https:\/\/chilimag.hu\/webshop\/wp-json\/wp\/v2\/product"}],"about":[{"href":"https:\/\/chilimag.hu\/webshop\/wp-json\/wp\/v2\/types\/product"}],"replies":[{"embeddable":true,"href":"https:\/\/chilimag.hu\/webshop\/wp-json\/wp\/v2\/comments?post=29287"}],"wp:featuredmedia":[{"embeddable":true,"href":"https:\/\/chilimag.hu\/webshop\/wp-json\/wp\/v2\/media\/29288"}],"wp:attachment":[{"href":"https:\/\/chilimag.hu\/webshop\/wp-json\/wp\/v2\/media?parent=29287"}],"wp:term":[{"taxonomy":"product_brand","embeddable":true,"href":"https:\/\/chilimag.hu\/webshop\/wp-json\/wp\/v2\/product_brand?post=29287"},{"taxonomy":"product_cat","embeddable":true,"href":"https:\/\/chilimag.hu\/webshop\/wp-json\/wp\/v2\/product_cat?post=29287"},{"taxonomy":"product_tag","embeddable":true,"href":"https:\/\/chilimag.hu\/webshop\/wp-json\/wp\/v2\/product_tag?post=29287"}],"curies":[{"name":"wp","href":"https:\/\/api.w.org\/{rel}","templated":true}]}}