{"id":29270,"date":"2024-02-11T18:30:13","date_gmt":"2024-02-11T18:30:13","guid":{"rendered":"https:\/\/chilimag.hu\/webshop\/?post_type=product&#038;p=29270"},"modified":"2026-01-22T17:12:36","modified_gmt":"2026-01-22T17:12:36","slug":"chicco-rosso-f1-paradicsom","status":"publish","type":"product","link":"https:\/\/chilimag.hu\/webshop\/termek\/chicco-rosso-f1-paradicsom\/","title":{"rendered":"Chicco Rosso F1 Paradicsom"},"content":{"rendered":"","protected":false},"excerpt":{"rendered":"<p><img decoding=\"async\" class=\"general_border\" src=\"https:\/\/seminteplante.ro\/img\/m\/259-brand_default.jpg\" alt=\"La Semiorto Sementi\" width=\"154\" height=\"70\" \/><\/p>\n<p>A Chicco Rosso F1 egy kokt\u00e9lparadicsom hibrid a Semiorto Sementi term\u00e9kcsal\u00e1db\u00f3l, hat\u00e1rozatlan n\u00f6veked\u00e9s\u0171 \u00e9s korai \u00e9retts\u00e9ggel.<\/p>\n<p>Ez egy nagyon term\u0151 hibrid. Gy\u00fcm\u00f6lcsei kerekek, kicsik \u00e9s pirosak, t\u00f6meg\u00fck 35 gramm. Kiv\u00e1l\u00f3 paradicsom \u00edze van.<\/p>\n<p>A Chicco Rosso F1 paradicsom ellen\u00e1ll a legismertebb paradicsombetegs\u00e9geknek.<\/p>\n<p>Termeszt\u00e9si id\u0151szak: t\u00e9l &#8211; tavasz<\/p>\n<p>Betakar\u00edt\u00e1si id\u0151szak: ny\u00e1r &#8211; \u0151sz<\/p>\n<p>A csomag 10 szem magot tartalmaz<\/p>\n<p>&nbsp;<\/p>\n","protected":false},"featured_media":29271,"comment_status":"closed","ping_status":"closed","template":"","meta":[],"product_brand":[],"product_cat":[10],"product_tag":[],"class_list":{"0":"post-29270","1":"product","2":"type-product","3":"status-publish","4":"has-post-thumbnail","6":"product_cat-paradicsom","8":"first","9":"outofstock","10":"taxable","11":"shipping-taxable","12":"purchasable","13":"product-type-simple"},"_links":{"self":[{"href":"https:\/\/chilimag.hu\/webshop\/wp-json\/wp\/v2\/product\/29270","targetHints":{"allow":["GET"]}}],"collection":[{"href":"https:\/\/chilimag.hu\/webshop\/wp-json\/wp\/v2\/product"}],"about":[{"href":"https:\/\/chilimag.hu\/webshop\/wp-json\/wp\/v2\/types\/product"}],"replies":[{"embeddable":true,"href":"https:\/\/chilimag.hu\/webshop\/wp-json\/wp\/v2\/comments?post=29270"}],"wp:featuredmedia":[{"embeddable":true,"href":"https:\/\/chilimag.hu\/webshop\/wp-json\/wp\/v2\/media\/29271"}],"wp:attachment":[{"href":"https:\/\/chilimag.hu\/webshop\/wp-json\/wp\/v2\/media?parent=29270"}],"wp:term":[{"taxonomy":"product_brand","embeddable":true,"href":"https:\/\/chilimag.hu\/webshop\/wp-json\/wp\/v2\/product_brand?post=29270"},{"taxonomy":"product_cat","embeddable":true,"href":"https:\/\/chilimag.hu\/webshop\/wp-json\/wp\/v2\/product_cat?post=29270"},{"taxonomy":"product_tag","embeddable":true,"href":"https:\/\/chilimag.hu\/webshop\/wp-json\/wp\/v2\/product_tag?post=29270"}],"curies":[{"name":"wp","href":"https:\/\/api.w.org\/{rel}","templated":true}]}}