{"id":29267,"date":"2024-02-11T18:18:16","date_gmt":"2024-02-11T18:18:16","guid":{"rendered":"https:\/\/chilimag.hu\/webshop\/?post_type=product&#038;p=29267"},"modified":"2026-01-30T09:45:19","modified_gmt":"2026-01-30T09:45:19","slug":"intrigo-f1-paradicsom","status":"publish","type":"product","link":"https:\/\/chilimag.hu\/webshop\/termek\/intrigo-f1-paradicsom\/","title":{"rendered":"Intrigo F1 Paradicsom"},"content":{"rendered":"","protected":false},"excerpt":{"rendered":"<p><img decoding=\"async\" class=\"logo-sticky scale-with-grid \" src=\"https:\/\/www.coraseeds.com\/wp-content\/uploads\/2019\/01\/cora-117-50.png\" alt=\"cora-117-50\" data-retina=\"https:\/\/www.coraseeds.com\/wp-content\/uploads\/2019\/01\/cora-234-100.png\" data-height=\"50\" data-no-retina=\"\" \/><\/p>\n<p>Az Intrigo F1 egy nagyon term\u0151 kokt\u00e9lparadicsom hibrid.<\/p>\n<p>A hibrid n\u00f6v\u00e9nyek k\u00f6zepes \u00e9leter\u0151vel rendelkeznek.<\/p>\n<p>Az Intrigo F1 paradicsom k\u00e9t karon is termeszthet\u0151, r\u00f6vid csom\u00f3pontokkal.<\/p>\n<p>\u00c9r\u00e9skor a gy\u00fcm\u00f6lcs intenz\u00edv v\u00f6r\u00f6s sz\u00edn\u0171v\u00e9 v\u00e1lik, \u00e9s el\u00e9ri a 25 grammot.<\/p>\n<p>Reped\u00e9s\u00e1ll\u00f3 hibrid.<\/p>\n<p>A csomag 10 szem magot tartalmaz<\/p>\n<p>&nbsp;<\/p>\n","protected":false},"featured_media":29269,"comment_status":"closed","ping_status":"closed","template":"","meta":[],"product_brand":[],"product_cat":[10],"product_tag":[],"class_list":{"0":"post-29267","1":"product","2":"type-product","3":"status-publish","4":"has-post-thumbnail","6":"product_cat-paradicsom","8":"first","9":"instock","10":"taxable","11":"shipping-taxable","12":"purchasable","13":"product-type-simple"},"_links":{"self":[{"href":"https:\/\/chilimag.hu\/webshop\/wp-json\/wp\/v2\/product\/29267","targetHints":{"allow":["GET"]}}],"collection":[{"href":"https:\/\/chilimag.hu\/webshop\/wp-json\/wp\/v2\/product"}],"about":[{"href":"https:\/\/chilimag.hu\/webshop\/wp-json\/wp\/v2\/types\/product"}],"replies":[{"embeddable":true,"href":"https:\/\/chilimag.hu\/webshop\/wp-json\/wp\/v2\/comments?post=29267"}],"wp:featuredmedia":[{"embeddable":true,"href":"https:\/\/chilimag.hu\/webshop\/wp-json\/wp\/v2\/media\/29269"}],"wp:attachment":[{"href":"https:\/\/chilimag.hu\/webshop\/wp-json\/wp\/v2\/media?parent=29267"}],"wp:term":[{"taxonomy":"product_brand","embeddable":true,"href":"https:\/\/chilimag.hu\/webshop\/wp-json\/wp\/v2\/product_brand?post=29267"},{"taxonomy":"product_cat","embeddable":true,"href":"https:\/\/chilimag.hu\/webshop\/wp-json\/wp\/v2\/product_cat?post=29267"},{"taxonomy":"product_tag","embeddable":true,"href":"https:\/\/chilimag.hu\/webshop\/wp-json\/wp\/v2\/product_tag?post=29267"}],"curies":[{"name":"wp","href":"https:\/\/api.w.org\/{rel}","templated":true}]}}