{"id":29261,"date":"2024-02-11T17:39:04","date_gmt":"2024-02-11T17:39:04","guid":{"rendered":"https:\/\/chilimag.hu\/webshop\/?post_type=product&#038;p=29261"},"modified":"2026-03-31T10:14:06","modified_gmt":"2026-03-31T10:14:06","slug":"big-daddy-f1","status":"publish","type":"product","link":"https:\/\/chilimag.hu\/webshop\/termek\/big-daddy-f1\/","title":{"rendered":"Big Daddy F1 S-P"},"content":{"rendered":"","protected":false},"excerpt":{"rendered":"<p><img decoding=\"async\" class=\"general_border\" src=\"https:\/\/seminteplante.ro\/img\/m\/282-brand_default.jpg\" alt=\"NongWoo Bio\" width=\"154\" height=\"70\" \/><\/p>\n<p>Viszonylag er\u0151s \u00e9s k\u00f6nnyen termeszthet\u0151 n\u00f6v\u00e9nyek,<br \/>\nExtra korai \u00e9retts\u00e9g, koncentr\u00e1lt gy\u00fcm\u00f6lcsk\u00f6t\u00e9s.<br \/>\nGy\u00fcm\u00f6lcs<br \/>\n20 ~ 22 g, hossza 15 ~ 17 cm, \u00e1tm\u00e9r\u0151je 1,9 ~ 2,1 cm, er\u0151sen cs\u00edp\u0151s, sima \u00e9s f\u00e9nyes b\u0151rrel, t\u00e1rol\u00e1sra \u00e9s friss piacra alkalmas, hossz\u00fa t\u00e1v\u00fa sz\u00e1ll\u00edt\u00e1sra alkalmas.<\/p>\n<p>A csomag 10 szem magot tartalmaz<\/p>\n","protected":false},"featured_media":29263,"comment_status":"closed","ping_status":"closed","template":"","meta":[],"product_brand":[],"product_cat":[8],"product_tag":[],"class_list":{"0":"post-29261","1":"product","2":"type-product","3":"status-publish","4":"has-post-thumbnail","6":"product_cat-paprika","8":"first","9":"instock","10":"taxable","11":"shipping-taxable","12":"purchasable","13":"product-type-variable"},"_links":{"self":[{"href":"https:\/\/chilimag.hu\/webshop\/wp-json\/wp\/v2\/product\/29261","targetHints":{"allow":["GET"]}}],"collection":[{"href":"https:\/\/chilimag.hu\/webshop\/wp-json\/wp\/v2\/product"}],"about":[{"href":"https:\/\/chilimag.hu\/webshop\/wp-json\/wp\/v2\/types\/product"}],"replies":[{"embeddable":true,"href":"https:\/\/chilimag.hu\/webshop\/wp-json\/wp\/v2\/comments?post=29261"}],"wp:featuredmedia":[{"embeddable":true,"href":"https:\/\/chilimag.hu\/webshop\/wp-json\/wp\/v2\/media\/29263"}],"wp:attachment":[{"href":"https:\/\/chilimag.hu\/webshop\/wp-json\/wp\/v2\/media?parent=29261"}],"wp:term":[{"taxonomy":"product_brand","embeddable":true,"href":"https:\/\/chilimag.hu\/webshop\/wp-json\/wp\/v2\/product_brand?post=29261"},{"taxonomy":"product_cat","embeddable":true,"href":"https:\/\/chilimag.hu\/webshop\/wp-json\/wp\/v2\/product_cat?post=29261"},{"taxonomy":"product_tag","embeddable":true,"href":"https:\/\/chilimag.hu\/webshop\/wp-json\/wp\/v2\/product_tag?post=29261"}],"curies":[{"name":"wp","href":"https:\/\/api.w.org\/{rel}","templated":true}]}}