{"id":292,"date":"2014-11-09T17:38:15","date_gmt":"2014-11-09T17:38:15","guid":{"rendered":"https:\/\/chilimag.hu\/webshop\/?post_type=product&#038;p=292"},"modified":"2025-08-11T09:22:26","modified_gmt":"2025-08-11T09:22:26","slug":"peter-pepper-orange","status":"publish","type":"product","link":"https:\/\/chilimag.hu\/webshop\/termek\/peter-pepper-orange\/","title":{"rendered":"Peter Pepper Orange"},"content":{"rendered":"","protected":false},"excerpt":{"rendered":"<div><img decoding=\"async\" src=\"https:\/\/chilimag.hu\/webshop\/wp-content\/uploads\/2014\/11\/chilimag-logo-2-150x150.jpg\" \/><\/div>\n<div><\/div>\n<div>\n<p>Le\u00edr\u00e1s<\/p>\n<p>A Peter Pepper Orange Chili (m\u00e1s n\u00e9ven Penis Chili) az USA-b\u00f3l sz\u00e1rmazik, \u00e9s egy nagyon figyelemre m\u00e9lt\u00f3 fajta, igaz\u00e1n egyedi megjelen\u00e9ssel. A n\u00f6v\u00e9ny \u201ecs\u00edp\u0151s\u201d paprik\u00e1ja \u2013 sz\u00f3j\u00e1t\u00e9k \u2013 igazi szemet gy\u00f6ny\u00f6rk\u00f6dtet\u0151 az \u00e9tkez\u0151asztalon. Persze ez csak az egyik oka annak, hogy p\u00e1link\u00e1ban vagy ecetes tart\u00f3s\u00edt\u00e1sra kedvelt fajta \u2013 szuggeszt\u00edv form\u00e1juk garant\u00e1ltan minden alkalommal meglepet\u00e9st okoz, \u00e9s felvont szem\u00f6ld\u00f6k\u00f6t okoz.<\/p>\n<p>A jellegzetes gy\u00fcm\u00f6lcs\u00f6k (egyesek kifejezettebbek, m\u00e1sok kev\u00e9sb\u00e9) z\u00f6ldt\u0151l narancss\u00e1rg\u00e1ig \u00e9rnek, \u00e9s k\u00f6r\u00fclbel\u00fcl 2,5 x 10-15 cm-es m\u00e9ret\u0171re n\u0151nek. A chili n\u00f6v\u00e9ny egy\u00e9rtelm\u0171en el\u00e1gaz\u00f3, bokros n\u00f6veked\u00e9si form\u00e1val rendelkezik. Az \u00e9des paprika gy\u00fcm\u00f6lcs\u00f6s \u00edze intenz\u00edv f\u0171szeres h\u0151vel.<\/p>\n<p>Gondoz\u00e1sa: A cs\u00edr\u00e1z\u00e1si h\u0151m\u00e9rs\u00e9klet 22\u00b0C \u00e9s 28\u00b0C k\u00f6z\u00f6tt van (cs\u00edr\u00e1z\u00e1si id\u0151: 8-20 nap); ez\u00e9rt \u00fcvegh\u00e1z \u00e9s f\u0171t\u0151sz\u0151nyeg haszn\u00e1lata javasolt. A n\u00f6v\u00e9nyeknek friss, j\u00f3l tr\u00e1gy\u00e1zott v\u00edz\u00e1tereszt\u0151 talajra van sz\u00fcks\u00e9g\u00fck, \u00e9s nem szabad \u00e1ll\u00f3v\u00edzben hagyni. Napos, v\u00e9dett helyre kell helyezni, ahol legal\u00e1bb napi 6 \u00f3ra napf\u00e9ny \u00e9ri, ha nem t\u00f6bb. A n\u00f6v\u00e9nyek kihelyez\u00e9s\u00e9nek legkor\u00e1bbi id\u0151pontja az utols\u00f3 fagy ut\u00e1n 2-3 h\u00e9t. A n\u00f6v\u00e9nyeket eg\u00e9sz t\u00e9len k\u00f6nny\u0171 gondozni, ha cser\u00e9pben termesztik \u0151ket. El\u0151fordulhat, hogy kiss\u00e9 vissza kell v\u00e1gni, \u00e9s vil\u00e1gos helyre kell tenni, ahol legal\u00e1bb 15\u00b0C h\u0151m\u00e9rs\u00e9klet\u0171.<\/p>\n<p>Capsicum annuum t\u00edpus<br \/>\nF\u0171szerszint 8<br \/>\nScoville 25 000 \u2013 80 000 SHU<br \/>\nOptim\u00e1lis cs\u00edr\u00e1z\u00e1si h\u0151m\u00e9rs\u00e9klet 22 &#8211; 28 \u00b0C<br \/>\nVet\u00e9s janu\u00e1r-\u00e1prilis<br \/>\nFeh\u00e9r vir\u00e1gok (m\u00e1jus-augusztus)<br \/>\nN\u00f6veked\u00e9si szok\u00e1sa Bokros, 50-80 cm magas<br \/>\n\u00c9rlel\u00e9s Z\u00f6ldt\u0151l narancss\u00e1rg\u00e1ig<br \/>\nGy\u00fcm\u00f6lcs megjelen\u00e9se p\u00e9nisz alak\u00fa, kb. 2,5 x 10 cm<br \/>\n\u00c9rlel\u00e9si id\u0151 80-90 nap<br \/>\nSz\u00e1rmaz\u00e1sa USA<\/p>\n<p><span style=\"font-size: 16px;\">\u00a0A csomag 10 szem magot tartalmaz\u00a0<\/span><\/p>\n<\/div>\n","protected":false},"featured_media":8436,"comment_status":"open","ping_status":"closed","template":"","meta":[],"product_brand":[],"product_cat":[8],"product_tag":[],"class_list":{"0":"post-292","1":"product","2":"type-product","3":"status-publish","4":"has-post-thumbnail","6":"product_cat-paprika","8":"first","9":"instock","10":"taxable","11":"shipping-taxable","12":"purchasable","13":"product-type-simple"},"_links":{"self":[{"href":"https:\/\/chilimag.hu\/webshop\/wp-json\/wp\/v2\/product\/292","targetHints":{"allow":["GET"]}}],"collection":[{"href":"https:\/\/chilimag.hu\/webshop\/wp-json\/wp\/v2\/product"}],"about":[{"href":"https:\/\/chilimag.hu\/webshop\/wp-json\/wp\/v2\/types\/product"}],"replies":[{"embeddable":true,"href":"https:\/\/chilimag.hu\/webshop\/wp-json\/wp\/v2\/comments?post=292"}],"wp:featuredmedia":[{"embeddable":true,"href":"https:\/\/chilimag.hu\/webshop\/wp-json\/wp\/v2\/media\/8436"}],"wp:attachment":[{"href":"https:\/\/chilimag.hu\/webshop\/wp-json\/wp\/v2\/media?parent=292"}],"wp:term":[{"taxonomy":"product_brand","embeddable":true,"href":"https:\/\/chilimag.hu\/webshop\/wp-json\/wp\/v2\/product_brand?post=292"},{"taxonomy":"product_cat","embeddable":true,"href":"https:\/\/chilimag.hu\/webshop\/wp-json\/wp\/v2\/product_cat?post=292"},{"taxonomy":"product_tag","embeddable":true,"href":"https:\/\/chilimag.hu\/webshop\/wp-json\/wp\/v2\/product_tag?post=292"}],"curies":[{"name":"wp","href":"https:\/\/api.w.org\/{rel}","templated":true}]}}