{"id":29133,"date":"2024-02-07T20:10:54","date_gmt":"2024-02-07T20:10:54","guid":{"rendered":"https:\/\/chilimag.hu\/webshop\/?post_type=product&#038;p=29133"},"modified":"2025-01-18T16:57:11","modified_gmt":"2025-01-18T16:57:11","slug":"molyhos-okorfarkkoro-great-mullein-bz-native-flowers-h","status":"publish","type":"product","link":"https:\/\/chilimag.hu\/webshop\/termek\/molyhos-okorfarkkoro-great-mullein-bz-native-flowers-h\/","title":{"rendered":"Molyhos \u00f6k\u00f6rfarkk\u00f3r\u00f3 Great Mullein Bz Native Flowers H"},"content":{"rendered":"","protected":false},"excerpt":{"rendered":"<p><img fetchpriority=\"high\" decoding=\"async\" class=\"attachment-medium size-medium\" src=\"https:\/\/purchasingpowerplus.com\/wp-content\/uploads\/2021\/05\/Buzzy-Logo-300x239.jpg\" sizes=\"(max-width: 300px) 100vw, 300px\" srcset=\"https:\/\/purchasingpowerplus.com\/wp-content\/uploads\/2021\/05\/Buzzy-Logo-300x239.jpg 300w, https:\/\/purchasingpowerplus.com\/wp-content\/uploads\/2021\/05\/Buzzy-Logo-768x612.jpg 768w, https:\/\/purchasingpowerplus.com\/wp-content\/uploads\/2021\/05\/Buzzy-Logo-1024x816.jpg 1024w, https:\/\/purchasingpowerplus.com\/wp-content\/uploads\/2021\/05\/Buzzy-Logo.jpg 1500w\" alt=\"\" width=\"300\" height=\"239\" \/><\/p>\n<p><span id=\"column_2_uc_product_details_ctl04_lbl_ff_desc2\" class=\"value\">Botanikai n\u00e9v:Verbascum thapsus<\/span><\/p>\n<p><span id=\"column_2_uc_product_details_ctl04_lbl_ff_desc2\" class=\"value\">A nagy \u00f6k\u00f6rfarkk\u00f3r\u00f3 szereti a j\u00f3 v\u00edzelvezet\u00e9s\u0171, sz\u00e1raz talajt a napon. Gyakran megtal\u00e1lhat\u00f3 \u00fcres telkeken, mez\u0151k \u00e9s vas\u00fati s\u00ednek ment\u00e9n. Az els\u0151 \u00e9vben a n\u00f6v\u00e9ny gyapjas, sz\u00fcrk\u00e9s-z\u00f6ld levelekb\u0151l \u00e1ll\u00f3 rozett\u00e1t fejleszt. A m\u00e1sodik \u00e9vben egy hossz\u00fa, er\u0151s sz\u00e1r n\u0151 nagy, s\u00e1rga vir\u00e1gokkal. A leveleken \u00e9s a sz\u00e1ron l\u00e9v\u0151 puha sz\u0151rsz\u00e1lak nagyon gy\u00fal\u00e9konyak, \u00e9s gyertyaszer\u0171en \u00e9gtek, ez\u00e9rt is ismert\u00e9k \u201emagas gyertyatart\u00f3nak\u201d.<\/span><\/p>\n<p>A csomag 0,1 gr magot tartalmaz<\/p>\n","protected":false},"featured_media":29134,"comment_status":"closed","ping_status":"closed","template":"","meta":[],"product_brand":[],"product_cat":[445],"product_tag":[],"class_list":{"0":"post-29133","1":"product","2":"type-product","3":"status-publish","4":"has-post-thumbnail","6":"product_cat-native-flowers-house-plants","8":"first","9":"instock","10":"taxable","11":"shipping-taxable","12":"purchasable","13":"product-type-simple"},"_links":{"self":[{"href":"https:\/\/chilimag.hu\/webshop\/wp-json\/wp\/v2\/product\/29133","targetHints":{"allow":["GET"]}}],"collection":[{"href":"https:\/\/chilimag.hu\/webshop\/wp-json\/wp\/v2\/product"}],"about":[{"href":"https:\/\/chilimag.hu\/webshop\/wp-json\/wp\/v2\/types\/product"}],"replies":[{"embeddable":true,"href":"https:\/\/chilimag.hu\/webshop\/wp-json\/wp\/v2\/comments?post=29133"}],"wp:featuredmedia":[{"embeddable":true,"href":"https:\/\/chilimag.hu\/webshop\/wp-json\/wp\/v2\/media\/29134"}],"wp:attachment":[{"href":"https:\/\/chilimag.hu\/webshop\/wp-json\/wp\/v2\/media?parent=29133"}],"wp:term":[{"taxonomy":"product_brand","embeddable":true,"href":"https:\/\/chilimag.hu\/webshop\/wp-json\/wp\/v2\/product_brand?post=29133"},{"taxonomy":"product_cat","embeddable":true,"href":"https:\/\/chilimag.hu\/webshop\/wp-json\/wp\/v2\/product_cat?post=29133"},{"taxonomy":"product_tag","embeddable":true,"href":"https:\/\/chilimag.hu\/webshop\/wp-json\/wp\/v2\/product_tag?post=29133"}],"curies":[{"name":"wp","href":"https:\/\/api.w.org\/{rel}","templated":true}]}}