{"id":29127,"date":"2024-02-07T20:03:25","date_gmt":"2024-02-07T20:03:25","guid":{"rendered":"https:\/\/chilimag.hu\/webshop\/?post_type=product&#038;p=29127"},"modified":"2024-08-11T19:20:33","modified_gmt":"2024-08-11T19:20:33","slug":"erdelyi-malyva-mallow-bz-native-flowers-h","status":"publish","type":"product","link":"https:\/\/chilimag.hu\/webshop\/termek\/erdelyi-malyva-mallow-bz-native-flowers-h\/","title":{"rendered":"Erd\u00e9lyi m\u00e1lyva Mallow Bz Native Flowers H"},"content":{"rendered":"","protected":false},"excerpt":{"rendered":"<p><img decoding=\"async\" class=\"img-responsive\" title=\"Buzzy Seeds\" src=\"https:\/\/tuinplus.nl\/Documents\/Images\/Banners\/Buzzy_Roll_Over.jpg\" alt=\"Buzzy Seeds\" \/><\/p>\n<p><span id=\"column_2_uc_product_details_ctl04_lbl_ff_desc2\" class=\"value\">Botanikai n\u00e9v:Malva sylvestris<\/span><\/p>\n<p><span id=\"column_2_uc_product_details_ctl04_lbl_ff_desc2\" class=\"value\">High Mallow<br \/>\nA magas m\u00e1lyva a t\u00e1blasz\u00e9li szeg\u00e9nyes talajon honos, \u00e9s szereti a f\u00e9l\u00e1rny\u00e9kos helyeket. Vessen sorokban k\u00f6zvetlen\u00fcl egy k\u00fclt\u00e9ri mag\u00e1gyba. A r\u00f3zsasz\u00edn vagy lila sz\u00edn\u0171 vir\u00e1gok j\u00faliust\u00f3l okt\u00f3berig ny\u00edlnak, \u00e9s sok m\u00e9het vonzanak. A n\u00f6v\u00e9ny \u00e1tlagos magass\u00e1ga el\u00e9ri a 80 cm-t.<br \/>\nN\u00e9lk\u00fcl\u00f6zhetetlen vir\u00e1gok k\u00f6rnyezet\u00fcnk n\u00f6v\u00e9ny- \u00e9s \u00e1llatvil\u00e1ga sz\u00e1m\u00e1ra.<\/span><\/p>\n<p>&nbsp;<\/p>\n","protected":false},"featured_media":29128,"comment_status":"closed","ping_status":"closed","template":"","meta":[],"product_brand":[],"product_cat":[445],"product_tag":[],"class_list":{"0":"post-29127","1":"product","2":"type-product","3":"status-publish","4":"has-post-thumbnail","6":"product_cat-native-flowers-house-plants","8":"first","9":"instock","10":"taxable","11":"shipping-taxable","12":"purchasable","13":"product-type-simple"},"_links":{"self":[{"href":"https:\/\/chilimag.hu\/webshop\/wp-json\/wp\/v2\/product\/29127","targetHints":{"allow":["GET"]}}],"collection":[{"href":"https:\/\/chilimag.hu\/webshop\/wp-json\/wp\/v2\/product"}],"about":[{"href":"https:\/\/chilimag.hu\/webshop\/wp-json\/wp\/v2\/types\/product"}],"replies":[{"embeddable":true,"href":"https:\/\/chilimag.hu\/webshop\/wp-json\/wp\/v2\/comments?post=29127"}],"wp:featuredmedia":[{"embeddable":true,"href":"https:\/\/chilimag.hu\/webshop\/wp-json\/wp\/v2\/media\/29128"}],"wp:attachment":[{"href":"https:\/\/chilimag.hu\/webshop\/wp-json\/wp\/v2\/media?parent=29127"}],"wp:term":[{"taxonomy":"product_brand","embeddable":true,"href":"https:\/\/chilimag.hu\/webshop\/wp-json\/wp\/v2\/product_brand?post=29127"},{"taxonomy":"product_cat","embeddable":true,"href":"https:\/\/chilimag.hu\/webshop\/wp-json\/wp\/v2\/product_cat?post=29127"},{"taxonomy":"product_tag","embeddable":true,"href":"https:\/\/chilimag.hu\/webshop\/wp-json\/wp\/v2\/product_tag?post=29127"}],"curies":[{"name":"wp","href":"https:\/\/api.w.org\/{rel}","templated":true}]}}