{"id":29124,"date":"2024-02-07T19:59:54","date_gmt":"2024-02-07T19:59:54","guid":{"rendered":"https:\/\/chilimag.hu\/webshop\/?post_type=product&#038;p=29124"},"modified":"2026-02-11T19:47:41","modified_gmt":"2026-02-11T19:47:41","slug":"terjoke-kigyoszisz-vipers-bugloss-bz-native-flowers-h","status":"publish","type":"product","link":"https:\/\/chilimag.hu\/webshop\/termek\/terjoke-kigyoszisz-vipers-bugloss-bz-native-flowers-h\/","title":{"rendered":"Terj\u0151ke k\u00edgy\u00f3szisz Viper\u2019s Bugloss Bz Native Flowers H"},"content":{"rendered":"","protected":false},"excerpt":{"rendered":"<p><img fetchpriority=\"high\" decoding=\"async\" class=\"attachment-medium size-medium\" src=\"https:\/\/purchasingpowerplus.com\/wp-content\/uploads\/2021\/05\/Buzzy-Logo-300x239.jpg\" sizes=\"(max-width: 300px) 100vw, 300px\" srcset=\"https:\/\/purchasingpowerplus.com\/wp-content\/uploads\/2021\/05\/Buzzy-Logo-300x239.jpg 300w, https:\/\/purchasingpowerplus.com\/wp-content\/uploads\/2021\/05\/Buzzy-Logo-768x612.jpg 768w, https:\/\/purchasingpowerplus.com\/wp-content\/uploads\/2021\/05\/Buzzy-Logo-1024x816.jpg 1024w, https:\/\/purchasingpowerplus.com\/wp-content\/uploads\/2021\/05\/Buzzy-Logo.jpg 1500w\" alt=\"\" width=\"300\" height=\"239\" \/><\/p>\n<p>Botanikai n\u00e9v:<span id=\"column_2_uc_product_details_ctl04_lbl_ff_desc2\" class=\"value\">Echium vulgare<\/span><\/p>\n<p><span id=\"column_2_uc_product_details_ctl04_lbl_ff_desc2\" class=\"value\">Viper&#8217;s Bugloss<br \/>\nViper&#8217;s Bugloss, j\u00f3l \u00e9rzi mag\u00e1t meszes d\u0171n\u00e9kben \u00e9s meleg, enyh\u00e9n tr\u00e1gy\u00e1zott homoktalajokban. A r\u00fcgyben l\u00e9v\u0151 szirmok r\u00f3zsasz\u00edn\u0171ek. Felbont\u00e1s ut\u00e1n a vir\u00e1gok<br \/>\nlil\u00e1b\u00f3l tiszta k\u00e9kre v\u00e1ltani. A vir\u00e1gok ehet\u0151ek, \u00e9s olyan \u00edz\u0171ek, mint az uborka. Sz\u00e1ra t\u00fcsk\u00e9s, levelei sz\u0151r\u00f6sek. Hossz\u00fa porz\u00f3k emelkednek ki a<br \/>\nkelyhek, a vir\u00e1gst\u00edlus teteje pedig egy k\u00edgy\u00f3 has\u00edtott nyelv\u00e9re eml\u00e9keztet, saj\u00e1tos sz\u0151r\u00f6s megjelen\u00e9st k\u00f6lcs\u00f6n\u00f6zve a n\u00f6v\u00e9nynek.<br \/>\nN\u00e9lk\u00fcl\u00f6zhetetlen vir\u00e1gok k\u00f6rnyezet\u00fcnk n\u00f6v\u00e9ny- \u00e9s \u00e1llatvil\u00e1ga sz\u00e1m\u00e1ra.<\/span><\/p>\n<p>A csomag 0,25 gr magot tartalmaz<\/p>\n<p>&nbsp;<\/p>\n","protected":false},"featured_media":29125,"comment_status":"closed","ping_status":"closed","template":"","meta":[],"product_brand":[],"product_cat":[445],"product_tag":[],"class_list":{"0":"post-29124","1":"product","2":"type-product","3":"status-publish","4":"has-post-thumbnail","6":"product_cat-native-flowers-house-plants","8":"first","9":"instock","10":"taxable","11":"shipping-taxable","12":"purchasable","13":"product-type-simple"},"_links":{"self":[{"href":"https:\/\/chilimag.hu\/webshop\/wp-json\/wp\/v2\/product\/29124","targetHints":{"allow":["GET"]}}],"collection":[{"href":"https:\/\/chilimag.hu\/webshop\/wp-json\/wp\/v2\/product"}],"about":[{"href":"https:\/\/chilimag.hu\/webshop\/wp-json\/wp\/v2\/types\/product"}],"replies":[{"embeddable":true,"href":"https:\/\/chilimag.hu\/webshop\/wp-json\/wp\/v2\/comments?post=29124"}],"wp:featuredmedia":[{"embeddable":true,"href":"https:\/\/chilimag.hu\/webshop\/wp-json\/wp\/v2\/media\/29125"}],"wp:attachment":[{"href":"https:\/\/chilimag.hu\/webshop\/wp-json\/wp\/v2\/media?parent=29124"}],"wp:term":[{"taxonomy":"product_brand","embeddable":true,"href":"https:\/\/chilimag.hu\/webshop\/wp-json\/wp\/v2\/product_brand?post=29124"},{"taxonomy":"product_cat","embeddable":true,"href":"https:\/\/chilimag.hu\/webshop\/wp-json\/wp\/v2\/product_cat?post=29124"},{"taxonomy":"product_tag","embeddable":true,"href":"https:\/\/chilimag.hu\/webshop\/wp-json\/wp\/v2\/product_tag?post=29124"}],"curies":[{"name":"wp","href":"https:\/\/api.w.org\/{rel}","templated":true}]}}