{"id":29121,"date":"2024-02-07T19:55:27","date_gmt":"2024-02-07T19:55:27","guid":{"rendered":"https:\/\/chilimag.hu\/webshop\/?post_type=product&#038;p=29121"},"modified":"2024-08-06T09:46:52","modified_gmt":"2024-08-06T09:46:52","slug":"vadmurok-wild-carrot-bz-native-flowers-h","status":"publish","type":"product","link":"https:\/\/chilimag.hu\/webshop\/termek\/vadmurok-wild-carrot-bz-native-flowers-h\/","title":{"rendered":"Vadmurok Wild Carrot Bz Native Flowers H"},"content":{"rendered":"","protected":false},"excerpt":{"rendered":"<p><img fetchpriority=\"high\" decoding=\"async\" class=\"attachment-medium size-medium\" src=\"https:\/\/purchasingpowerplus.com\/wp-content\/uploads\/2021\/05\/Buzzy-Logo-300x239.jpg\" sizes=\"(max-width: 300px) 100vw, 300px\" srcset=\"https:\/\/purchasingpowerplus.com\/wp-content\/uploads\/2021\/05\/Buzzy-Logo-300x239.jpg 300w, https:\/\/purchasingpowerplus.com\/wp-content\/uploads\/2021\/05\/Buzzy-Logo-768x612.jpg 768w, https:\/\/purchasingpowerplus.com\/wp-content\/uploads\/2021\/05\/Buzzy-Logo-1024x816.jpg 1024w, https:\/\/purchasingpowerplus.com\/wp-content\/uploads\/2021\/05\/Buzzy-Logo.jpg 1500w\" alt=\"\" width=\"300\" height=\"239\" \/><\/p>\n<p>Botanikai n\u00e9v:<span id=\"column_2_uc_product_details_ctl04_lbl_ff_desc2\" class=\"value\">Daucus carota<\/span><\/p>\n<p><span id=\"column_2_uc_product_details_ctl04_lbl_ff_desc2\" class=\"value\">Vad s\u00e1rgar\u00e9pa<br \/>\nA Daucus carota gyakran l\u00e1that\u00f3 az utak sz\u00e9l\u00e9n. Ennek a k\u00e9t\u00e9ves n\u00f6v\u00e9nynek mad\u00e1rf\u00e9szekre eml\u00e9keztet\u0151 erny\u0151s vir\u00e1gai vannak, ami szint\u00e9n az egyik gyakori neve. A s\u00e1rgar\u00e9pa illat\u00fa vir\u00e1gok ehet\u0151k, \u00e9s sokf\u00e9le madarat \u00e9s rovart vonzanak. K\u00f6zvetlen\u00fcl a megfelel\u0151 helyre vess\u00fck, mivel nem szeretik, ha \u00e1t\u00fcltetik \u0151ket.<br \/>\nA n\u00f6v\u00e9ny csak az els\u0151 \u00e9vben alkot gy\u00f6k\u00e9rrendszert, a m\u00e1sodik \u00e9vben j\u00faniust\u00f3l okt\u00f3berig vir\u00e1gzik. A vad s\u00e1rgar\u00e9p\u00e1nak hideg id\u0151szakra van sz\u00fcks\u00e9ge a vir\u00e1gz\u00e1shoz.<br \/>\nN\u00e9lk\u00fcl\u00f6zhetetlen vir\u00e1gok k\u00f6rnyezet\u00fcnk n\u00f6v\u00e9ny- \u00e9s \u00e1llatvil\u00e1ga sz\u00e1m\u00e1ra.<\/span><\/p>\n<p>A csomag 0,1 gr magot tartalmaz<\/p>\n<p>&nbsp;<\/p>\n","protected":false},"featured_media":29122,"comment_status":"closed","ping_status":"closed","template":"","meta":[],"product_brand":[],"product_cat":[445],"product_tag":[],"class_list":{"0":"post-29121","1":"product","2":"type-product","3":"status-publish","4":"has-post-thumbnail","6":"product_cat-native-flowers-house-plants","8":"first","9":"instock","10":"taxable","11":"shipping-taxable","12":"purchasable","13":"product-type-simple"},"_links":{"self":[{"href":"https:\/\/chilimag.hu\/webshop\/wp-json\/wp\/v2\/product\/29121","targetHints":{"allow":["GET"]}}],"collection":[{"href":"https:\/\/chilimag.hu\/webshop\/wp-json\/wp\/v2\/product"}],"about":[{"href":"https:\/\/chilimag.hu\/webshop\/wp-json\/wp\/v2\/types\/product"}],"replies":[{"embeddable":true,"href":"https:\/\/chilimag.hu\/webshop\/wp-json\/wp\/v2\/comments?post=29121"}],"wp:featuredmedia":[{"embeddable":true,"href":"https:\/\/chilimag.hu\/webshop\/wp-json\/wp\/v2\/media\/29122"}],"wp:attachment":[{"href":"https:\/\/chilimag.hu\/webshop\/wp-json\/wp\/v2\/media?parent=29121"}],"wp:term":[{"taxonomy":"product_brand","embeddable":true,"href":"https:\/\/chilimag.hu\/webshop\/wp-json\/wp\/v2\/product_brand?post=29121"},{"taxonomy":"product_cat","embeddable":true,"href":"https:\/\/chilimag.hu\/webshop\/wp-json\/wp\/v2\/product_cat?post=29121"},{"taxonomy":"product_tag","embeddable":true,"href":"https:\/\/chilimag.hu\/webshop\/wp-json\/wp\/v2\/product_tag?post=29121"}],"curies":[{"name":"wp","href":"https:\/\/api.w.org\/{rel}","templated":true}]}}