{"id":29118,"date":"2024-02-07T19:52:26","date_gmt":"2024-02-07T19:52:26","guid":{"rendered":"https:\/\/chilimag.hu\/webshop\/?post_type=product&#038;p=29118"},"modified":"2026-02-22T12:56:37","modified_gmt":"2026-02-22T12:56:37","slug":"festo-pipiter-yellow-chamomile-bz-native-flowers-h","status":"publish","type":"product","link":"https:\/\/chilimag.hu\/webshop\/termek\/festo-pipiter-yellow-chamomile-bz-native-flowers-h\/","title":{"rendered":"Fest\u0151 pipit\u00e9r Yellow Chamomile Bz Native Flowers H"},"content":{"rendered":"","protected":false},"excerpt":{"rendered":"<p>Botanikai n\u00e9v:<span id=\"column_2_uc_product_details_ctl04_lbl_ff_desc2\" class=\"value\">Anthemis tinctoria<\/span><\/p>\n<p><span id=\"column_2_uc_product_details_ctl04_lbl_ff_desc2\" class=\"value\">S\u00e1rga kamilla<br \/>\nA s\u00e1rga kamilla term\u00e9szetesen el\u0151fordul az utak sz\u00e9l\u00e9n \u00e9s a homokos s\u00edks\u00e1gokon. \u00c9l\u00e9nk s\u00e1rga, sz\u00e1zszorsz\u00e9pszer\u0171 vir\u00e1gair\u00f3l ismerhet\u0151 fel. A s\u00e1rga kamilla, vagy az aranymargar\u00e9ta vadon term\u0151 n\u00f6v\u00e9nyfaj, \u00e9s gyeng\u00e9bb talajban is j\u00f3l fejl\u0151dik. A vir\u00e1gok sok m\u00e9het vonzanak, \u00e9s gy\u00f3gyhat\u00e1s\u00faak. Egy s\u00e1rga fest\u00e9k lehet<br \/>\nkivonj\u00e1k a n\u00f6v\u00e9nyb\u0151l. Ny\u00edlt talajba, napos helyre vetve. Vir\u00e1gz\u00e1si id\u0151szak j\u00faniust\u00f3l okt\u00f3berig.<br \/>\nN\u00e9lk\u00fcl\u00f6zhetetlen vir\u00e1gok k\u00f6rnyezet\u00fcnk n\u00f6v\u00e9ny- \u00e9s \u00e1llatvil\u00e1ga sz\u00e1m\u00e1ra.<\/span><\/p>\n<p>&nbsp;<\/p>\n","protected":false},"featured_media":29119,"comment_status":"closed","ping_status":"closed","template":"","meta":[],"product_brand":[],"product_cat":[445],"product_tag":[],"class_list":{"0":"post-29118","1":"product","2":"type-product","3":"status-publish","4":"has-post-thumbnail","6":"product_cat-native-flowers-house-plants","8":"first","9":"outofstock","10":"taxable","11":"shipping-taxable","12":"purchasable","13":"product-type-simple"},"_links":{"self":[{"href":"https:\/\/chilimag.hu\/webshop\/wp-json\/wp\/v2\/product\/29118","targetHints":{"allow":["GET"]}}],"collection":[{"href":"https:\/\/chilimag.hu\/webshop\/wp-json\/wp\/v2\/product"}],"about":[{"href":"https:\/\/chilimag.hu\/webshop\/wp-json\/wp\/v2\/types\/product"}],"replies":[{"embeddable":true,"href":"https:\/\/chilimag.hu\/webshop\/wp-json\/wp\/v2\/comments?post=29118"}],"wp:featuredmedia":[{"embeddable":true,"href":"https:\/\/chilimag.hu\/webshop\/wp-json\/wp\/v2\/media\/29119"}],"wp:attachment":[{"href":"https:\/\/chilimag.hu\/webshop\/wp-json\/wp\/v2\/media?parent=29118"}],"wp:term":[{"taxonomy":"product_brand","embeddable":true,"href":"https:\/\/chilimag.hu\/webshop\/wp-json\/wp\/v2\/product_brand?post=29118"},{"taxonomy":"product_cat","embeddable":true,"href":"https:\/\/chilimag.hu\/webshop\/wp-json\/wp\/v2\/product_cat?post=29118"},{"taxonomy":"product_tag","embeddable":true,"href":"https:\/\/chilimag.hu\/webshop\/wp-json\/wp\/v2\/product_tag?post=29118"}],"curies":[{"name":"wp","href":"https:\/\/api.w.org\/{rel}","templated":true}]}}