{"id":29112,"date":"2024-02-07T19:43:07","date_gmt":"2024-02-07T19:43:07","guid":{"rendered":"https:\/\/chilimag.hu\/webshop\/?post_type=product&#038;p=29112"},"modified":"2026-03-18T07:04:26","modified_gmt":"2026-03-18T07:04:26","slug":"evelo-toll-borzfu-fountain-grass-bz-ornamental-grasses-h","status":"publish","type":"product","link":"https:\/\/chilimag.hu\/webshop\/termek\/evelo-toll-borzfu-fountain-grass-bz-ornamental-grasses-h\/","title":{"rendered":"\u00c9vel\u0151 toll borzf\u0171 Fountain Grass Bz Ornamental Grasses H"},"content":{"rendered":"","protected":false},"excerpt":{"rendered":"<p>Botanikai n\u00e9v:<span id=\"column_2_uc_product_details_ctl04_lbl_ff_desc2\" class=\"value\">Pennisetum alopecuroides<\/span><\/p>\n<p><span id=\"column_2_uc_product_details_ctl04_lbl_ff_desc2\" class=\"value\">Fountain Grass<br \/>\nKompakt n\u00f6veked\u00e9s\u00e9r\u0151l \u00e9s hossz\u00fak\u00e1s, m\u00e9lyz\u00f6ld leveleir\u0151l ismerhet\u0151 fel. Augusztust\u00f3l szeptemberig gy\u00f6ny\u00f6r\u0171 aranybarna tollakat fejleszt. Gy\u00f6ny\u00f6r\u0171 s\u00f6v\u00e9nyk\u00e9nt vagy teraszon cser\u00e9pben.<br \/>\nM\u00e1rcius v\u00e9g\u00e9t\u0151l 15-20 C\u00b0-os termeszt\u0151dobozba, vagy k\u00e9s\u0151bb az \u00e9v folyam\u00e1n szabadon, mag\u00e1gyba vetni. Enyh\u00e9n takarja le, \u00e9s ne hagyja, hogy a talaj kisz\u00e1radjon. Kis csoportokban sz\u00farjuk ki a n\u00f6v\u00e9nyeket, amint a pal\u00e1nt\u00e1k megfelel\u0151 gy\u00f6keret fejlesztenek. Ezut\u00e1n \u00fcltess\u00fck \u0151ket egy nagyobb cser\u00e9pbe vagy k\u00f6zvetlen\u00fcl a rendeltet\u00e9si hely\u00fckre. A f\u00fcvek szeretik a j\u00f3 v\u00edzelvezet\u00e9s\u0171 talajt; elker\u00fclje, hogy t\u00e9len t\u00fal nedves legyen.<br \/>\n\u200b<\/span><\/p>\n<p>&nbsp;<\/p>\n","protected":false},"featured_media":29113,"comment_status":"closed","ping_status":"closed","template":"","meta":[],"product_brand":[],"product_cat":[441],"product_tag":[],"class_list":{"0":"post-29112","1":"product","2":"type-product","3":"status-publish","4":"has-post-thumbnail","6":"product_cat-ornamental-collection-grasses","8":"first","9":"outofstock","10":"taxable","11":"shipping-taxable","12":"purchasable","13":"product-type-simple"},"_links":{"self":[{"href":"https:\/\/chilimag.hu\/webshop\/wp-json\/wp\/v2\/product\/29112","targetHints":{"allow":["GET"]}}],"collection":[{"href":"https:\/\/chilimag.hu\/webshop\/wp-json\/wp\/v2\/product"}],"about":[{"href":"https:\/\/chilimag.hu\/webshop\/wp-json\/wp\/v2\/types\/product"}],"replies":[{"embeddable":true,"href":"https:\/\/chilimag.hu\/webshop\/wp-json\/wp\/v2\/comments?post=29112"}],"wp:featuredmedia":[{"embeddable":true,"href":"https:\/\/chilimag.hu\/webshop\/wp-json\/wp\/v2\/media\/29113"}],"wp:attachment":[{"href":"https:\/\/chilimag.hu\/webshop\/wp-json\/wp\/v2\/media?parent=29112"}],"wp:term":[{"taxonomy":"product_brand","embeddable":true,"href":"https:\/\/chilimag.hu\/webshop\/wp-json\/wp\/v2\/product_brand?post=29112"},{"taxonomy":"product_cat","embeddable":true,"href":"https:\/\/chilimag.hu\/webshop\/wp-json\/wp\/v2\/product_cat?post=29112"},{"taxonomy":"product_tag","embeddable":true,"href":"https:\/\/chilimag.hu\/webshop\/wp-json\/wp\/v2\/product_tag?post=29112"}],"curies":[{"name":"wp","href":"https:\/\/api.w.org\/{rel}","templated":true}]}}