{"id":29108,"date":"2024-02-07T19:37:31","date_gmt":"2024-02-07T19:37:31","guid":{"rendered":"https:\/\/chilimag.hu\/webshop\/?post_type=product&#038;p=29108"},"modified":"2024-02-07T19:38:18","modified_gmt":"2024-02-07T19:38:18","slug":"bronzszinu-sas-bronco-bz-ornamental-grasses-h","status":"publish","type":"product","link":"https:\/\/chilimag.hu\/webshop\/termek\/bronzszinu-sas-bronco-bz-ornamental-grasses-h\/","title":{"rendered":"Bronzszin\u0171 s\u00e1s Bronco Bz Ornamental Grasses H"},"content":{"rendered":"","protected":false},"excerpt":{"rendered":"<p>Botanikai n\u00e9v:<span id=\"column_2_uc_product_details_ctl04_lbl_ff_desc2\" class=\"value\">Carex comans<\/span><\/p>\n<p><span id=\"column_2_uc_product_details_ctl04_lbl_ff_desc2\" class=\"value\">B\u0151rlevel\u0171 s\u00e1s &#8211; Bronco<br \/>\nA Bronco s\u0171r\u0171 csom\u00f3t alkot felt\u0171n\u0151 bronz\/v\u00f6r\u00f6sesbarna levelekkel, amelyek kiv\u00e1l\u00f3an \u00e9kes\u00edthetik kertj\u00e9t. M\u00e1just\u00f3l j\u00faniusig vir\u00e1gzik, gy\u00f6ny\u00f6r\u0171 barna sz\u00e1lkakkal.<br \/>\nM\u00e1rcius v\u00e9g\u00e9t\u0151l 15-20 C\u00b0-os termeszt\u0151dobozba, vagy k\u00e9s\u0151bb az \u00e9v folyam\u00e1n szabadon, mag\u00e1gyba vetni. Enyh\u00e9n fedje le, \u00e9s ne hagyja, hogy a talaj kisz\u00e1radjon. Kis csoportokban sz\u00farja ki a n\u00f6v\u00e9nyeket, amint a pal\u00e1nt\u00e1k kell\u0151en meggy\u00f6keresedtek. Ezut\u00e1n \u00fcltess\u00fck \u0151ket egy nagyobb cser\u00e9pbe vagy k\u00f6zvetlen\u00fcl a rendeltet\u00e9si hely\u00fckre. A f\u00fcvek szeretik a j\u00f3 v\u00edzelvezet\u00e9s\u0171 talajt; elker\u00fclje, hogy t\u00e9len t\u00fal nedves legyen.<\/span><\/p>\n<p>&nbsp;<\/p>\n","protected":false},"featured_media":29109,"comment_status":"closed","ping_status":"closed","template":"","meta":[],"product_brand":[],"product_cat":[441],"product_tag":[],"class_list":{"0":"post-29108","1":"product","2":"type-product","3":"status-publish","4":"has-post-thumbnail","6":"product_cat-ornamental-collection-grasses","8":"first","9":"instock","10":"taxable","11":"shipping-taxable","12":"purchasable","13":"product-type-simple"},"_links":{"self":[{"href":"https:\/\/chilimag.hu\/webshop\/wp-json\/wp\/v2\/product\/29108","targetHints":{"allow":["GET"]}}],"collection":[{"href":"https:\/\/chilimag.hu\/webshop\/wp-json\/wp\/v2\/product"}],"about":[{"href":"https:\/\/chilimag.hu\/webshop\/wp-json\/wp\/v2\/types\/product"}],"replies":[{"embeddable":true,"href":"https:\/\/chilimag.hu\/webshop\/wp-json\/wp\/v2\/comments?post=29108"}],"wp:featuredmedia":[{"embeddable":true,"href":"https:\/\/chilimag.hu\/webshop\/wp-json\/wp\/v2\/media\/29109"}],"wp:attachment":[{"href":"https:\/\/chilimag.hu\/webshop\/wp-json\/wp\/v2\/media?parent=29108"}],"wp:term":[{"taxonomy":"product_brand","embeddable":true,"href":"https:\/\/chilimag.hu\/webshop\/wp-json\/wp\/v2\/product_brand?post=29108"},{"taxonomy":"product_cat","embeddable":true,"href":"https:\/\/chilimag.hu\/webshop\/wp-json\/wp\/v2\/product_cat?post=29108"},{"taxonomy":"product_tag","embeddable":true,"href":"https:\/\/chilimag.hu\/webshop\/wp-json\/wp\/v2\/product_tag?post=29108"}],"curies":[{"name":"wp","href":"https:\/\/api.w.org\/{rel}","templated":true}]}}