{"id":29070,"date":"2024-02-06T20:14:53","date_gmt":"2024-02-06T20:14:53","guid":{"rendered":"https:\/\/chilimag.hu\/webshop\/?post_type=product&#038;p=29070"},"modified":"2024-08-05T17:47:01","modified_gmt":"2024-08-05T17:47:01","slug":"mexikoi-tollfu-ponytails-bz-ornamental-grasses-h","status":"publish","type":"product","link":"https:\/\/chilimag.hu\/webshop\/termek\/mexikoi-tollfu-ponytails-bz-ornamental-grasses-h\/","title":{"rendered":"Mexik\u00f3i t\u00f3llf\u0171 Ponytails Bz Ornamental Grasses H"},"content":{"rendered":"","protected":false},"excerpt":{"rendered":"<p><img fetchpriority=\"high\" decoding=\"async\" class=\"attachment-medium size-medium\" src=\"https:\/\/purchasingpowerplus.com\/wp-content\/uploads\/2021\/05\/Buzzy-Logo-300x239.jpg\" sizes=\"(max-width: 300px) 100vw, 300px\" srcset=\"https:\/\/purchasingpowerplus.com\/wp-content\/uploads\/2021\/05\/Buzzy-Logo-300x239.jpg 300w, https:\/\/purchasingpowerplus.com\/wp-content\/uploads\/2021\/05\/Buzzy-Logo-768x612.jpg 768w, https:\/\/purchasingpowerplus.com\/wp-content\/uploads\/2021\/05\/Buzzy-Logo-1024x816.jpg 1024w, https:\/\/purchasingpowerplus.com\/wp-content\/uploads\/2021\/05\/Buzzy-Logo.jpg 1500w\" alt=\"\" width=\"300\" height=\"239\" \/><\/p>\n<p>Botanikai n\u00e9v:<span id=\"column_2_uc_product_details_ctl04_lbl_ff_desc2\" class=\"value\">Stipa tenuissima<\/span><\/p>\n<p><span id=\"column_2_uc_product_details_ctl04_lbl_ff_desc2\" class=\"value\">Mexik\u00f3i tollf\u0171 &#8211; P\u00f3nifark\u00fa<br \/>\nA levelek z\u00f6ldek \u00e9s nagyon keskenyek, \u00edgy \u00fagy n\u00e9znek ki, mint a l\u00f3farok. A feh\u00e9r vir\u00e1gsz\u00e1lak m\u00e1just\u00f3l augusztusig fejl\u0151dnek.<br \/>\nM\u00e1rcius v\u00e9g\u00e9t\u0151l 15-20 C\u00b0-os termeszt\u0151dobozba, vagy k\u00e9s\u0151bb az \u00e9v folyam\u00e1n szabadon, mag\u00e1gyba vetni. Enyh\u00e9n fedje le, \u00e9s ne hagyja, hogy a talaj kisz\u00e1radjon. Kis csoportokban sz\u00farjuk ki a n\u00f6v\u00e9nyeket, amint a pal\u00e1nt\u00e1k megfelel\u0151 gy\u00f6keret fejlesztenek. Ezut\u00e1n \u00fcltess\u00fck \u0151ket egy nagyobb cser\u00e9pbe vagy k\u00f6zvetlen\u00fcl a rendeltet\u00e9si hely\u00fckre. A f\u00fcvek szeretik a j\u00f3 v\u00edzelvezet\u00e9s\u0171 talajt; elker\u00fclje, hogy t\u00e9len t\u00fal nedves legyen.<\/span><\/p>\n<p>A csomag 0,1 gr magot tartalmaz<\/p>\n<p>&nbsp;<\/p>\n","protected":false},"featured_media":29071,"comment_status":"closed","ping_status":"closed","template":"","meta":[],"product_brand":[],"product_cat":[441],"product_tag":[],"class_list":{"0":"post-29070","1":"product","2":"type-product","3":"status-publish","4":"has-post-thumbnail","6":"product_cat-ornamental-collection-grasses","8":"first","9":"instock","10":"taxable","11":"shipping-taxable","12":"purchasable","13":"product-type-simple"},"_links":{"self":[{"href":"https:\/\/chilimag.hu\/webshop\/wp-json\/wp\/v2\/product\/29070","targetHints":{"allow":["GET"]}}],"collection":[{"href":"https:\/\/chilimag.hu\/webshop\/wp-json\/wp\/v2\/product"}],"about":[{"href":"https:\/\/chilimag.hu\/webshop\/wp-json\/wp\/v2\/types\/product"}],"replies":[{"embeddable":true,"href":"https:\/\/chilimag.hu\/webshop\/wp-json\/wp\/v2\/comments?post=29070"}],"wp:featuredmedia":[{"embeddable":true,"href":"https:\/\/chilimag.hu\/webshop\/wp-json\/wp\/v2\/media\/29071"}],"wp:attachment":[{"href":"https:\/\/chilimag.hu\/webshop\/wp-json\/wp\/v2\/media?parent=29070"}],"wp:term":[{"taxonomy":"product_brand","embeddable":true,"href":"https:\/\/chilimag.hu\/webshop\/wp-json\/wp\/v2\/product_brand?post=29070"},{"taxonomy":"product_cat","embeddable":true,"href":"https:\/\/chilimag.hu\/webshop\/wp-json\/wp\/v2\/product_cat?post=29070"},{"taxonomy":"product_tag","embeddable":true,"href":"https:\/\/chilimag.hu\/webshop\/wp-json\/wp\/v2\/product_tag?post=29070"}],"curies":[{"name":"wp","href":"https:\/\/api.w.org\/{rel}","templated":true}]}}