{"id":29019,"date":"2024-02-06T19:05:07","date_gmt":"2024-02-06T19:05:07","guid":{"rendered":"https:\/\/chilimag.hu\/webshop\/?post_type=product&#038;p=29019"},"modified":"2026-01-06T14:49:40","modified_gmt":"2026-01-06T14:49:40","slug":"disznapraforgo-bz-sunny-flower-h","status":"publish","type":"product","link":"https:\/\/chilimag.hu\/webshop\/termek\/disznapraforgo-bz-sunny-flower-h\/","title":{"rendered":"D\u00edsznapraforg\u00f3  Ring of Fire Sunny Flowers Bz H"},"content":{"rendered":"","protected":false},"excerpt":{"rendered":"<p><img fetchpriority=\"high\" decoding=\"async\" class=\"attachment-medium size-medium\" src=\"https:\/\/purchasingpowerplus.com\/wp-content\/uploads\/2021\/05\/Buzzy-Logo-300x239.jpg\" sizes=\"(max-width: 300px) 100vw, 300px\" srcset=\"https:\/\/purchasingpowerplus.com\/wp-content\/uploads\/2021\/05\/Buzzy-Logo-300x239.jpg 300w, https:\/\/purchasingpowerplus.com\/wp-content\/uploads\/2021\/05\/Buzzy-Logo-768x612.jpg 768w, https:\/\/purchasingpowerplus.com\/wp-content\/uploads\/2021\/05\/Buzzy-Logo-1024x816.jpg 1024w, https:\/\/purchasingpowerplus.com\/wp-content\/uploads\/2021\/05\/Buzzy-Logo.jpg 1500w\" alt=\"\" width=\"300\" height=\"239\" \/><\/p>\n<p>Term\u00e9kle\u00edr\u00e1s<\/p>\n<p>Botanikai n\u00e9v:<span id=\"column_2_uc_product_details_ctl04_lbl_ff_desc2\" class=\"value\">Helianthus annuus<\/span><\/p>\n<p><span id=\"column_2_uc_product_details_ctl04_lbl_ff_desc2\" class=\"value\">Napraforg\u00f3 &#8211; T\u0171zgy\u0171r\u0171<br \/>\nM\u00e1rcius v\u00e9g\u00e9t\u0151l \u00e1prilis k\u00f6zep\u00e9ig vess\u00fck keretek al\u00e1, vagy \u00e1prilis k\u00f6zep\u00e9t\u0151l j\u00fanius k\u00f6zep\u00e9ig vet\u0151\u00e1gyba. 5\/6 h\u00e9t m\u00falva \u00e1t\u00fcltet\u00e9s.<br \/>\nEl\u00e1gaz\u00e1si szok\u00e1s, szeg\u00e9lyre \u00e9s fedez\u00e9sre kiv\u00e1l\u00f3. Szint\u00e9n hosszantart\u00f3 v\u00e1gott vir\u00e1g.<\/span><\/p>\n<p>&nbsp;<\/p>\n","protected":false},"featured_media":29020,"comment_status":"closed","ping_status":"closed","template":"","meta":[],"product_brand":[],"product_cat":[446],"product_tag":[],"class_list":{"0":"post-29019","1":"product","2":"type-product","3":"status-publish","4":"has-post-thumbnail","6":"product_cat-poppy-climbing-sunny-flowers","8":"first","9":"outofstock","10":"taxable","11":"shipping-taxable","12":"purchasable","13":"product-type-simple"},"_links":{"self":[{"href":"https:\/\/chilimag.hu\/webshop\/wp-json\/wp\/v2\/product\/29019","targetHints":{"allow":["GET"]}}],"collection":[{"href":"https:\/\/chilimag.hu\/webshop\/wp-json\/wp\/v2\/product"}],"about":[{"href":"https:\/\/chilimag.hu\/webshop\/wp-json\/wp\/v2\/types\/product"}],"replies":[{"embeddable":true,"href":"https:\/\/chilimag.hu\/webshop\/wp-json\/wp\/v2\/comments?post=29019"}],"wp:featuredmedia":[{"embeddable":true,"href":"https:\/\/chilimag.hu\/webshop\/wp-json\/wp\/v2\/media\/29020"}],"wp:attachment":[{"href":"https:\/\/chilimag.hu\/webshop\/wp-json\/wp\/v2\/media?parent=29019"}],"wp:term":[{"taxonomy":"product_brand","embeddable":true,"href":"https:\/\/chilimag.hu\/webshop\/wp-json\/wp\/v2\/product_brand?post=29019"},{"taxonomy":"product_cat","embeddable":true,"href":"https:\/\/chilimag.hu\/webshop\/wp-json\/wp\/v2\/product_cat?post=29019"},{"taxonomy":"product_tag","embeddable":true,"href":"https:\/\/chilimag.hu\/webshop\/wp-json\/wp\/v2\/product_tag?post=29019"}],"curies":[{"name":"wp","href":"https:\/\/api.w.org\/{rel}","templated":true}]}}