{"id":29016,"date":"2024-02-06T19:00:44","date_gmt":"2024-02-06T19:00:44","guid":{"rendered":"https:\/\/chilimag.hu\/webshop\/?post_type=product&#038;p=29016"},"modified":"2026-03-21T09:13:32","modified_gmt":"2026-03-21T09:13:32","slug":"jalapeno-m-bz-xotica-h","status":"publish","type":"product","link":"https:\/\/chilimag.hu\/webshop\/termek\/jalapeno-m-bz-xotica-h\/","title":{"rendered":"Paprika Jalapeno M Bz Xotica H"},"content":{"rendered":"","protected":false},"excerpt":{"rendered":"<p><img fetchpriority=\"high\" decoding=\"async\" class=\"attachment-medium size-medium\" src=\"https:\/\/purchasingpowerplus.com\/wp-content\/uploads\/2021\/05\/Buzzy-Logo-300x239.jpg\" sizes=\"(max-width: 300px) 100vw, 300px\" srcset=\"https:\/\/purchasingpowerplus.com\/wp-content\/uploads\/2021\/05\/Buzzy-Logo-300x239.jpg 300w, https:\/\/purchasingpowerplus.com\/wp-content\/uploads\/2021\/05\/Buzzy-Logo-768x612.jpg 768w, https:\/\/purchasingpowerplus.com\/wp-content\/uploads\/2021\/05\/Buzzy-Logo-1024x816.jpg 1024w, https:\/\/purchasingpowerplus.com\/wp-content\/uploads\/2021\/05\/Buzzy-Logo.jpg 1500w\" alt=\"\" width=\"300\" height=\"239\" \/><\/p>\n<p>Botanikai n\u00e9v:Capsicum annuum<\/p>\n<p>mexik\u00f3i paprika &#8211; Jalape\u00f1o M<br \/>\nM\u00e1rciust\u00f3l vess\u00fck \u00fcveg al\u00e1 20\u00b0C-on vagy k\u00e9s\u0151bb hideg keretben. Sz\u00farja ki a pal\u00e1nt\u00e1kat, \u00e9s \u00fcltesse cser\u00e9pbe belt\u00e9ri vagy \u00fcvegh\u00e1zban t\u00f6rt\u00e9n\u0151 termeszt\u00e9shez.<br \/>\nA paprika cs\u00edp\u0151s, \u00e9s j\u00f3l haszn\u00e1lhat\u00f3 a mexik\u00f3i f\u0151z\u00e9shez, p\u00e9ld\u00e1ul a Tac\u00f3hoz vagy a t\u00f6lt\u00f6tt paprik\u00e1s \u00e9telekhez. Erk\u00e9lyen vagy teraszon d\u00edszn\u00f6v\u00e9nyk\u00e9nt is haszn\u00e1lhat\u00f3.<\/p>\n<p>A csomag 2,5 gr magot tartalmaz<\/p>\n","protected":false},"featured_media":29017,"comment_status":"closed","ping_status":"closed","template":"","meta":[],"product_brand":[],"product_cat":[440],"product_tag":[],"class_list":{"0":"post-29016","1":"product","2":"type-product","3":"status-publish","4":"has-post-thumbnail","6":"product_cat-xotica-collection","8":"first","9":"instock","10":"taxable","11":"shipping-taxable","12":"purchasable","13":"product-type-simple"},"_links":{"self":[{"href":"https:\/\/chilimag.hu\/webshop\/wp-json\/wp\/v2\/product\/29016","targetHints":{"allow":["GET"]}}],"collection":[{"href":"https:\/\/chilimag.hu\/webshop\/wp-json\/wp\/v2\/product"}],"about":[{"href":"https:\/\/chilimag.hu\/webshop\/wp-json\/wp\/v2\/types\/product"}],"replies":[{"embeddable":true,"href":"https:\/\/chilimag.hu\/webshop\/wp-json\/wp\/v2\/comments?post=29016"}],"wp:featuredmedia":[{"embeddable":true,"href":"https:\/\/chilimag.hu\/webshop\/wp-json\/wp\/v2\/media\/29017"}],"wp:attachment":[{"href":"https:\/\/chilimag.hu\/webshop\/wp-json\/wp\/v2\/media?parent=29016"}],"wp:term":[{"taxonomy":"product_brand","embeddable":true,"href":"https:\/\/chilimag.hu\/webshop\/wp-json\/wp\/v2\/product_brand?post=29016"},{"taxonomy":"product_cat","embeddable":true,"href":"https:\/\/chilimag.hu\/webshop\/wp-json\/wp\/v2\/product_cat?post=29016"},{"taxonomy":"product_tag","embeddable":true,"href":"https:\/\/chilimag.hu\/webshop\/wp-json\/wp\/v2\/product_tag?post=29016"}],"curies":[{"name":"wp","href":"https:\/\/api.w.org\/{rel}","templated":true}]}}