{"id":29014,"date":"2024-02-06T18:51:49","date_gmt":"2024-02-06T18:51:49","guid":{"rendered":"https:\/\/chilimag.hu\/webshop\/?post_type=product&#038;p=29014"},"modified":"2026-02-03T18:32:28","modified_gmt":"2026-02-03T18:32:28","slug":"foldimogyoro-bz-h","status":"publish","type":"product","link":"https:\/\/chilimag.hu\/webshop\/termek\/foldimogyoro-bz-h\/","title":{"rendered":"F\u00f6ldimogyor\u00f3 Bz Xotica H"},"content":{"rendered":"","protected":false},"excerpt":{"rendered":"<p>Botanikai N\u00e9v:\u00a0<span id=\"column_2_uc_product_details_ctl04_lbl_ff_desc2\" class=\"value\">Arachis hypogaea<\/span><\/p>\n<p>A Buzzy mini szapor\u00edt\u00f3 f\u00f6ldimogyor\u00f3 egy sz\u00e9p termeszt\u0151k\u00e9szlet saj\u00e1t f\u00f6ldimogyor\u00f3 n\u00f6v\u00e9ny termeszt\u00e9s\u00e9hez.<br \/>\nMini \u00fcvegh\u00e1z termeszt\u0151 blokkal, magcsomaggal \u00e9s ed\u00e9nnyel.<br \/>\nBel\u00fcl vet\u00e9s 20\u00b0C h\u0151m\u00e9rs\u00e9kleten<\/p>\n","protected":false},"featured_media":29015,"comment_status":"closed","ping_status":"closed","template":"","meta":[],"product_brand":[],"product_cat":[421,440],"product_tag":[],"class_list":{"0":"post-29014","1":"product","2":"type-product","3":"status-publish","4":"has-post-thumbnail","6":"product_cat-gyerek-kerteszet","7":"product_cat-xotica-collection","9":"first","10":"instock","11":"taxable","12":"shipping-taxable","13":"purchasable","14":"product-type-simple"},"_links":{"self":[{"href":"https:\/\/chilimag.hu\/webshop\/wp-json\/wp\/v2\/product\/29014","targetHints":{"allow":["GET"]}}],"collection":[{"href":"https:\/\/chilimag.hu\/webshop\/wp-json\/wp\/v2\/product"}],"about":[{"href":"https:\/\/chilimag.hu\/webshop\/wp-json\/wp\/v2\/types\/product"}],"replies":[{"embeddable":true,"href":"https:\/\/chilimag.hu\/webshop\/wp-json\/wp\/v2\/comments?post=29014"}],"wp:featuredmedia":[{"embeddable":true,"href":"https:\/\/chilimag.hu\/webshop\/wp-json\/wp\/v2\/media\/29015"}],"wp:attachment":[{"href":"https:\/\/chilimag.hu\/webshop\/wp-json\/wp\/v2\/media?parent=29014"}],"wp:term":[{"taxonomy":"product_brand","embeddable":true,"href":"https:\/\/chilimag.hu\/webshop\/wp-json\/wp\/v2\/product_brand?post=29014"},{"taxonomy":"product_cat","embeddable":true,"href":"https:\/\/chilimag.hu\/webshop\/wp-json\/wp\/v2\/product_cat?post=29014"},{"taxonomy":"product_tag","embeddable":true,"href":"https:\/\/chilimag.hu\/webshop\/wp-json\/wp\/v2\/product_tag?post=29014"}],"curies":[{"name":"wp","href":"https:\/\/api.w.org\/{rel}","templated":true}]}}