{"id":28987,"date":"2024-02-06T18:14:24","date_gmt":"2024-02-06T18:14:24","guid":{"rendered":"https:\/\/chilimag.hu\/webshop\/?post_type=product&#038;p=28987"},"modified":"2024-07-30T09:03:04","modified_gmt":"2024-07-30T09:03:04","slug":"paradicsom-dattolime-f1-bz-h","status":"publish","type":"product","link":"https:\/\/chilimag.hu\/webshop\/termek\/paradicsom-dattolime-f1-bz-h\/","title":{"rendered":"Paradicsom Dattolime F1 Bz H"},"content":{"rendered":"","protected":false},"excerpt":{"rendered":"<p><img fetchpriority=\"high\" decoding=\"async\" class=\"attachment-medium size-medium\" src=\"https:\/\/purchasingpowerplus.com\/wp-content\/uploads\/2021\/05\/Buzzy-Logo-300x239.jpg\" sizes=\"(max-width: 300px) 100vw, 300px\" srcset=\"https:\/\/purchasingpowerplus.com\/wp-content\/uploads\/2021\/05\/Buzzy-Logo-300x239.jpg 300w, https:\/\/purchasingpowerplus.com\/wp-content\/uploads\/2021\/05\/Buzzy-Logo-768x612.jpg 768w, https:\/\/purchasingpowerplus.com\/wp-content\/uploads\/2021\/05\/Buzzy-Logo-1024x816.jpg 1024w, https:\/\/purchasingpowerplus.com\/wp-content\/uploads\/2021\/05\/Buzzy-Logo.jpg 1500w\" alt=\"\" width=\"300\" height=\"239\" \/><\/p>\n<p>Botanikai n\u00e9v: Solanum Lycopersicum<\/p>\n<p>Snack paradicsom &#8211; Dattolime F1<br \/>\nBelt\u00e9ri vet\u00e9s febru\u00e1r v\u00e9g\u00e9t\u0151l m\u00e1jusig. Amint a pal\u00e1nt\u00e1k el\u00e9g nagyok, \u00fcltess\u00fck \u00e1t \u00fcvegh\u00e1zba vagy meleg, v\u00e9dett helyre. A Dattolim egy<br \/>\nrendk\u00edv\u00fcl \u00e9des uzsonnaparadicsom egyedi feh\u00e9r-s\u00e1rga sz\u00edn\u0171 \u00e9s kellemes \u00edz\u0171. Ez a fajta nagyon term\u0151, \u00e9s a sok miatt er\u0151s term\u00e9st ad<br \/>\nbetegs\u00e9gekkel szembeni rezisztenci\u00e1k.<\/p>\n<p>A csomag kb 8 szem magot tartalmaz<\/p>\n<p>&nbsp;<\/p>\n","protected":false},"featured_media":28988,"comment_status":"closed","ping_status":"closed","template":"","meta":[],"product_brand":[],"product_cat":[439],"product_tag":[],"class_list":{"0":"post-28987","1":"product","2":"type-product","3":"status-publish","4":"has-post-thumbnail","6":"product_cat-buzzy","8":"first","9":"instock","10":"taxable","11":"shipping-taxable","12":"purchasable","13":"product-type-simple"},"_links":{"self":[{"href":"https:\/\/chilimag.hu\/webshop\/wp-json\/wp\/v2\/product\/28987","targetHints":{"allow":["GET"]}}],"collection":[{"href":"https:\/\/chilimag.hu\/webshop\/wp-json\/wp\/v2\/product"}],"about":[{"href":"https:\/\/chilimag.hu\/webshop\/wp-json\/wp\/v2\/types\/product"}],"replies":[{"embeddable":true,"href":"https:\/\/chilimag.hu\/webshop\/wp-json\/wp\/v2\/comments?post=28987"}],"wp:featuredmedia":[{"embeddable":true,"href":"https:\/\/chilimag.hu\/webshop\/wp-json\/wp\/v2\/media\/28988"}],"wp:attachment":[{"href":"https:\/\/chilimag.hu\/webshop\/wp-json\/wp\/v2\/media?parent=28987"}],"wp:term":[{"taxonomy":"product_brand","embeddable":true,"href":"https:\/\/chilimag.hu\/webshop\/wp-json\/wp\/v2\/product_brand?post=28987"},{"taxonomy":"product_cat","embeddable":true,"href":"https:\/\/chilimag.hu\/webshop\/wp-json\/wp\/v2\/product_cat?post=28987"},{"taxonomy":"product_tag","embeddable":true,"href":"https:\/\/chilimag.hu\/webshop\/wp-json\/wp\/v2\/product_tag?post=28987"}],"curies":[{"name":"wp","href":"https:\/\/api.w.org\/{rel}","templated":true}]}}