{"id":28959,"date":"2024-02-06T13:51:53","date_gmt":"2024-02-06T13:51:53","guid":{"rendered":"https:\/\/chilimag.hu\/webshop\/?post_type=product&#038;p=28959"},"modified":"2026-02-27T17:23:05","modified_gmt":"2026-02-27T17:23:05","slug":"sogo-mini-uveghaz-h","status":"publish","type":"product","link":"https:\/\/chilimag.hu\/webshop\/termek\/sogo-mini-uveghaz-h\/","title":{"rendered":"Sogo mini \u00fcvegh\u00e1z H"},"content":{"rendered":"","protected":false},"excerpt":{"rendered":"<p>Ez a massz\u00edv \u00fcvegh\u00e1z t\u00f6k\u00e9letes mindazok sz\u00e1m\u00e1ra, akik belt\u00e9rben szeretn\u00e9nek vetni vagy termeszteni! A n\u00f6vekv\u0151 tet\u0151 k\u00e9t szell\u0151z\u0151ny\u00edl\u00e1ssal rendelkezik, amelyek nyithat\u00f3k \u00e9s z\u00e1rhat\u00f3k, hogy optim\u00e1lis kl\u00edm\u00e1t teremtsenek a pal\u00e1nt\u00e1k \u00e9s a dugv\u00e1nyok sz\u00e1m\u00e1ra.<br \/>\n* \u00dajrafelhaszn\u00e1lhat\u00f3<br \/>\n* Er\u0151s<\/p>\n<p>M\u00e9ret:<span id=\"column_2_uc_product_details_ctl04_lbl_ff_desc9\" class=\"value\">19x38x24cm<\/span><\/p>\n","protected":false},"featured_media":28960,"comment_status":"closed","ping_status":"closed","template":"","meta":[],"product_brand":[],"product_cat":[336],"product_tag":[],"class_list":{"0":"post-28959","1":"product","2":"type-product","3":"status-publish","4":"has-post-thumbnail","6":"product_cat-vetotalcak-ulteto-cserepek-es-palanta-nevelok","8":"first","9":"instock","10":"taxable","11":"shipping-taxable","12":"purchasable","13":"product-type-simple"},"_links":{"self":[{"href":"https:\/\/chilimag.hu\/webshop\/wp-json\/wp\/v2\/product\/28959","targetHints":{"allow":["GET"]}}],"collection":[{"href":"https:\/\/chilimag.hu\/webshop\/wp-json\/wp\/v2\/product"}],"about":[{"href":"https:\/\/chilimag.hu\/webshop\/wp-json\/wp\/v2\/types\/product"}],"replies":[{"embeddable":true,"href":"https:\/\/chilimag.hu\/webshop\/wp-json\/wp\/v2\/comments?post=28959"}],"wp:featuredmedia":[{"embeddable":true,"href":"https:\/\/chilimag.hu\/webshop\/wp-json\/wp\/v2\/media\/28960"}],"wp:attachment":[{"href":"https:\/\/chilimag.hu\/webshop\/wp-json\/wp\/v2\/media?parent=28959"}],"wp:term":[{"taxonomy":"product_brand","embeddable":true,"href":"https:\/\/chilimag.hu\/webshop\/wp-json\/wp\/v2\/product_brand?post=28959"},{"taxonomy":"product_cat","embeddable":true,"href":"https:\/\/chilimag.hu\/webshop\/wp-json\/wp\/v2\/product_cat?post=28959"},{"taxonomy":"product_tag","embeddable":true,"href":"https:\/\/chilimag.hu\/webshop\/wp-json\/wp\/v2\/product_tag?post=28959"}],"curies":[{"name":"wp","href":"https:\/\/api.w.org\/{rel}","templated":true}]}}