{"id":28872,"date":"2024-02-04T10:51:00","date_gmt":"2024-02-04T10:51:00","guid":{"rendered":"https:\/\/chilimag.hu\/webshop\/?post_type=product&#038;p=28872"},"modified":"2024-08-11T14:25:57","modified_gmt":"2024-08-11T14:25:57","slug":"substral-naturen-rovar-elleni-szer-pumpas-075l-sl","status":"publish","type":"product","link":"https:\/\/chilimag.hu\/webshop\/termek\/substral-naturen-rovar-elleni-szer-pumpas-075l-sl\/","title":{"rendered":"Substral Naturen Rovar elleni szer pump\u00e1s 0,75l SL"},"content":{"rendered":"","protected":false},"excerpt":{"rendered":"<p>T\u00f6bb rovar elleni, n\u00f6v\u00e9ny\u00e1pol\u00f3 szer<br \/>\n100%-ban term\u00e9szetes. Belt\u00e9ri \u00e9s kerti haszn\u00e1latra k\u00fcl\u00f6nb\u00f6z\u0151 n\u00f6v\u00e9nyeket k\u00e1ros\u00edt\u00f3 rovarok \u00e9s atk\u00e1k lek\u00fczd\u00e9s\u00e9re: lev\u00e9ltetvek, pajzstetvek, lisztet\u0171k (gyapj\u00fatetvek), tak\u00e1csatk\u00e1k, \u00fcvegh\u00e1zatk\u00e1k stb. K\u00e1rtev\u0151k k\u00fcl\u00f6nb\u00f6z\u0151 \u00e9letszakaszaira hat: toj\u00e1sok, l\u00e1rv\u00e1k, b\u00e1bok . V\u00e9kony filmr\u00e9teget k\u00e9pez, amely megakad\u00e1lyozza a rovarok l\u00e9gz\u00e9s\u00e9t \u00e9s fejl\u0151d\u00e9s\u00e9t. A n\u00f6v\u00e9nyek m\u00e1r aznap felhaszn\u00e1lhat\u00f3k t\u00e1pl\u00e1l\u00e9kk\u00e9nt.<br \/>\nHaszn\u00e1lat:<br \/>\nHaszn\u00e1latra k\u00e9sz m\u0171k\u00f6d\u0151 megold\u00e1s. K\u00f6zvetlen \u00e9rintkez\u00e9ssel m\u0171k\u00f6dik.<br \/>\n\u00d3vatosan permetezzen oda, ahol rovarokat \u00e9szlel, k\u00fcl\u00f6n\u00f6sen a levelek als\u00f3 r\u00e9sz\u00e9t, ker\u00fclje a vir\u00e1gbimb\u00f3kra permetez\u00e9st.<br \/>\nA permetez\u00e9st 7-10 nap m\u00falva megism\u00e9telj\u00fck. Maximum 3 egym\u00e1st k\u00f6vet\u0151 permetez\u00e9s.<br \/>\nJavasolt felhaszn\u00e1l\u00e1si id\u0151 &#8211; reggel vagy este, soha ne tegye ki k\u00f6zvetlen er\u0151s napf\u00e9nynek \u00e9s 25\u00b0C feletti h\u0151m\u00e9rs\u00e9kleten.<br \/>\nAz els\u0151 haszn\u00e1lat el\u0151tt tesztelje le egy vagy k\u00e9t level\u00e9t, mivel egyes n\u00f6v\u00e9nyek \u00e9rz\u00e9kenyebbek lehetnek. \u00c9rdemes vigy\u00e1zni a sz\u0151r\u00f6s levelekkel is, mint a s\u00e4ntpulia stb.<br \/>\nA n\u00f6v\u00e9nyek m\u00e1r aznap (12 \u00f3ra) felhaszn\u00e1lhat\u00f3k \u00e9tkez\u00e9sre.<br \/>\nV\u00e9gezzen megel\u0151z\u0151 k\u00e1rtev\u0151irt\u00e1st szoban\u00f6v\u00e9nyein\u00e9l tavasszal, a teny\u00e9szid\u0151szak elej\u00e9n \u00e9s t\u00e9l el\u0151tt. Amikor j\u00f6nnek a h\u0171v\u00f6s \u00e9jszak\u00e1k, egyes lev\u00e9ltetvek \u00e9s m\u00e1sok egy nyitott ablakon kereszt\u00fcl jutnak be a szob\u00e1ba. \u00dcgyeljen arra, hogy alaposan ellen\u0151rizze a n\u00f6v\u00e9nyeket, \u00e9s \u0151sszel v\u00e9gezzen 1-2 permetez\u00e9st, amikor beviszi a &#8222;nyal\u00f3kat&#8221; a szob\u00e1ba.<br \/>\n\u00d6sszet\u00e9tel: 16,9 g\/l repceolaj vizes oldata. A term\u00e9k biztons\u00e1gos az emberekre \u00e9s a k\u00f6rnyezetre. Nem n\u00f6v\u00e9nyv\u00e9d\u0151 szer.<br \/>\nKiszerel\u00e9s: 750 ml.<\/p>\n<p>Substral m\u00e1rka<br \/>\n\u0170rtartalom 0,75 l<br \/>\nC\u00e9l K\u00e1rtev\u0151irt\u00e1s<br \/>\nKiszerel\u00e9s 0,75 l<\/p>\n","protected":false},"featured_media":28873,"comment_status":"closed","ping_status":"closed","template":"","meta":[],"product_brand":[],"product_cat":[391],"product_tag":[],"class_list":{"0":"post-28872","1":"product","2":"type-product","3":"status-publish","4":"has-post-thumbnail","6":"product_cat-egyeb-tapoldatok","8":"first","9":"instock","10":"taxable","11":"shipping-taxable","12":"purchasable","13":"product-type-simple"},"_links":{"self":[{"href":"https:\/\/chilimag.hu\/webshop\/wp-json\/wp\/v2\/product\/28872","targetHints":{"allow":["GET"]}}],"collection":[{"href":"https:\/\/chilimag.hu\/webshop\/wp-json\/wp\/v2\/product"}],"about":[{"href":"https:\/\/chilimag.hu\/webshop\/wp-json\/wp\/v2\/types\/product"}],"replies":[{"embeddable":true,"href":"https:\/\/chilimag.hu\/webshop\/wp-json\/wp\/v2\/comments?post=28872"}],"wp:featuredmedia":[{"embeddable":true,"href":"https:\/\/chilimag.hu\/webshop\/wp-json\/wp\/v2\/media\/28873"}],"wp:attachment":[{"href":"https:\/\/chilimag.hu\/webshop\/wp-json\/wp\/v2\/media?parent=28872"}],"wp:term":[{"taxonomy":"product_brand","embeddable":true,"href":"https:\/\/chilimag.hu\/webshop\/wp-json\/wp\/v2\/product_brand?post=28872"},{"taxonomy":"product_cat","embeddable":true,"href":"https:\/\/chilimag.hu\/webshop\/wp-json\/wp\/v2\/product_cat?post=28872"},{"taxonomy":"product_tag","embeddable":true,"href":"https:\/\/chilimag.hu\/webshop\/wp-json\/wp\/v2\/product_tag?post=28872"}],"curies":[{"name":"wp","href":"https:\/\/api.w.org\/{rel}","templated":true}]}}