{"id":28868,"date":"2024-02-04T10:42:08","date_gmt":"2024-02-04T10:42:08","guid":{"rendered":"https:\/\/chilimag.hu\/webshop\/?post_type=product&#038;p=28868"},"modified":"2026-05-08T13:30:49","modified_gmt":"2026-05-08T13:30:49","slug":"szerves-komposzt-tobbcelu-10l-sl","status":"publish","type":"product","link":"https:\/\/chilimag.hu\/webshop\/termek\/szerves-komposzt-tobbcelu-10l-sl\/","title":{"rendered":"Szerves Komposzt Univerz\u00e1lis 10L SL"},"content":{"rendered":"","protected":false},"excerpt":{"rendered":"<p>SZERVES KOMPOSZT<br \/>\nT\u00d6BBC\u00c9L\u00da<br \/>\nT\u0151zegl\u00e1p \u00e9s szarvasmarha tr\u00e1gya t\u00f6bbc\u00e9l\u00fa kever\u00e9ke a hajt\u00e1sok \u00fajratelep\u00edt\u00e9s\u00e9hez, kerti \u00e9s \u00fcvegh\u00e1zi z\u00f6lds\u00e9gek, vir\u00e1gok \u00e9s egy\u00e9b szoban\u00f6v\u00e9nyek, d\u00edszn\u00f6v\u00e9nyek, bogy\u00f3s bokrok \u00e9s gy\u00fcm\u00f6lcsf\u00e1k termeszt\u00e9s\u00e9hez \u00e9s \u00fajratelep\u00edt\u00e9s\u00e9hez, temet\u0151k rendez\u00e9s\u00e9hez, t\u00e1jrendez\u00e9shez \u00e9s telep\u00edt\u00e9shez, f\u00e9ny-, ill. neh\u00e9z talajszerkezet.<br \/>\n\u00d6sszet\u00e9tel: 70% mocs\u00e1ri t\u0151zeg, 30% szarvasmarha tr\u00e1gya komposzt, dolomit homok 6kg\/m\u00b3<\/p>\n<p style=\"font-weight: 400;\">\u00d6sszet\u00e9tel: t\u0151zeg \u00e9s szarvasmarha tr\u00e1gya univerz\u00e1lis kever\u00e9ke pal\u00e1nt\u00e1k \u00e1t\u00fcltet\u00e9s\u00e9re, k\u00fclt\u00e9ri \u00e9s \u00fcvegh\u00e1zak z\u00f6lds\u00e9gek, vir\u00e1gok \u00e9s egy\u00e9b szoban\u00f6v\u00e9nyek, d\u00edszn\u00f6v\u00e9nyek,. bogy\u00f3s gy\u00fcm\u00f6lcs\u00f6k, bokrok, gy\u00fcm\u00f6lcsf\u00e1k, termeszt\u00e9s\u00e9re \u00e9s \u00e1t\u00fcltet\u00e9s\u00e9hez, s\u00edrok kezel\u00e9s\u00e9re, az \u00fcltetv\u00e9nyek k\u00f6rnyezet\u00e9nek kezel\u00e9s\u00e9re, \u00fajra telep\u00edt\u00e9s\u00e9re, k\u00f6nny\u0171 \u00e9s neh\u00e9z talajok szerkezet\u00e9nek jav\u00edt\u00e1s\u00e1ra.<\/p>\n<p style=\"font-weight: 400;\">Felhaszn\u00e1l\u00e1si javaslat: pal\u00e1nt\u00e1k \u00fcvegh\u00e1zban vagy szabadba \u00fcltet\u00e9sekor az \u00fcltet\u0151g\u00f6d\u00f6rbe \u00f6nts\u00fcnk komposztot b\u0151ven \u00e9s a n\u00f6v\u00e9ny k\u00f6r\u00fcl enyh\u00e9n t\u00f6m\u00f6r\u00edts\u00fck a f\u00f6ldet. Szoban\u00f6v\u00e9nyek \u00fcltet\u00e9sekor vagy \u00e1t\u00fcltet\u00e9sekor a cser\u00e9p alj\u00e1ba duzzasztott agyagot vagy kavicsot 2.3 cm es v\u00edzelvezet\u0151 r\u00e9teget kell tenni, komposztot tenni a n\u00f6v\u00e9nyt \u00e1t \u00fcltetni \u00e9s t\u00f6m\u00f6r\u00edteni a f\u00f6ldet.\u00a0 Bogy\u00f3s bokrok, ribizke, egres stb \u00e9s gy\u00fcm\u00f6lcsf\u00e1k \u00fcltet\u00e9sekor az \u00fcltet\u0151g\u00f6d\u00f6rbe \u00f6nts\u00fcnk komposztot b\u0151ven \u00e9s a n\u00f6v\u00e9ny k\u00f6r\u00fcl enyh\u00e9n nyomkodjuk meg.<\/p>\n<p style=\"font-weight: 400;\">\u00a0A pal\u00e1nt\u00e1k ki\u00fcltet\u00e9sekor szint\u00e9n sz\u00f3rjuk meg b\u0151ven a komposzttal \u00e9s ut\u00e1na mehet bele a \u00a0pal\u00e1nta, ut\u00e1na locsoljuk.<\/p>\n<p style=\"font-weight: 400;\">F\u0151bb \u00f6sszetev\u0151k: hegyvid\u00e9ki, t\u0151zeg (70%), komposzt( marha) (20%), homok, dolomitliszt.<\/p>\n<p style=\"font-weight: 400;\">\u00d6sszetev\u0151k: szerves anyag-23%, p\u00e1ratartalom-legfeljebb 70%, reakci\u00f3 (pH)-5,5-7,0, elektromos vezet\u0151k\u00e9pess\u00e9g (ECmS\/cm)-0,5-1, \u00f6sszes nitrog\u00e9n (N)-0,3%, \u00f6sszes foszfor )P,\u00a7)-0,1%, \u00f6sszes k\u00e1lium (KO)-0,08%<\/p>\n<p>Biohumus &amp; Soil m\u00e1rka<br \/>\nT\u00e9rfogat t\u00f6lt\u00e9skor 10 l<br \/>\nC\u00e9l z\u00f6lds\u00e9gekhez, Univerz\u00e1lis, Szoban\u00f6v\u00e9nyekhez, Pal\u00e1nt\u00e1khoz, Vir\u00e1gokhoz<br \/>\nKiszerel\u00e9s 10l<\/p>\n","protected":false},"featured_media":28869,"comment_status":"closed","ping_status":"closed","template":"","meta":[],"product_brand":[],"product_cat":[371],"product_tag":[],"class_list":{"0":"post-28868","1":"product","2":"type-product","3":"status-publish","4":"has-post-thumbnail","6":"product_cat-seklos-lt-tozegek","8":"first","9":"instock","10":"taxable","11":"shipping-taxable","12":"purchasable","13":"product-type-simple"},"_links":{"self":[{"href":"https:\/\/chilimag.hu\/webshop\/wp-json\/wp\/v2\/product\/28868","targetHints":{"allow":["GET"]}}],"collection":[{"href":"https:\/\/chilimag.hu\/webshop\/wp-json\/wp\/v2\/product"}],"about":[{"href":"https:\/\/chilimag.hu\/webshop\/wp-json\/wp\/v2\/types\/product"}],"replies":[{"embeddable":true,"href":"https:\/\/chilimag.hu\/webshop\/wp-json\/wp\/v2\/comments?post=28868"}],"wp:featuredmedia":[{"embeddable":true,"href":"https:\/\/chilimag.hu\/webshop\/wp-json\/wp\/v2\/media\/28869"}],"wp:attachment":[{"href":"https:\/\/chilimag.hu\/webshop\/wp-json\/wp\/v2\/media?parent=28868"}],"wp:term":[{"taxonomy":"product_brand","embeddable":true,"href":"https:\/\/chilimag.hu\/webshop\/wp-json\/wp\/v2\/product_brand?post=28868"},{"taxonomy":"product_cat","embeddable":true,"href":"https:\/\/chilimag.hu\/webshop\/wp-json\/wp\/v2\/product_cat?post=28868"},{"taxonomy":"product_tag","embeddable":true,"href":"https:\/\/chilimag.hu\/webshop\/wp-json\/wp\/v2\/product_tag?post=28868"}],"curies":[{"name":"wp","href":"https:\/\/api.w.org\/{rel}","templated":true}]}}