{"id":28859,"date":"2024-02-04T10:23:30","date_gmt":"2024-02-04T10:23:30","guid":{"rendered":"https:\/\/chilimag.hu\/webshop\/?post_type=product&#038;p=28859"},"modified":"2024-06-29T18:44:59","modified_gmt":"2024-06-29T18:44:59","slug":"szerves-komposzt-tobcelu-5l-sl","status":"publish","type":"product","link":"https:\/\/chilimag.hu\/webshop\/termek\/szerves-komposzt-tobcelu-5l-sl\/","title":{"rendered":"Szerves Komposzt univerz\u00e1lis 5L SL"},"content":{"rendered":"","protected":false},"excerpt":{"rendered":"<p>SZERVES KOMPOSZT<br \/>\nT\u00d6BBC\u00c9L\u00da<br \/>\nT\u0151zegl\u00e1p \u00e9s szarvasmarha tr\u00e1gya t\u00f6bbc\u00e9l\u00fa kever\u00e9ke a hajt\u00e1sok \u00fajratelep\u00edt\u00e9s\u00e9hez, kerti \u00e9s \u00fcvegh\u00e1zi z\u00f6lds\u00e9gek, vir\u00e1gok \u00e9s egy\u00e9b szoban\u00f6v\u00e9nyek, d\u00edszn\u00f6v\u00e9nyek, bogy\u00f3s bokrok \u00e9s gy\u00fcm\u00f6lcsf\u00e1k termeszt\u00e9s\u00e9hez \u00e9s \u00fajratelep\u00edt\u00e9s\u00e9hez, temet\u0151k rendez\u00e9s\u00e9hez, t\u00e1jrendez\u00e9shez \u00e9s telep\u00edt\u00e9shez, f\u00e9ny-, ill. neh\u00e9z talajszerkezet.<br \/>\n\u00d6sszet\u00e9tel: 70% mocs\u00e1ri t\u0151zeg, 30% szarvasmarha tr\u00e1gya komposzt, dolomit homok 6kg\/m\u00b3<\/p>\n<p>Biohumus &amp; Soil m\u00e1rka<br \/>\nT\u00e9rfogat t\u00f6lt\u00e9skor 5 l<br \/>\nC\u00e9l z\u00f6lds\u00e9gekhez, Univerz\u00e1lis, Szoban\u00f6v\u00e9nyekhez, Pal\u00e1nt\u00e1khoz, Vir\u00e1gokhoz<br \/>\nKiszerel\u00e9s 5l<\/p>\n","protected":false},"featured_media":28860,"comment_status":"closed","ping_status":"closed","template":"","meta":[],"product_brand":[],"product_cat":[371],"product_tag":[],"class_list":{"0":"post-28859","1":"product","2":"type-product","3":"status-publish","4":"has-post-thumbnail","6":"product_cat-seklos-lt-tozegek","8":"first","9":"instock","10":"taxable","11":"shipping-taxable","12":"purchasable","13":"product-type-simple"},"_links":{"self":[{"href":"https:\/\/chilimag.hu\/webshop\/wp-json\/wp\/v2\/product\/28859","targetHints":{"allow":["GET"]}}],"collection":[{"href":"https:\/\/chilimag.hu\/webshop\/wp-json\/wp\/v2\/product"}],"about":[{"href":"https:\/\/chilimag.hu\/webshop\/wp-json\/wp\/v2\/types\/product"}],"replies":[{"embeddable":true,"href":"https:\/\/chilimag.hu\/webshop\/wp-json\/wp\/v2\/comments?post=28859"}],"wp:featuredmedia":[{"embeddable":true,"href":"https:\/\/chilimag.hu\/webshop\/wp-json\/wp\/v2\/media\/28860"}],"wp:attachment":[{"href":"https:\/\/chilimag.hu\/webshop\/wp-json\/wp\/v2\/media?parent=28859"}],"wp:term":[{"taxonomy":"product_brand","embeddable":true,"href":"https:\/\/chilimag.hu\/webshop\/wp-json\/wp\/v2\/product_brand?post=28859"},{"taxonomy":"product_cat","embeddable":true,"href":"https:\/\/chilimag.hu\/webshop\/wp-json\/wp\/v2\/product_cat?post=28859"},{"taxonomy":"product_tag","embeddable":true,"href":"https:\/\/chilimag.hu\/webshop\/wp-json\/wp\/v2\/product_tag?post=28859"}],"curies":[{"name":"wp","href":"https:\/\/api.w.org\/{rel}","templated":true}]}}