{"id":28857,"date":"2024-02-04T10:14:28","date_gmt":"2024-02-04T10:14:28","guid":{"rendered":"https:\/\/chilimag.hu\/webshop\/?post_type=product&#038;p=28857"},"modified":"2024-02-04T10:14:28","modified_gmt":"2024-02-04T10:14:28","slug":"farmer-kerti-koteny-gt156","status":"publish","type":"product","link":"https:\/\/chilimag.hu\/webshop\/termek\/farmer-kerti-koteny-gt156\/","title":{"rendered":"Farmer kerti k\u00f6t\u00e9ny GT156"},"content":{"rendered":"","protected":false},"excerpt":{"rendered":"<p>Kerti szersz\u00e1mos k\u00f6t\u00e9ny, divatos farmer, k\u00e9k szinten, b\u0151rbet\u00e9ttel.<br \/>\nM\u00e9retei magass\u00e1ga 97 cm, sz\u00e9less\u00e9ge 65 cm.<\/p>\n","protected":false},"featured_media":28858,"comment_status":"closed","ping_status":"closed","template":"","meta":[],"product_brand":[],"product_cat":[448],"product_tag":[],"class_list":{"0":"post-28857","1":"product","2":"type-product","3":"status-publish","4":"has-post-thumbnail","6":"product_cat-kerti-ruhazat-es-kiegeszitok","8":"first","9":"instock","10":"taxable","11":"shipping-taxable","12":"purchasable","13":"product-type-simple"},"_links":{"self":[{"href":"https:\/\/chilimag.hu\/webshop\/wp-json\/wp\/v2\/product\/28857","targetHints":{"allow":["GET"]}}],"collection":[{"href":"https:\/\/chilimag.hu\/webshop\/wp-json\/wp\/v2\/product"}],"about":[{"href":"https:\/\/chilimag.hu\/webshop\/wp-json\/wp\/v2\/types\/product"}],"replies":[{"embeddable":true,"href":"https:\/\/chilimag.hu\/webshop\/wp-json\/wp\/v2\/comments?post=28857"}],"wp:featuredmedia":[{"embeddable":true,"href":"https:\/\/chilimag.hu\/webshop\/wp-json\/wp\/v2\/media\/28858"}],"wp:attachment":[{"href":"https:\/\/chilimag.hu\/webshop\/wp-json\/wp\/v2\/media?parent=28857"}],"wp:term":[{"taxonomy":"product_brand","embeddable":true,"href":"https:\/\/chilimag.hu\/webshop\/wp-json\/wp\/v2\/product_brand?post=28857"},{"taxonomy":"product_cat","embeddable":true,"href":"https:\/\/chilimag.hu\/webshop\/wp-json\/wp\/v2\/product_cat?post=28857"},{"taxonomy":"product_tag","embeddable":true,"href":"https:\/\/chilimag.hu\/webshop\/wp-json\/wp\/v2\/product_tag?post=28857"}],"curies":[{"name":"wp","href":"https:\/\/api.w.org\/{rel}","templated":true}]}}