{"id":28853,"date":"2024-02-04T10:11:17","date_gmt":"2024-02-04T10:11:17","guid":{"rendered":"https:\/\/chilimag.hu\/webshop\/?post_type=product&#038;p=28853"},"modified":"2026-02-01T15:03:38","modified_gmt":"2026-02-01T15:03:38","slug":"kerti-koteny-farmers-pride-fp013","status":"publish","type":"product","link":"https:\/\/chilimag.hu\/webshop\/termek\/kerti-koteny-farmers-pride-fp013\/","title":{"rendered":"Kerti k\u00f6t\u00e9ny Farmers pride (FP013)"},"content":{"rendered":"","protected":false},"excerpt":{"rendered":"<p>Kerti k\u00f6t\u00e9ny Farmers\u2019 Pride felirattal. Jutafonalb\u00f3l k\u00e9sz\u00fclt sz\u00f6vet anyag\u00fa kerti kieg\u00e9sz\u00edt\u0151, m\u0171anyag, \u00e1ll\u00edthat\u00f3 csattal.<\/p>\n<p>M\u00e9retei: sz\u00e9less\u00e9g: 46 cm, magass\u00e1g: 74 cm<\/p>\n","protected":false},"featured_media":28854,"comment_status":"closed","ping_status":"closed","template":"","meta":[],"product_brand":[],"product_cat":[448],"product_tag":[],"class_list":{"0":"post-28853","1":"product","2":"type-product","3":"status-publish","4":"has-post-thumbnail","6":"product_cat-kerti-ruhazat-es-kiegeszitok","8":"first","9":"instock","10":"taxable","11":"shipping-taxable","12":"purchasable","13":"product-type-simple"},"_links":{"self":[{"href":"https:\/\/chilimag.hu\/webshop\/wp-json\/wp\/v2\/product\/28853","targetHints":{"allow":["GET"]}}],"collection":[{"href":"https:\/\/chilimag.hu\/webshop\/wp-json\/wp\/v2\/product"}],"about":[{"href":"https:\/\/chilimag.hu\/webshop\/wp-json\/wp\/v2\/types\/product"}],"replies":[{"embeddable":true,"href":"https:\/\/chilimag.hu\/webshop\/wp-json\/wp\/v2\/comments?post=28853"}],"wp:featuredmedia":[{"embeddable":true,"href":"https:\/\/chilimag.hu\/webshop\/wp-json\/wp\/v2\/media\/28854"}],"wp:attachment":[{"href":"https:\/\/chilimag.hu\/webshop\/wp-json\/wp\/v2\/media?parent=28853"}],"wp:term":[{"taxonomy":"product_brand","embeddable":true,"href":"https:\/\/chilimag.hu\/webshop\/wp-json\/wp\/v2\/product_brand?post=28853"},{"taxonomy":"product_cat","embeddable":true,"href":"https:\/\/chilimag.hu\/webshop\/wp-json\/wp\/v2\/product_cat?post=28853"},{"taxonomy":"product_tag","embeddable":true,"href":"https:\/\/chilimag.hu\/webshop\/wp-json\/wp\/v2\/product_tag?post=28853"}],"curies":[{"name":"wp","href":"https:\/\/api.w.org\/{rel}","templated":true}]}}