{"id":28850,"date":"2024-02-04T10:08:33","date_gmt":"2024-02-04T10:08:33","guid":{"rendered":"https:\/\/chilimag.hu\/webshop\/?post_type=product&#038;p=28850"},"modified":"2024-02-04T10:08:33","modified_gmt":"2024-02-04T10:08:33","slug":"szerves-komposzt-viragoknak-20l-sl","status":"publish","type":"product","link":"https:\/\/chilimag.hu\/webshop\/termek\/szerves-komposzt-viragoknak-20l-sl\/","title":{"rendered":"Szerves Komposzt vir\u00e1goknak 20L SL"},"content":{"rendered":"","protected":false},"excerpt":{"rendered":"<p>SZERVES KOMPOSZT<br \/>\nVIR\u00c1GOKHOZ<br \/>\nT\u0151zegl\u00e1p \u00e9s szarvasmarha tr\u00e1gya t\u00f6bbc\u00e9l\u00fa kever\u00e9ke vir\u00e1gpal\u00e1nt\u00e1k szapor\u00edt\u00e1s\u00e1ra \u00e9s termeszt\u00e9s\u00e9re, vir\u00e1gok, z\u00f6ld \u00e9s egy\u00e9b szoban\u00f6v\u00e9nyek \u00fajratelep\u00edt\u00e9s\u00e9re \u00e9s termeszt\u00e9s\u00e9re, f\u00fcgg\u0151- \u00e9s k\u00fclt\u00e9ri kosarak, erk\u00e9lyt\u00e1lc\u00e1k, vir\u00e1g\u00e1gy\u00e1sok, vir\u00e1gos ter\u00fcletek \u00e9s sziklakertek kit\u00f6lt\u00e9s\u00e9re, k\u00f6nny\u0171 \u00e9s neh\u00e9z kertek jav\u00edt\u00e1s\u00e1ra talajszerkezet.<br \/>\n\u00d6sszet\u00e9tel: 70% mocs\u00e1ri t\u0151zeg, 30% szarvasmarha tr\u00e1gya komposzt, dolomit homok 6kg\/m\u00b3<\/p>\n<p>Biohumus &amp; Soil m\u00e1rka<br \/>\nT\u00e9rfogat t\u00f6lt\u00e9skor 20 l<br \/>\nC\u00e9l Szoban\u00f6v\u00e9nyekhez, Vir\u00e1gokhoz<br \/>\nKiszerel\u00e9s 20 l<\/p>\n","protected":false},"featured_media":28851,"comment_status":"closed","ping_status":"closed","template":"","meta":[],"product_brand":[],"product_cat":[371],"product_tag":[],"class_list":{"0":"post-28850","1":"product","2":"type-product","3":"status-publish","4":"has-post-thumbnail","6":"product_cat-seklos-lt-tozegek","8":"first","9":"instock","10":"taxable","11":"shipping-taxable","12":"purchasable","13":"product-type-simple"},"_links":{"self":[{"href":"https:\/\/chilimag.hu\/webshop\/wp-json\/wp\/v2\/product\/28850","targetHints":{"allow":["GET"]}}],"collection":[{"href":"https:\/\/chilimag.hu\/webshop\/wp-json\/wp\/v2\/product"}],"about":[{"href":"https:\/\/chilimag.hu\/webshop\/wp-json\/wp\/v2\/types\/product"}],"replies":[{"embeddable":true,"href":"https:\/\/chilimag.hu\/webshop\/wp-json\/wp\/v2\/comments?post=28850"}],"wp:featuredmedia":[{"embeddable":true,"href":"https:\/\/chilimag.hu\/webshop\/wp-json\/wp\/v2\/media\/28851"}],"wp:attachment":[{"href":"https:\/\/chilimag.hu\/webshop\/wp-json\/wp\/v2\/media?parent=28850"}],"wp:term":[{"taxonomy":"product_brand","embeddable":true,"href":"https:\/\/chilimag.hu\/webshop\/wp-json\/wp\/v2\/product_brand?post=28850"},{"taxonomy":"product_cat","embeddable":true,"href":"https:\/\/chilimag.hu\/webshop\/wp-json\/wp\/v2\/product_cat?post=28850"},{"taxonomy":"product_tag","embeddable":true,"href":"https:\/\/chilimag.hu\/webshop\/wp-json\/wp\/v2\/product_tag?post=28850"}],"curies":[{"name":"wp","href":"https:\/\/api.w.org\/{rel}","templated":true}]}}