{"id":28847,"date":"2024-02-04T10:03:01","date_gmt":"2024-02-04T10:03:01","guid":{"rendered":"https:\/\/chilimag.hu\/webshop\/?post_type=product&#038;p=28847"},"modified":"2025-06-15T16:42:30","modified_gmt":"2025-06-15T16:42:30","slug":"talaj-dracenaknak-yukkaknak-es-palmaknak-4l-agr-sl","status":"publish","type":"product","link":"https:\/\/chilimag.hu\/webshop\/termek\/talaj-dracenaknak-yukkaknak-es-palmaknak-4l-agr-sl\/","title":{"rendered":"Talaj Drac\u00e9n\u00e1knak, Yukk\u00e1knak \u00e9s P\u00e1lm\u00e1knak 4L AGR SL"},"content":{"rendered":"","protected":false},"excerpt":{"rendered":"<p>TALAJ DRACEN\u00c1KNAK, YUCC\u00c1KNAK \u00c9S P\u00c1LM\u00c1KRA<br \/>\nSpeci\u00e1lis, szerves \u00e9s \u00e1sv\u00e1nyi anyagokb\u00f3l professzion\u00e1lisan elk\u00e9sz\u00edtett, speci\u00e1lis formul\u00e1t k\u00f6vet\u00f5 talaj, amely alkalmas dracaen\u00e1k, jukk\u00e1k, p\u00e1lm\u00e1k \u00e9s egy\u00e9b leveles n\u00f6v\u00e9nyek termeszt\u00e9s\u00e9re, \u00fajra\u00fcltet\u00e9s\u00e9re, valamint az \u00fcltet\u00e9si talaj felt\u00f6lt\u00e9s\u00e9re, jav\u00edt\u00e1s\u00e1ra.<br \/>\n\u00d6sszet\u00e9tel: 25% t\u0151zeg H4-H6, 75% t\u0151zeg H10, m\u0171tr\u00e1gya NPK 14-16-18 0,5 kg\/m\u00b3, szerves tr\u00e1gya 2 kg\/m\u00b3, agyag 10 kg\/m\u00b3, gy\u00f6keres\u00edt\u0151 aktiv\u00e1tor 1 kg\/m\u00b3, m\u00e9szk\u0151 2,4 kg\/m\u00b3<\/p>\n<p>Agronom m\u00e1rka<br \/>\nT\u00e9rfogat t\u00f6lt\u00e9skor 4 l<br \/>\nC\u00e9l Szoban\u00f6v\u00e9nyekhez<br \/>\nKiszerel\u00e9s 4 l<\/p>\n","protected":false},"featured_media":28849,"comment_status":"closed","ping_status":"closed","template":"","meta":[],"product_brand":[],"product_cat":[371],"product_tag":[],"class_list":{"0":"post-28847","1":"product","2":"type-product","3":"status-publish","4":"has-post-thumbnail","6":"product_cat-seklos-lt-tozegek","8":"first","9":"instock","10":"taxable","11":"shipping-taxable","12":"purchasable","13":"product-type-simple"},"_links":{"self":[{"href":"https:\/\/chilimag.hu\/webshop\/wp-json\/wp\/v2\/product\/28847","targetHints":{"allow":["GET"]}}],"collection":[{"href":"https:\/\/chilimag.hu\/webshop\/wp-json\/wp\/v2\/product"}],"about":[{"href":"https:\/\/chilimag.hu\/webshop\/wp-json\/wp\/v2\/types\/product"}],"replies":[{"embeddable":true,"href":"https:\/\/chilimag.hu\/webshop\/wp-json\/wp\/v2\/comments?post=28847"}],"wp:featuredmedia":[{"embeddable":true,"href":"https:\/\/chilimag.hu\/webshop\/wp-json\/wp\/v2\/media\/28849"}],"wp:attachment":[{"href":"https:\/\/chilimag.hu\/webshop\/wp-json\/wp\/v2\/media?parent=28847"}],"wp:term":[{"taxonomy":"product_brand","embeddable":true,"href":"https:\/\/chilimag.hu\/webshop\/wp-json\/wp\/v2\/product_brand?post=28847"},{"taxonomy":"product_cat","embeddable":true,"href":"https:\/\/chilimag.hu\/webshop\/wp-json\/wp\/v2\/product_cat?post=28847"},{"taxonomy":"product_tag","embeddable":true,"href":"https:\/\/chilimag.hu\/webshop\/wp-json\/wp\/v2\/product_tag?post=28847"}],"curies":[{"name":"wp","href":"https:\/\/api.w.org\/{rel}","templated":true}]}}