{"id":28844,"date":"2024-02-04T09:56:55","date_gmt":"2024-02-04T09:56:55","guid":{"rendered":"https:\/\/chilimag.hu\/webshop\/?post_type=product&#038;p=28844"},"modified":"2026-02-20T13:46:20","modified_gmt":"2026-02-20T13:46:20","slug":"28844","status":"publish","type":"product","link":"https:\/\/chilimag.hu\/webshop\/termek\/28844\/","title":{"rendered":"Talaj kaktuszoknak \u00e9s pozsg\u00e1sn\u00f6v\u00e9nyeknek 4l AGR SL"},"content":{"rendered":"","protected":false},"excerpt":{"rendered":"<p>TALAJ KAKTUSZOKNAK \u00c9S POZSG\u00c1SN\u00d6V\u00c9NYEKNEK<br \/>\nSpeci\u00e1lis, szerves \u00e9s \u00e1sv\u00e1nyi anyagokb\u00f3l szakszer\u0171en el\u0151k\u00e9sz\u00edtett, speci\u00e1lis formul\u00e1t k\u00f6vetve kaktuszok \u00e9s pozsg\u00e1sok termeszt\u00e9s\u00e9re, \u00fajra\u00fcltet\u00e9s\u00e9re, az \u00fcltet\u0151talaj felt\u00f6lt\u00e9s\u00e9re, jav\u00edt\u00e1s\u00e1ra alkalmas speci\u00e1lis talaj.<br \/>\n\u00d6sszet\u00e9tel: 25% t\u0151zeg H4-H6, 75% t\u0151zeg H10, m\u0171tr\u00e1gya NPK 14-16-18 0,5 kg\/m\u00b3, szerves tr\u00e1gya 2 kg\/m\u00b3, gy\u00f6keres\u00edt\u0151 aktiv\u00e1tor 1 kg\/m\u00b3, m\u00e9szk\u0151 2,4 kg\/m\u00b3, homok, expand\u00e1lt 25 kg\/m\u00b3 agyag 17kg\/m\u00b3, agyag 10kg\/m\u00b3<\/p>\n<p>Agronom m\u00e1rka<br \/>\nT\u00e9rfogat t\u00f6lt\u00e9skor 4 l<br \/>\nC\u00e9l Szoban\u00f6v\u00e9nyekhez<br \/>\nKiszerel\u00e9s 4 l<\/p>\n","protected":false},"featured_media":28845,"comment_status":"closed","ping_status":"closed","template":"","meta":[],"product_brand":[],"product_cat":[371],"product_tag":[],"class_list":{"0":"post-28844","1":"product","2":"type-product","3":"status-publish","4":"has-post-thumbnail","6":"product_cat-seklos-lt-tozegek","8":"first","9":"instock","10":"taxable","11":"shipping-taxable","12":"purchasable","13":"product-type-simple"},"_links":{"self":[{"href":"https:\/\/chilimag.hu\/webshop\/wp-json\/wp\/v2\/product\/28844","targetHints":{"allow":["GET"]}}],"collection":[{"href":"https:\/\/chilimag.hu\/webshop\/wp-json\/wp\/v2\/product"}],"about":[{"href":"https:\/\/chilimag.hu\/webshop\/wp-json\/wp\/v2\/types\/product"}],"replies":[{"embeddable":true,"href":"https:\/\/chilimag.hu\/webshop\/wp-json\/wp\/v2\/comments?post=28844"}],"wp:featuredmedia":[{"embeddable":true,"href":"https:\/\/chilimag.hu\/webshop\/wp-json\/wp\/v2\/media\/28845"}],"wp:attachment":[{"href":"https:\/\/chilimag.hu\/webshop\/wp-json\/wp\/v2\/media?parent=28844"}],"wp:term":[{"taxonomy":"product_brand","embeddable":true,"href":"https:\/\/chilimag.hu\/webshop\/wp-json\/wp\/v2\/product_brand?post=28844"},{"taxonomy":"product_cat","embeddable":true,"href":"https:\/\/chilimag.hu\/webshop\/wp-json\/wp\/v2\/product_cat?post=28844"},{"taxonomy":"product_tag","embeddable":true,"href":"https:\/\/chilimag.hu\/webshop\/wp-json\/wp\/v2\/product_tag?post=28844"}],"curies":[{"name":"wp","href":"https:\/\/api.w.org\/{rel}","templated":true}]}}