{"id":28841,"date":"2024-02-04T09:52:17","date_gmt":"2024-02-04T09:52:17","guid":{"rendered":"https:\/\/chilimag.hu\/webshop\/?post_type=product&#038;p=28841"},"modified":"2026-04-15T11:21:38","modified_gmt":"2026-04-15T11:21:38","slug":"talaj-orchideaknak-4l-agr-sl","status":"publish","type":"product","link":"https:\/\/chilimag.hu\/webshop\/termek\/talaj-orchideaknak-4l-agr-sl\/","title":{"rendered":"Talaj orchide\u00e1knak 4L AGR SL"},"content":{"rendered":"","protected":false},"excerpt":{"rendered":"<p>TALAJ ORCHIDE\u00c1KNAK<br \/>\nSpeci\u00e1lis, szerves \u00e9s \u00e1sv\u00e1nyi anyagokb\u00f3l professzion\u00e1lisan el\u0151k\u00e9sz\u00edtett, speci\u00e1lis formul\u00e1t k\u00f6vet\u0151 talaj, alkalmas orchide\u00e1k \u00e9s egy\u00e9b epifit\u00e1k termeszt\u00e9s\u00e9re, \u00fajratelep\u00edt\u00e9s\u00e9re, valamint az \u00fcltet\u0151talaj felt\u00f6lt\u00e9s\u00e9re.<br \/>\n\u00d6sszet\u00e9tel: 25% t\u0151zeg H4-H6, 75% k\u00e9reg, szerves tr\u00e1gya 2kg\/m\u00b3, gy\u00f6keres\u00edt\u0151 aktiv\u00e1tor 1kg\/m\u00b3, duzzasztott agyag 17kg\/m\u00b3<\/p>\n<p>Agronom m\u00e1rka<br \/>\nT\u00e9rfogat t\u00f6lt\u00e9skor 4 l<br \/>\nFelhaszn\u00e1l\u00e1s Szoban\u00f6v\u00e9nyekhez, Orchide\u00e1khoz<br \/>\nKiszerel\u00e9s 4 l<\/p>\n","protected":false},"featured_media":28842,"comment_status":"closed","ping_status":"closed","template":"","meta":[],"product_brand":[],"product_cat":[371],"product_tag":[],"class_list":{"0":"post-28841","1":"product","2":"type-product","3":"status-publish","4":"has-post-thumbnail","6":"product_cat-seklos-lt-tozegek","8":"first","9":"instock","10":"taxable","11":"shipping-taxable","12":"purchasable","13":"product-type-simple"},"_links":{"self":[{"href":"https:\/\/chilimag.hu\/webshop\/wp-json\/wp\/v2\/product\/28841","targetHints":{"allow":["GET"]}}],"collection":[{"href":"https:\/\/chilimag.hu\/webshop\/wp-json\/wp\/v2\/product"}],"about":[{"href":"https:\/\/chilimag.hu\/webshop\/wp-json\/wp\/v2\/types\/product"}],"replies":[{"embeddable":true,"href":"https:\/\/chilimag.hu\/webshop\/wp-json\/wp\/v2\/comments?post=28841"}],"wp:featuredmedia":[{"embeddable":true,"href":"https:\/\/chilimag.hu\/webshop\/wp-json\/wp\/v2\/media\/28842"}],"wp:attachment":[{"href":"https:\/\/chilimag.hu\/webshop\/wp-json\/wp\/v2\/media?parent=28841"}],"wp:term":[{"taxonomy":"product_brand","embeddable":true,"href":"https:\/\/chilimag.hu\/webshop\/wp-json\/wp\/v2\/product_brand?post=28841"},{"taxonomy":"product_cat","embeddable":true,"href":"https:\/\/chilimag.hu\/webshop\/wp-json\/wp\/v2\/product_cat?post=28841"},{"taxonomy":"product_tag","embeddable":true,"href":"https:\/\/chilimag.hu\/webshop\/wp-json\/wp\/v2\/product_tag?post=28841"}],"curies":[{"name":"wp","href":"https:\/\/api.w.org\/{rel}","templated":true}]}}