{"id":28825,"date":"2024-02-04T06:44:50","date_gmt":"2024-02-04T06:44:50","guid":{"rendered":"https:\/\/chilimag.hu\/webshop\/?post_type=product&#038;p=28825"},"modified":"2024-11-28T16:46:28","modified_gmt":"2024-11-28T16:46:28","slug":"kerti-koteny-gt06","status":"publish","type":"product","link":"https:\/\/chilimag.hu\/webshop\/termek\/kerti-koteny-gt06\/","title":{"rendered":"Kerti k\u00f6t\u00e9ny GT06"},"content":{"rendered":"","protected":false},"excerpt":{"rendered":"<p>R\u00f6vid kerti szersz\u00e1mos k\u00f6t\u00e9ny, nagy zsebekkel, melyek seg\u00edtenek a kerti szersz\u00e1mok t\u00e1rol\u00e1s\u00e1ban.<br \/>\nDivatos z\u00f6ld-barna sz\u00ednben h\u00edmz\u00e9ssel.<br \/>\nA term\u00e9ket szersz\u00e1mok n\u00e9lk\u0171l sz\u00e1ll\u00edtjuk.<br \/>\nM\u00e9rete magass\u00e1ga 58 cm, sz\u00e9less\u00e9ge 48 cm,<\/p>\n","protected":false},"featured_media":28828,"comment_status":"closed","ping_status":"closed","template":"","meta":[],"product_brand":[],"product_cat":[448],"product_tag":[],"class_list":{"0":"post-28825","1":"product","2":"type-product","3":"status-publish","4":"has-post-thumbnail","6":"product_cat-kerti-ruhazat-es-kiegeszitok","8":"first","9":"instock","10":"taxable","11":"shipping-taxable","12":"purchasable","13":"product-type-simple"},"_links":{"self":[{"href":"https:\/\/chilimag.hu\/webshop\/wp-json\/wp\/v2\/product\/28825","targetHints":{"allow":["GET"]}}],"collection":[{"href":"https:\/\/chilimag.hu\/webshop\/wp-json\/wp\/v2\/product"}],"about":[{"href":"https:\/\/chilimag.hu\/webshop\/wp-json\/wp\/v2\/types\/product"}],"replies":[{"embeddable":true,"href":"https:\/\/chilimag.hu\/webshop\/wp-json\/wp\/v2\/comments?post=28825"}],"wp:featuredmedia":[{"embeddable":true,"href":"https:\/\/chilimag.hu\/webshop\/wp-json\/wp\/v2\/media\/28828"}],"wp:attachment":[{"href":"https:\/\/chilimag.hu\/webshop\/wp-json\/wp\/v2\/media?parent=28825"}],"wp:term":[{"taxonomy":"product_brand","embeddable":true,"href":"https:\/\/chilimag.hu\/webshop\/wp-json\/wp\/v2\/product_brand?post=28825"},{"taxonomy":"product_cat","embeddable":true,"href":"https:\/\/chilimag.hu\/webshop\/wp-json\/wp\/v2\/product_cat?post=28825"},{"taxonomy":"product_tag","embeddable":true,"href":"https:\/\/chilimag.hu\/webshop\/wp-json\/wp\/v2\/product_tag?post=28825"}],"curies":[{"name":"wp","href":"https:\/\/api.w.org\/{rel}","templated":true}]}}