{"id":28823,"date":"2024-02-04T06:40:40","date_gmt":"2024-02-04T06:40:40","guid":{"rendered":"https:\/\/chilimag.hu\/webshop\/?post_type=product&#038;p=28823"},"modified":"2024-02-04T06:57:56","modified_gmt":"2024-02-04T06:57:56","slug":"kerti-koteny-szurke-gt86","status":"publish","type":"product","link":"https:\/\/chilimag.hu\/webshop\/termek\/kerti-koteny-szurke-gt86\/","title":{"rendered":"Kerti k\u00f6t\u00e9ny sz\u00fcrke GT86"},"content":{"rendered":"","protected":false},"excerpt":{"rendered":"<p>Kerti szersz\u00e1mos k\u00f6t\u00e9ny nagy zsebekkel, mely seg\u00edt a szersz\u00e1mok t\u00e1rol\u00e1s\u00e1ra.<br \/>\nDivatos z\u00f6ld sz\u00fcrke sz\u00ednben, h\u00edmz\u00e9ssel.<br \/>\nM\u00e9retei magass\u00e1ga 58 cm, sz\u00e9less\u00e9ge 48 cm,<\/p>\n","protected":false},"featured_media":28829,"comment_status":"closed","ping_status":"closed","template":"","meta":[],"product_brand":[],"product_cat":[448],"product_tag":[],"class_list":{"0":"post-28823","1":"product","2":"type-product","3":"status-publish","4":"has-post-thumbnail","6":"product_cat-kerti-ruhazat-es-kiegeszitok","8":"first","9":"instock","10":"taxable","11":"shipping-taxable","12":"purchasable","13":"product-type-simple"},"_links":{"self":[{"href":"https:\/\/chilimag.hu\/webshop\/wp-json\/wp\/v2\/product\/28823","targetHints":{"allow":["GET"]}}],"collection":[{"href":"https:\/\/chilimag.hu\/webshop\/wp-json\/wp\/v2\/product"}],"about":[{"href":"https:\/\/chilimag.hu\/webshop\/wp-json\/wp\/v2\/types\/product"}],"replies":[{"embeddable":true,"href":"https:\/\/chilimag.hu\/webshop\/wp-json\/wp\/v2\/comments?post=28823"}],"wp:featuredmedia":[{"embeddable":true,"href":"https:\/\/chilimag.hu\/webshop\/wp-json\/wp\/v2\/media\/28829"}],"wp:attachment":[{"href":"https:\/\/chilimag.hu\/webshop\/wp-json\/wp\/v2\/media?parent=28823"}],"wp:term":[{"taxonomy":"product_brand","embeddable":true,"href":"https:\/\/chilimag.hu\/webshop\/wp-json\/wp\/v2\/product_brand?post=28823"},{"taxonomy":"product_cat","embeddable":true,"href":"https:\/\/chilimag.hu\/webshop\/wp-json\/wp\/v2\/product_cat?post=28823"},{"taxonomy":"product_tag","embeddable":true,"href":"https:\/\/chilimag.hu\/webshop\/wp-json\/wp\/v2\/product_tag?post=28823"}],"curies":[{"name":"wp","href":"https:\/\/api.w.org\/{rel}","templated":true}]}}