{"id":28799,"date":"2024-02-03T07:23:51","date_gmt":"2024-02-03T07:23:51","guid":{"rendered":"https:\/\/chilimag.hu\/webshop\/?post_type=product&#038;p=28799"},"modified":"2026-02-18T16:12:04","modified_gmt":"2026-02-18T16:12:04","slug":"borso-alexandra-eln-sl","status":"publish","type":"product","link":"https:\/\/chilimag.hu\/webshop\/termek\/borso-alexandra-eln-sl\/","title":{"rendered":"Bors\u00f3 Alexandra ELN SL"},"content":{"rendered":"","protected":false},"excerpt":{"rendered":"<p><img decoding=\"async\" class=\"active-logo\" src=\"https:\/\/b2b.seklos.lt\/themes\/warehouse\/img\/logo_en.png\" alt=\"Agrofirma S\u0117klos, UAB\" width=\"280\" height=\"95\" \/><\/p>\n<p>A korai fajt\u00e1t az \u00edzletes, z\u00f6ld, \u00e9des bors\u00f3\u00e9rt \u00e9rt\u00e9kelik. Egy h\u00fcvely kb. 10 bors\u00f3. A n\u00f6v\u00e9nyek k\u00f6zepes magass\u00e1g\u00faak &#8211; 60 cm magasak. T\u00e1maszt\u00e9k n\u00e9lk\u00fcl is termeszthet\u0151, mivel a n\u00f6v\u00e9nyek \u00f6nhord\u00f3ak. Friss fogyaszt\u00e1sra vagy fagyaszt\u00e1sra alkalmas. \u00c9rett h\u00fcvelyt kell szedni a nem t\u00faln\u0151tt bors\u00f3 a legfinomabb. A h\u00fcvelyek megjelen\u00e9s\u00fck ut\u00e1n 12 nappal \u00e9rnek. Nagyon fontos, hogy az \u00e1gy\u00e1s, amelybe a bors\u00f3t vetik, gyommentes legyen. A bors\u00f3t a lehet\u0151 legkor\u00e1bban el kell vetni. A hossz\u00fa term\u00e9s biztos\u00edt\u00e1sa \u00e9rdek\u00e9ben az \u00e9r\u0151 n\u00f6v\u00e9nyeket megfelel\u0151en kell \u00f6nt\u00f6zni. Napos fekv\u00e9s\u0171, j\u00f3l megm\u0171velt, humuszban gazdag agyagos vagy homokos talajt kedveli, v\u00edz- \u00e9s leveg\u0151\u00e1tereszt\u0151.<br \/>\n15 g \u2013 kb. 45-100 mag.<br \/>\n15 g 9-12 m\u00b2-es ter\u00fcletre kedvez\u0151 termeszt\u00e9si felt\u00e9telek mellett 2-3 kg.<\/p>\n<p>A fajta korai ideje Korai<br \/>\nMennyis\u00e9g egy csomagban 15gr<br \/>\nMagok sz\u00e1ma grammonk\u00e9nt 5-7<br \/>\nVet\u00e9sid\u0151 a talajban III-IV<br \/>\nT\u00e1vols\u00e1gok, cm 20 x 5 cm<br \/>\nSz\u00fcret VII-VIII<br \/>\nTerm\u0151f\u00f6ld<br \/>\nLucia Elite m\u00e1rka<\/p>\n","protected":false},"featured_media":28800,"comment_status":"closed","ping_status":"closed","template":"","meta":[],"product_brand":[],"product_cat":[368],"product_tag":[],"class_list":{"0":"post-28799","1":"product","2":"type-product","3":"status-publish","4":"has-post-thumbnail","6":"product_cat-zoldseg-vetomagok","8":"first","9":"instock","10":"taxable","11":"shipping-taxable","12":"purchasable","13":"product-type-simple"},"_links":{"self":[{"href":"https:\/\/chilimag.hu\/webshop\/wp-json\/wp\/v2\/product\/28799","targetHints":{"allow":["GET"]}}],"collection":[{"href":"https:\/\/chilimag.hu\/webshop\/wp-json\/wp\/v2\/product"}],"about":[{"href":"https:\/\/chilimag.hu\/webshop\/wp-json\/wp\/v2\/types\/product"}],"replies":[{"embeddable":true,"href":"https:\/\/chilimag.hu\/webshop\/wp-json\/wp\/v2\/comments?post=28799"}],"wp:featuredmedia":[{"embeddable":true,"href":"https:\/\/chilimag.hu\/webshop\/wp-json\/wp\/v2\/media\/28800"}],"wp:attachment":[{"href":"https:\/\/chilimag.hu\/webshop\/wp-json\/wp\/v2\/media?parent=28799"}],"wp:term":[{"taxonomy":"product_brand","embeddable":true,"href":"https:\/\/chilimag.hu\/webshop\/wp-json\/wp\/v2\/product_brand?post=28799"},{"taxonomy":"product_cat","embeddable":true,"href":"https:\/\/chilimag.hu\/webshop\/wp-json\/wp\/v2\/product_cat?post=28799"},{"taxonomy":"product_tag","embeddable":true,"href":"https:\/\/chilimag.hu\/webshop\/wp-json\/wp\/v2\/product_tag?post=28799"}],"curies":[{"name":"wp","href":"https:\/\/api.w.org\/{rel}","templated":true}]}}