{"id":28792,"date":"2024-02-03T07:03:15","date_gmt":"2024-02-03T07:03:15","guid":{"rendered":"https:\/\/chilimag.hu\/webshop\/?post_type=product&#038;p=28792"},"modified":"2026-04-01T07:48:40","modified_gmt":"2026-04-01T07:48:40","slug":"paradicsom-orange-wellington-eln-sl","status":"publish","type":"product","link":"https:\/\/chilimag.hu\/webshop\/termek\/paradicsom-orange-wellington-eln-sl\/","title":{"rendered":"Paradicsom Orange Wellington Hibrid ELN SL"},"content":{"rendered":"","protected":false},"excerpt":{"rendered":"<p><img decoding=\"async\" class=\"active-logo\" src=\"https:\/\/b2b.seklos.lt\/themes\/warehouse\/img\/logo_en.png\" alt=\"Agrofirma S\u0117klos, UAB\" width=\"280\" height=\"95\" \/><\/p>\n<p>Paradicsomnarancs WELLINGTON H<br \/>\nEz a korai, k\u00f6z\u00e9pmagas (indetermin\u00e1ns) hibridfajta kiv\u00e9telesen \u00edzletes paradicsomot hoz. A gy\u00fcm\u00f6lcs\u00f6k \u00e9l\u00e9nk narancss\u00e1rga sz\u00edn\u0171ek, s\u00falyuk k\u00f6r\u00fclbel\u00fcl 350 g. A n\u00f6v\u00e9ny el\u00e9ri az 1-1,2 m magass\u00e1got. Ez a fajta azoknak fog tetszeni, akik \u00e9rt\u00e9kelik az \u00edzletes, \u00e9des \u00edz\u0171, enyh\u00e9n kem\u00e9ny\u00edt\u0151tartalm\u00fa, szinte teljesen mag n\u00e9lk\u00fcli gy\u00fcm\u00f6lcs\u00f6t. A paradicsom alkalmas sal\u00e1t\u00e1kra \u00e9s konzervk\u00e9sz\u00edt\u00e9sre. A magokat m\u00e1rciusban vetik el. A magvak gyors \u00e9s egyenletes cs\u00edr\u00e1z\u00e1sa \u00e9rdek\u00e9ben takarja le a pal\u00e1nt\u00e1kat \u00fcveggel vagy f\u00f3li\u00e1val. A magok vet\u00e9sekor \u00fcgyeljen arra, hogy az aljzat h\u0151m\u00e9rs\u00e9klete legal\u00e1bb +21-26 \u00b0C legyen, a szobah\u0151m\u00e9rs\u00e9klet pedig +23 \u00b0C-n\u00e1l nem lehet alacsonyabb. Miut\u00e1n a pal\u00e1nt\u00e1knak 2-4 val\u00f3di levele fejl\u0151d\u00f6tt ki, egyenk\u00e9nt kell \u00e1t\u00fcltetni \u0151ket. A pal\u00e1nt\u00e1kat az utols\u00f3 fagy id\u0151pontja ut\u00e1n lehet az \u00fcvegh\u00e1zban el\u00fcltetni.<br \/>\n15 mag elegend\u0151 egy 8-12 m\u00b2-es ter\u00fclet bebor\u00edt\u00e1s\u00e1hoz. Kedvez\u0151 termeszt\u00e9si k\u00f6r\u00fclm\u00e9nyek k\u00f6z\u00f6tt a term\u00e9s 40-50 kg.<\/p>\n<p>A fajta korai ideje Korai<br \/>\nHermetikus csomagol\u00e1s Igen<br \/>\nMagok sz\u00e1ma a csomagban, db. 15<br \/>\nVet\u00e9sid\u0151 \u00fcvegh\u00e1zban III-IV<br \/>\nT\u00e1vols\u00e1gok, cm 60&#215;40 cm<br \/>\nSz\u00fcret VI-VIII<br \/>\nTermeszt\u00e9si hely Teraszon, Erk\u00e9lyen, \u00dcvegh\u00e1zban, Sz\u00e1nt\u00f3f\u00f6ld\u00f6n<br \/>\nLucia Elite m\u00e1rka<br \/>\n\u200b<\/p>\n","protected":false},"featured_media":28793,"comment_status":"closed","ping_status":"closed","template":"","meta":[],"product_brand":[],"product_cat":[368],"product_tag":[],"class_list":{"0":"post-28792","1":"product","2":"type-product","3":"status-publish","4":"has-post-thumbnail","6":"product_cat-zoldseg-vetomagok","8":"first","9":"instock","10":"taxable","11":"shipping-taxable","12":"purchasable","13":"product-type-simple"},"_links":{"self":[{"href":"https:\/\/chilimag.hu\/webshop\/wp-json\/wp\/v2\/product\/28792","targetHints":{"allow":["GET"]}}],"collection":[{"href":"https:\/\/chilimag.hu\/webshop\/wp-json\/wp\/v2\/product"}],"about":[{"href":"https:\/\/chilimag.hu\/webshop\/wp-json\/wp\/v2\/types\/product"}],"replies":[{"embeddable":true,"href":"https:\/\/chilimag.hu\/webshop\/wp-json\/wp\/v2\/comments?post=28792"}],"wp:featuredmedia":[{"embeddable":true,"href":"https:\/\/chilimag.hu\/webshop\/wp-json\/wp\/v2\/media\/28793"}],"wp:attachment":[{"href":"https:\/\/chilimag.hu\/webshop\/wp-json\/wp\/v2\/media?parent=28792"}],"wp:term":[{"taxonomy":"product_brand","embeddable":true,"href":"https:\/\/chilimag.hu\/webshop\/wp-json\/wp\/v2\/product_brand?post=28792"},{"taxonomy":"product_cat","embeddable":true,"href":"https:\/\/chilimag.hu\/webshop\/wp-json\/wp\/v2\/product_cat?post=28792"},{"taxonomy":"product_tag","embeddable":true,"href":"https:\/\/chilimag.hu\/webshop\/wp-json\/wp\/v2\/product_tag?post=28792"}],"curies":[{"name":"wp","href":"https:\/\/api.w.org\/{rel}","templated":true}]}}