{"id":28790,"date":"2024-02-03T07:00:09","date_gmt":"2024-02-03T07:00:09","guid":{"rendered":"https:\/\/chilimag.hu\/webshop\/?post_type=product&#038;p=28790"},"modified":"2026-02-18T16:11:30","modified_gmt":"2026-02-18T16:11:30","slug":"paprika-yala-rela-eln-sl","status":"publish","type":"product","link":"https:\/\/chilimag.hu\/webshop\/termek\/paprika-yala-rela-eln-sl\/","title":{"rendered":"Paprika  Yala \u00e9s Rela ELN SL"},"content":{"rendered":"","protected":false},"excerpt":{"rendered":"<p><img decoding=\"async\" class=\"active-logo\" src=\"https:\/\/b2b.seklos.lt\/themes\/warehouse\/img\/logo_en.png\" alt=\"Agrofirma S\u0117klos, UAB\" width=\"280\" height=\"95\" \/><\/p>\n<p>\u00c9DES PAPRIKA YALA &amp; RELA<br \/>\n\u00cdzletes \u00e9s dekorat\u00edv paprika k\u00f6z\u00e9pkorai fajt\u00e1ja. Minden n\u00f6v\u00e9ny 50\u201370 apr\u00f3, 8\u201310 cm hossz\u00fa \u00e9s 4 cm sz\u00e9les paprik\u00e1t terem. A gy\u00fcm\u00f6lcs kit\u0171n\u0151 \u00edz\u0171, kiv\u00e9telesen \u00e9des \u00e9s illatos. Ezek a paprik\u00e1k falatokhoz haszn\u00e1lhat\u00f3k, \u00e9s n\u00e9lk\u00fcl\u00f6zhetetlenek a friss sal\u00e1t\u00e1k elk\u00e9sz\u00edt\u00e9s\u00e9hez. Erk\u00e9lyen \u00e9s \u00fcvegh\u00e1zban termeszthet\u0151, ny\u00e1ron szabadban termesztve j\u00f3 term\u00e9st ad. A n\u00f6v\u00e9nyeknek t\u00e1mogat\u00e1sra van sz\u00fcks\u00e9g\u00fck. \u00dcltessen 1-2 magot t\u0151zegszubsztr\u00e1t-cs\u00e9sz\u00e9kbe, 0,5-1,5 cm m\u00e9lys\u00e9gbe. A legjobb cs\u00edr\u00e1z\u00e1si h\u0151m\u00e9rs\u00e9klet +22\u201325 \u00b0C, a h\u0151m\u00e9rs\u00e9klet \u00e9s a p\u00e1ratartalom ingadoz\u00e1s\u00e1t egyar\u00e1nt c\u00e9lszer\u0171 elker\u00fclni. Egy kaliforniai paprika napi adag C-vitamint tartalmaz.<br \/>\nMagok csomagonk\u00e9nt: 10 mag \u00f6sszesen 5 mag YALA, 5 mag RELA. 10 mag elegend\u0151 5-7 cser\u00e9pbe \u00fcltet\u00e9shez, cser\u00e9pben egy n\u00f6v\u00e9ny.<\/p>\n<p>A fajta korai ideje M\u00e9rs\u00e9kelten korai<br \/>\nHermetikus csomagol\u00e1s Igen<br \/>\nMagok sz\u00e1ma a csomagban, db. 10<br \/>\nVet\u00e9sid\u0151 \u00fcvegh\u00e1zban III<br \/>\nT\u00e1vols\u00e1gok, cm 50&#215;50 cm<br \/>\nSz\u00fcret VII-IX<br \/>\nTermeszt\u00e9si hely Teraszon, Erk\u00e9lyen, \u00dcvegh\u00e1zban, Sz\u00e1nt\u00f3f\u00f6ld\u00f6n<br \/>\nLucia Elite m\u00e1rka<br \/>\n\u200b<\/p>\n","protected":false},"featured_media":28791,"comment_status":"closed","ping_status":"closed","template":"","meta":[],"product_brand":[],"product_cat":[368],"product_tag":[],"class_list":{"0":"post-28790","1":"product","2":"type-product","3":"status-publish","4":"has-post-thumbnail","6":"product_cat-zoldseg-vetomagok","8":"first","9":"instock","10":"taxable","11":"shipping-taxable","12":"purchasable","13":"product-type-simple"},"_links":{"self":[{"href":"https:\/\/chilimag.hu\/webshop\/wp-json\/wp\/v2\/product\/28790","targetHints":{"allow":["GET"]}}],"collection":[{"href":"https:\/\/chilimag.hu\/webshop\/wp-json\/wp\/v2\/product"}],"about":[{"href":"https:\/\/chilimag.hu\/webshop\/wp-json\/wp\/v2\/types\/product"}],"replies":[{"embeddable":true,"href":"https:\/\/chilimag.hu\/webshop\/wp-json\/wp\/v2\/comments?post=28790"}],"wp:featuredmedia":[{"embeddable":true,"href":"https:\/\/chilimag.hu\/webshop\/wp-json\/wp\/v2\/media\/28791"}],"wp:attachment":[{"href":"https:\/\/chilimag.hu\/webshop\/wp-json\/wp\/v2\/media?parent=28790"}],"wp:term":[{"taxonomy":"product_brand","embeddable":true,"href":"https:\/\/chilimag.hu\/webshop\/wp-json\/wp\/v2\/product_brand?post=28790"},{"taxonomy":"product_cat","embeddable":true,"href":"https:\/\/chilimag.hu\/webshop\/wp-json\/wp\/v2\/product_cat?post=28790"},{"taxonomy":"product_tag","embeddable":true,"href":"https:\/\/chilimag.hu\/webshop\/wp-json\/wp\/v2\/product_tag?post=28790"}],"curies":[{"name":"wp","href":"https:\/\/api.w.org\/{rel}","templated":true}]}}