{"id":28788,"date":"2024-02-03T06:56:41","date_gmt":"2024-02-03T06:56:41","guid":{"rendered":"https:\/\/chilimag.hu\/webshop\/?post_type=product&#038;p=28788"},"modified":"2026-02-15T09:50:16","modified_gmt":"2026-02-15T09:50:16","slug":"sparga-mary-washington-z-s-sl","status":"publish","type":"product","link":"https:\/\/chilimag.hu\/webshop\/termek\/sparga-mary-washington-z-s-sl\/","title":{"rendered":"Sp\u00e1rga Mary Washington Z.S SL"},"content":{"rendered":"","protected":false},"excerpt":{"rendered":"<p><img decoding=\"async\" class=\"active-logo\" src=\"https:\/\/b2b.seklos.lt\/themes\/warehouse\/img\/logo_en.png\" alt=\"Agrofirma S\u0117klos, UAB\" width=\"280\" height=\"95\" \/><\/p>\n<p>Ez egy \u00e9vel\u0151, nagy hozam\u00fa, dekorat\u00edv n\u00f6v\u00e9ny, amely nem ig\u00e9nyel k\u00fcl\u00f6nleges n\u00f6veked\u00e9si felt\u00e9teleket. A l\u00e1ndzsa vil\u00e1gosz\u00f6ld, enyhe \u00edz\u0171. Ugyanazon a helyen ak\u00e1r 20 \u00e9vig is n\u00f6vekedhetnek. A n\u00f6v\u00e9nyek ak\u00e1r \u201330 \u00b0C-os t\u00e9li h\u0151m\u00e9rs\u00e9kletet is t\u00fal\u00e9lnek. A n\u00f6v\u00e9nyek 1,2 m magasra n\u0151nek. A n\u00f6v\u00e9nyeket a vet\u00e9s ut\u00e1n 3 \u00e9vvel lehet betakar\u00edtani, ha a l\u00e1ndzsa 1-1,5 cm \u00e1tm\u00e9r\u0151j\u0171 lesz.<\/p>\n<p>Hermetikus csomagol\u00e1s Igen<br \/>\nEgy csomagban l\u00e9v\u0151 mennyis\u00e9g 1 g<br \/>\nMagok sz\u00e1ma grammonk\u00e9nt 25-40<br \/>\nVet\u00e9sid\u0151 a talajban IV-V, 2 cm<br \/>\nA pal\u00e1nt\u00e1k vet\u00e9si ideje III-IV, 2 cm<br \/>\nT\u00e1vols\u00e1gok, cm VI, 50&#215;30 cm<br \/>\nSz\u00fcret IV-VI<br \/>\nTerm\u0151f\u00f6ld<br \/>\nM\u00e1rka \u017dalia stotel\u0117<\/p>\n","protected":false},"featured_media":28789,"comment_status":"closed","ping_status":"closed","template":"","meta":[],"product_brand":[],"product_cat":[408],"product_tag":[],"class_list":{"0":"post-28788","1":"product","2":"type-product","3":"status-publish","4":"has-post-thumbnail","6":"product_cat-zoldseg-vetomagok-zalia-stotele","8":"first","9":"instock","10":"taxable","11":"shipping-taxable","12":"purchasable","13":"product-type-simple"},"_links":{"self":[{"href":"https:\/\/chilimag.hu\/webshop\/wp-json\/wp\/v2\/product\/28788","targetHints":{"allow":["GET"]}}],"collection":[{"href":"https:\/\/chilimag.hu\/webshop\/wp-json\/wp\/v2\/product"}],"about":[{"href":"https:\/\/chilimag.hu\/webshop\/wp-json\/wp\/v2\/types\/product"}],"replies":[{"embeddable":true,"href":"https:\/\/chilimag.hu\/webshop\/wp-json\/wp\/v2\/comments?post=28788"}],"wp:featuredmedia":[{"embeddable":true,"href":"https:\/\/chilimag.hu\/webshop\/wp-json\/wp\/v2\/media\/28789"}],"wp:attachment":[{"href":"https:\/\/chilimag.hu\/webshop\/wp-json\/wp\/v2\/media?parent=28788"}],"wp:term":[{"taxonomy":"product_brand","embeddable":true,"href":"https:\/\/chilimag.hu\/webshop\/wp-json\/wp\/v2\/product_brand?post=28788"},{"taxonomy":"product_cat","embeddable":true,"href":"https:\/\/chilimag.hu\/webshop\/wp-json\/wp\/v2\/product_cat?post=28788"},{"taxonomy":"product_tag","embeddable":true,"href":"https:\/\/chilimag.hu\/webshop\/wp-json\/wp\/v2\/product_tag?post=28788"}],"curies":[{"name":"wp","href":"https:\/\/api.w.org\/{rel}","templated":true}]}}