{"id":28786,"date":"2024-02-03T06:52:33","date_gmt":"2024-02-03T06:52:33","guid":{"rendered":"https:\/\/chilimag.hu\/webshop\/?post_type=product&#038;p=28786"},"modified":"2025-08-26T11:39:33","modified_gmt":"2025-08-26T11:39:33","slug":"paradicsom-honeycombe-h-z-s-sl","status":"publish","type":"product","link":"https:\/\/chilimag.hu\/webshop\/termek\/paradicsom-honeycombe-h-z-s-sl\/","title":{"rendered":"Paradicsom Honeycombe Hibrid Z.S SL"},"content":{"rendered":"","protected":false},"excerpt":{"rendered":"<p><img decoding=\"async\" class=\"active-logo\" src=\"https:\/\/b2b.seklos.lt\/themes\/warehouse\/img\/logo_en.png\" alt=\"Agrofirma S\u0117klos, UAB\" width=\"280\" height=\"95\" \/><\/p>\n<p>K\u00f6z\u00e9pkorai, magas, neh\u00e9z term\u0151k\u00e9pess\u00e9g\u0171 kis gy\u00fcm\u00f6lcs\u0171 paradicsom hibrid fajt\u00e1ja. Napok a lej\u00e1ratig &#8211; 75-80 nap. Gy\u00fcm\u00f6lcse narancss\u00e1rga, f\u00fcrtben n\u0151, s\u00falya kb. 15-20 g. Ezek a paradicsomok kiv\u00e9telesen \u00edzletesek \u00e9s \u00e9desek, m\u00e9zes ut\u00f3\u00edzzel. L\u00e9d\u00fasak \u00e9s ellen\u00e1llnak a reped\u00e9snek. Egy n\u00f6v\u00e9ny 150-200 paradicsomot terem. A f\u00fcrt\u00f6s gy\u00fcm\u00f6lcs\u00f6k szinte egyszerre \u00e9rnek, \u00e9s f\u00fcrt\u00f6kben szedhet\u0151k. A n\u00f6v\u00e9nyek f\u0171tetlen \u00fcvegh\u00e1zakban vagy szabadban nevelhet\u0151k.<\/p>\n<p>Hermetikus csomagol\u00e1s Igen<br \/>\nMagok sz\u00e1ma a csomagban, db. 10<br \/>\nA pal\u00e1nt\u00e1k vet\u00e9si ideje III-IV,0,5-1,5 cm<br \/>\nT\u00e1vols\u00e1gok, cm IV-V, 90&#215;40 cm<br \/>\nSz\u00fcret VII-IX<br \/>\nTerm\u0151f\u00f6ld, \u00fcvegh\u00e1zban<br \/>\nM\u00e1rka \u017dalia stotel\u0117<\/p>\n","protected":false},"featured_media":28787,"comment_status":"closed","ping_status":"closed","template":"","meta":[],"product_brand":[],"product_cat":[413],"product_tag":[],"class_list":{"0":"post-28786","1":"product","2":"type-product","3":"status-publish","4":"has-post-thumbnail","6":"product_cat-paradicsom-vetomagok-zalia-stotele","8":"first","9":"instock","10":"taxable","11":"shipping-taxable","12":"purchasable","13":"product-type-simple"},"_links":{"self":[{"href":"https:\/\/chilimag.hu\/webshop\/wp-json\/wp\/v2\/product\/28786","targetHints":{"allow":["GET"]}}],"collection":[{"href":"https:\/\/chilimag.hu\/webshop\/wp-json\/wp\/v2\/product"}],"about":[{"href":"https:\/\/chilimag.hu\/webshop\/wp-json\/wp\/v2\/types\/product"}],"replies":[{"embeddable":true,"href":"https:\/\/chilimag.hu\/webshop\/wp-json\/wp\/v2\/comments?post=28786"}],"wp:featuredmedia":[{"embeddable":true,"href":"https:\/\/chilimag.hu\/webshop\/wp-json\/wp\/v2\/media\/28787"}],"wp:attachment":[{"href":"https:\/\/chilimag.hu\/webshop\/wp-json\/wp\/v2\/media?parent=28786"}],"wp:term":[{"taxonomy":"product_brand","embeddable":true,"href":"https:\/\/chilimag.hu\/webshop\/wp-json\/wp\/v2\/product_brand?post=28786"},{"taxonomy":"product_cat","embeddable":true,"href":"https:\/\/chilimag.hu\/webshop\/wp-json\/wp\/v2\/product_cat?post=28786"},{"taxonomy":"product_tag","embeddable":true,"href":"https:\/\/chilimag.hu\/webshop\/wp-json\/wp\/v2\/product_tag?post=28786"}],"curies":[{"name":"wp","href":"https:\/\/api.w.org\/{rel}","templated":true}]}}