{"id":28784,"date":"2024-02-03T06:48:11","date_gmt":"2024-02-03T06:48:11","guid":{"rendered":"https:\/\/chilimag.hu\/webshop\/?post_type=product&#038;p=28784"},"modified":"2026-02-12T00:04:41","modified_gmt":"2026-02-12T00:04:41","slug":"paradicsom-rosy-pink-z-s-sl","status":"publish","type":"product","link":"https:\/\/chilimag.hu\/webshop\/termek\/paradicsom-rosy-pink-z-s-sl\/","title":{"rendered":"Paradicsom Plumbrella Rosy Pink Z.S SL"},"content":{"rendered":"","protected":false},"excerpt":{"rendered":"<p><img decoding=\"async\" class=\"active-logo\" src=\"https:\/\/b2b.seklos.lt\/themes\/warehouse\/img\/logo_en.png\" alt=\"Agrofirma S\u0117klos, UAB\" width=\"280\" height=\"95\" \/><\/p>\n<p>Korai, nagy hozam\u00fa, kis term\u00e9s\u0171, t\u00f6rpe fajta. Ennek a fajt\u00e1nak az a saj\u00e1toss\u00e1ga, hogy a paradicsom a levelek felett n\u0151, eserny\u0151t alkotva. Nincs sz\u00fcks\u00e9g f\u0171z\u00e9sre vagy metsz\u00e9sre. Gy\u00fcm\u00f6lcsei kicsik, cseresznyeszer\u0171ek, finomak \u00e9s \u00e9desek, hegyes hegyekkel, s\u00falyuk kb. 20 g. Ezeket a paradicsomokat nyersen vagy tart\u00f3s\u00edtva is lehet fogyasztani. A fajta teraszon vagy erk\u00e9lyen cser\u00e9pben val\u00f3 termeszt\u00e9sre szolg\u00e1l.<\/p>\n<p>A fajta korai ideje Korai<br \/>\nHermetikus csomagol\u00e1s Igen<br \/>\nMagok sz\u00e1ma a csomagban, db. 5<br \/>\nA pal\u00e1nt\u00e1k vet\u00e9si ideje II-IV, 0,5-1,5 cm<br \/>\nT\u00e1vols\u00e1gok, cm III-V<br \/>\nSz\u00fcret VII-IX<br \/>\nVazone termeszt\u00e9si helye, erk\u00e9ly, \u00fcvegh\u00e1zban, sz\u00e1nt\u00f3f\u00f6ld<br \/>\nM\u00e1rka \u017dalia stotel\u0117<\/p>\n","protected":false},"featured_media":28785,"comment_status":"closed","ping_status":"closed","template":"","meta":[],"product_brand":[],"product_cat":[413],"product_tag":[],"class_list":{"0":"post-28784","1":"product","2":"type-product","3":"status-publish","4":"has-post-thumbnail","6":"product_cat-paradicsom-vetomagok-zalia-stotele","8":"first","9":"instock","10":"taxable","11":"shipping-taxable","12":"purchasable","13":"product-type-simple"},"_links":{"self":[{"href":"https:\/\/chilimag.hu\/webshop\/wp-json\/wp\/v2\/product\/28784","targetHints":{"allow":["GET"]}}],"collection":[{"href":"https:\/\/chilimag.hu\/webshop\/wp-json\/wp\/v2\/product"}],"about":[{"href":"https:\/\/chilimag.hu\/webshop\/wp-json\/wp\/v2\/types\/product"}],"replies":[{"embeddable":true,"href":"https:\/\/chilimag.hu\/webshop\/wp-json\/wp\/v2\/comments?post=28784"}],"wp:featuredmedia":[{"embeddable":true,"href":"https:\/\/chilimag.hu\/webshop\/wp-json\/wp\/v2\/media\/28785"}],"wp:attachment":[{"href":"https:\/\/chilimag.hu\/webshop\/wp-json\/wp\/v2\/media?parent=28784"}],"wp:term":[{"taxonomy":"product_brand","embeddable":true,"href":"https:\/\/chilimag.hu\/webshop\/wp-json\/wp\/v2\/product_brand?post=28784"},{"taxonomy":"product_cat","embeddable":true,"href":"https:\/\/chilimag.hu\/webshop\/wp-json\/wp\/v2\/product_cat?post=28784"},{"taxonomy":"product_tag","embeddable":true,"href":"https:\/\/chilimag.hu\/webshop\/wp-json\/wp\/v2\/product_tag?post=28784"}],"curies":[{"name":"wp","href":"https:\/\/api.w.org\/{rel}","templated":true}]}}