{"id":28782,"date":"2024-02-03T06:45:15","date_gmt":"2024-02-03T06:45:15","guid":{"rendered":"https:\/\/chilimag.hu\/webshop\/?post_type=product&#038;p=28782"},"modified":"2026-02-02T08:36:44","modified_gmt":"2026-02-02T08:36:44","slug":"paprika-lemon-dream-z-s-sl","status":"publish","type":"product","link":"https:\/\/chilimag.hu\/webshop\/termek\/paprika-lemon-dream-z-s-sl\/","title":{"rendered":"Paprika Lemon Dream Z.S SL"},"content":{"rendered":"","protected":false},"excerpt":{"rendered":"<p><img decoding=\"async\" class=\"active-logo\" src=\"https:\/\/b2b.seklos.lt\/themes\/warehouse\/img\/logo_en.png\" alt=\"Agrofirma S\u0117klos, UAB\" width=\"280\" height=\"95\" \/><\/p>\n<p>Ez az \u00e9des paprika korai, nagy hozam\u00fa fajt\u00e1ja. Gy\u00fcm\u00f6lcsei kicsik, legfeljebb 8 cm hossz\u00faak, \u00e9retten \u00e9l\u00e9nks\u00e1rg\u00e1k, kev\u00e9s magot hoznak. \u00dcvegh\u00e1zakban vagy szabadban termeszthet\u0151k. A n\u00f6v\u00e9nyek kompaktak, kb. 45 cm magas, \u00edgy ide\u00e1lis cserepes termeszt\u00e9sre. Nyersen, tart\u00f3s\u00edtva vagy p\u00e1rolva fogyaszthat\u00f3k, grillez\u00e9shez ide\u00e1lisak.<\/p>\n<p>A fajta korai ideje Korai<br \/>\nHermetikus csomagol\u00e1s Igen<br \/>\nMennyis\u00e9g egy csomagban 0,1g<br \/>\nMagok sz\u00e1ma grammonk\u00e9nt 120-160<br \/>\nA pal\u00e1nt\u00e1k vet\u00e9si ideje II-III, 0,5-1,5cm<br \/>\nT\u00e1vols\u00e1gok, cm IV\u2013VI, 50&#215;50 cm<br \/>\nSz\u00fcret VII\u2013IX<br \/>\nVazone termeszt\u00e9si helye, \u00fcvegh\u00e1zban, sz\u00e1nt\u00f3f\u00f6ld\u00f6n<br \/>\nM\u00e1rka \u017dalia stotel\u0117<\/p>\n","protected":false},"featured_media":28783,"comment_status":"closed","ping_status":"closed","template":"","meta":[],"product_brand":[],"product_cat":[414],"product_tag":[],"class_list":{"0":"post-28782","1":"product","2":"type-product","3":"status-publish","4":"has-post-thumbnail","6":"product_cat-paprika-vetomagok-zalia-stotele","8":"first","9":"instock","10":"taxable","11":"shipping-taxable","12":"purchasable","13":"product-type-simple"},"_links":{"self":[{"href":"https:\/\/chilimag.hu\/webshop\/wp-json\/wp\/v2\/product\/28782","targetHints":{"allow":["GET"]}}],"collection":[{"href":"https:\/\/chilimag.hu\/webshop\/wp-json\/wp\/v2\/product"}],"about":[{"href":"https:\/\/chilimag.hu\/webshop\/wp-json\/wp\/v2\/types\/product"}],"replies":[{"embeddable":true,"href":"https:\/\/chilimag.hu\/webshop\/wp-json\/wp\/v2\/comments?post=28782"}],"wp:featuredmedia":[{"embeddable":true,"href":"https:\/\/chilimag.hu\/webshop\/wp-json\/wp\/v2\/media\/28783"}],"wp:attachment":[{"href":"https:\/\/chilimag.hu\/webshop\/wp-json\/wp\/v2\/media?parent=28782"}],"wp:term":[{"taxonomy":"product_brand","embeddable":true,"href":"https:\/\/chilimag.hu\/webshop\/wp-json\/wp\/v2\/product_brand?post=28782"},{"taxonomy":"product_cat","embeddable":true,"href":"https:\/\/chilimag.hu\/webshop\/wp-json\/wp\/v2\/product_cat?post=28782"},{"taxonomy":"product_tag","embeddable":true,"href":"https:\/\/chilimag.hu\/webshop\/wp-json\/wp\/v2\/product_tag?post=28782"}],"curies":[{"name":"wp","href":"https:\/\/api.w.org\/{rel}","templated":true}]}}