{"id":28780,"date":"2024-02-03T06:41:48","date_gmt":"2024-02-03T06:41:48","guid":{"rendered":"https:\/\/chilimag.hu\/webshop\/?post_type=product&#038;p=28780"},"modified":"2026-03-15T19:18:52","modified_gmt":"2026-03-15T19:18:52","slug":"paprika-kvadry-h-z-s-sl","status":"publish","type":"product","link":"https:\/\/chilimag.hu\/webshop\/termek\/paprika-kvadry-h-z-s-sl\/","title":{"rendered":"Paprika Kvadry Hibrid Z.S SL"},"content":{"rendered":"","protected":false},"excerpt":{"rendered":"<p><img decoding=\"async\" class=\"active-logo\" src=\"https:\/\/b2b.seklos.lt\/themes\/warehouse\/img\/logo_en.png\" alt=\"Agrofirma S\u0117klos, UAB\" width=\"280\" height=\"95\" \/><\/p>\n<p>Ez az \u00e9des paprika korai, betegs\u00e9geknek ellen\u00e1ll\u00f3, nagy hozam\u00fa hibrid fajt\u00e1ja. Gy\u00fcm\u00f6lcse kr\u00e9msz\u00edn\u0171, \u00e9retten vil\u00e1gospirosra v\u00e1ltozik, s\u00falya 110 g. Kocka alak\u00faak, vastag falakkal. Sz\u00fcret, am\u00edg a gy\u00fcm\u00f6lcs\u00f6k m\u00e9g halv\u00e1nyak. Nyersen, tart\u00f3s\u00edtva vagy p\u00e1rolva fogyaszthat\u00f3, s\u00fct\u00e9shez ide\u00e1lis.<\/p>\n<p>A fajta korai ideje Korai<br \/>\nHermetikus csomagol\u00e1s Igen<br \/>\nMennyis\u00e9g egy csomagban 0,1g<br \/>\nMagok sz\u00e1ma grammonk\u00e9nt 120-160<br \/>\nA pal\u00e1nt\u00e1k vet\u00e9si ideje II-III, 0,5-1,5cm<br \/>\nT\u00e1vols\u00e1gok, cm II-III, 0,5-1,5cm<br \/>\nSz\u00fcret VII\u2013IX<br \/>\nTerm\u0151f\u00f6ld, \u00fcvegh\u00e1zban<br \/>\nM\u00e1rka \u017dalia stotel\u0117<\/p>\n","protected":false},"featured_media":28781,"comment_status":"closed","ping_status":"closed","template":"","meta":[],"product_brand":[],"product_cat":[414],"product_tag":[],"class_list":{"0":"post-28780","1":"product","2":"type-product","3":"status-publish","4":"has-post-thumbnail","6":"product_cat-paprika-vetomagok-zalia-stotele","8":"first","9":"instock","10":"taxable","11":"shipping-taxable","12":"purchasable","13":"product-type-simple"},"_links":{"self":[{"href":"https:\/\/chilimag.hu\/webshop\/wp-json\/wp\/v2\/product\/28780","targetHints":{"allow":["GET"]}}],"collection":[{"href":"https:\/\/chilimag.hu\/webshop\/wp-json\/wp\/v2\/product"}],"about":[{"href":"https:\/\/chilimag.hu\/webshop\/wp-json\/wp\/v2\/types\/product"}],"replies":[{"embeddable":true,"href":"https:\/\/chilimag.hu\/webshop\/wp-json\/wp\/v2\/comments?post=28780"}],"wp:featuredmedia":[{"embeddable":true,"href":"https:\/\/chilimag.hu\/webshop\/wp-json\/wp\/v2\/media\/28781"}],"wp:attachment":[{"href":"https:\/\/chilimag.hu\/webshop\/wp-json\/wp\/v2\/media?parent=28780"}],"wp:term":[{"taxonomy":"product_brand","embeddable":true,"href":"https:\/\/chilimag.hu\/webshop\/wp-json\/wp\/v2\/product_brand?post=28780"},{"taxonomy":"product_cat","embeddable":true,"href":"https:\/\/chilimag.hu\/webshop\/wp-json\/wp\/v2\/product_cat?post=28780"},{"taxonomy":"product_tag","embeddable":true,"href":"https:\/\/chilimag.hu\/webshop\/wp-json\/wp\/v2\/product_tag?post=28780"}],"curies":[{"name":"wp","href":"https:\/\/api.w.org\/{rel}","templated":true}]}}