{"id":28778,"date":"2024-02-03T06:37:15","date_gmt":"2024-02-03T06:37:15","guid":{"rendered":"https:\/\/chilimag.hu\/webshop\/?post_type=product&#038;p=28778"},"modified":"2026-02-01T06:38:22","modified_gmt":"2026-02-01T06:38:22","slug":"paprika-hot-lemon-z-s-sl","status":"publish","type":"product","link":"https:\/\/chilimag.hu\/webshop\/termek\/paprika-hot-lemon-z-s-sl\/","title":{"rendered":"Paprika Hot Lemon Z.S SL"},"content":{"rendered":"","protected":false},"excerpt":{"rendered":"<p><img decoding=\"async\" class=\"active-logo\" src=\"https:\/\/b2b.seklos.lt\/themes\/warehouse\/img\/logo_en.png\" alt=\"Agrofirma S\u0117klos, UAB\" width=\"280\" height=\"95\" \/><\/p>\n<p>Magas hozam\u00fa chilifajta. A n\u00f6v\u00e9nyek kompaktak \u00e9s alkalmasak cserepes termeszt\u00e9sre. Gy\u00fcm\u00f6lcse forr\u00f3, enyh\u00e9n r\u00e1ncos, 6-10 cm hossz\u00fa. Ahogy \u00e9rnek, sz\u00edn\u00fck z\u00f6ldr\u0151l s\u00e1rg\u00e1ra v\u00e1ltozik. Az \u00e9rett \u201eHot Lemon\u201d paprika kifejezetten citromf\u0171 \u00e9s citromos ut\u00f3\u00edzzel rendelkezik. Alkalmas sals\u00e1khoz, valamint sz\u00e1r\u00edt\u00e1sra \u00e9s tart\u00f3s\u00edt\u00e1sra is. K\u00fcl\u00f6nleges \u00edzt ad a p\u00e9k\u00e1ruknak, p\u00f6rk\u00f6lteknek \u00e9s sz\u00f3szoknak. A gy\u00fcm\u00f6lcs kapszaicin tartalma a Scoville-sk\u00e1l\u00e1n (SHU) 30-50 ezer k\u00f6z\u00f6tt van.<\/p>\n<p>A fajta korai megjelen\u00e9se K\u00e9s\u0151i<br \/>\nHermetikus csomagol\u00e1s Igen<br \/>\nMagok sz\u00e1ma a csomagban, db. 5<br \/>\nA pal\u00e1nt\u00e1k vet\u00e9si ideje II-IV, 0,5-1,5 cm<br \/>\nT\u00e1vols\u00e1gok, cm IV\u2013VI, 60&#215;40 cm<br \/>\nBetakar\u00edt\u00e1s VIII-X<br \/>\nTermeszt\u00e9si hely \u00dcvegh\u00e1zban<br \/>\nM\u00e1rka \u017dalia stotel\u0117<\/p>\n","protected":false},"featured_media":28779,"comment_status":"closed","ping_status":"closed","template":"","meta":[],"product_brand":[],"product_cat":[414],"product_tag":[],"class_list":{"0":"post-28778","1":"product","2":"type-product","3":"status-publish","4":"has-post-thumbnail","6":"product_cat-paprika-vetomagok-zalia-stotele","8":"first","9":"instock","10":"taxable","11":"shipping-taxable","12":"purchasable","13":"product-type-simple"},"_links":{"self":[{"href":"https:\/\/chilimag.hu\/webshop\/wp-json\/wp\/v2\/product\/28778","targetHints":{"allow":["GET"]}}],"collection":[{"href":"https:\/\/chilimag.hu\/webshop\/wp-json\/wp\/v2\/product"}],"about":[{"href":"https:\/\/chilimag.hu\/webshop\/wp-json\/wp\/v2\/types\/product"}],"replies":[{"embeddable":true,"href":"https:\/\/chilimag.hu\/webshop\/wp-json\/wp\/v2\/comments?post=28778"}],"wp:featuredmedia":[{"embeddable":true,"href":"https:\/\/chilimag.hu\/webshop\/wp-json\/wp\/v2\/media\/28779"}],"wp:attachment":[{"href":"https:\/\/chilimag.hu\/webshop\/wp-json\/wp\/v2\/media?parent=28778"}],"wp:term":[{"taxonomy":"product_brand","embeddable":true,"href":"https:\/\/chilimag.hu\/webshop\/wp-json\/wp\/v2\/product_brand?post=28778"},{"taxonomy":"product_cat","embeddable":true,"href":"https:\/\/chilimag.hu\/webshop\/wp-json\/wp\/v2\/product_cat?post=28778"},{"taxonomy":"product_tag","embeddable":true,"href":"https:\/\/chilimag.hu\/webshop\/wp-json\/wp\/v2\/product_tag?post=28778"}],"curies":[{"name":"wp","href":"https:\/\/api.w.org\/{rel}","templated":true}]}}