{"id":28776,"date":"2024-02-03T06:34:13","date_gmt":"2024-02-03T06:34:13","guid":{"rendered":"https:\/\/chilimag.hu\/webshop\/?post_type=product&#038;p=28776"},"modified":"2026-02-06T10:29:29","modified_gmt":"2026-02-06T10:29:29","slug":"paprika-ilika-z-s-sl","status":"publish","type":"product","link":"https:\/\/chilimag.hu\/webshop\/termek\/paprika-ilika-z-s-sl\/","title":{"rendered":"Paprika Ilika Z.S SL"},"content":{"rendered":"","protected":false},"excerpt":{"rendered":"<p><img decoding=\"async\" class=\"active-logo\" src=\"https:\/\/b2b.seklos.lt\/themes\/warehouse\/img\/logo_en.png\" alt=\"Agrofirma S\u0117klos, UAB\" width=\"280\" height=\"95\" \/><\/p>\n<p>Magas hozam\u00fa, alma jelleg\u0171 chili paprika fajt\u00e1ja. Gy\u00fcm\u00f6lcsei s\u00e1rg\u00e1k, majd \u00e9retten pirosak, kerekek, enyh\u00e9n forr\u00f3ak, 90-100 g t\u00f6meg\u0171ek. A paprik\u00e1t f\u0171szerk\u00e9nt haszn\u00e1lj\u00e1k, az eg\u00e9sz gy\u00fcm\u00f6lcs\u00f6k pedig b\u00e1rmely \u00e9retts\u00e9gi fokon tart\u00f3s\u00edthat\u00f3k. Az optim\u00e1lis cs\u00edr\u00e1z\u00e1si h\u0151m\u00e9rs\u00e9klet 22-25 \u00b0C. A magok 14-22 napon bel\u00fcl cs\u00edr\u00e1znak. A gy\u00fcm\u00f6lcs kapszaicin-tartalma 1000-2000 a Scoville-sk\u00e1l\u00e1n (SHU).<\/p>\n<p>A fajta korai ideje M\u00e9rs\u00e9kelten korai<br \/>\nHermetikus csomagol\u00e1s Igen<br \/>\nMennyis\u00e9g egy csomagban 0,1g<br \/>\nMagok sz\u00e1ma grammonk\u00e9nt 120-160<br \/>\nA pal\u00e1nt\u00e1k vet\u00e9si ideje II-IV, 0,5-1,5cm<br \/>\nT\u00e1vols\u00e1gok, cm IV\u2013VI, 50&#215;40 cm<br \/>\nSz\u00fcret VIII\u2013IX<br \/>\nTerm\u0151f\u00f6ld, \u00fcvegh\u00e1zban<br \/>\nM\u00e1rka \u017dalia stotel\u0117<\/p>\n","protected":false},"featured_media":28777,"comment_status":"closed","ping_status":"closed","template":"","meta":[],"product_brand":[],"product_cat":[414],"product_tag":[],"class_list":{"0":"post-28776","1":"product","2":"type-product","3":"status-publish","4":"has-post-thumbnail","6":"product_cat-paprika-vetomagok-zalia-stotele","8":"first","9":"instock","10":"taxable","11":"shipping-taxable","12":"purchasable","13":"product-type-simple"},"_links":{"self":[{"href":"https:\/\/chilimag.hu\/webshop\/wp-json\/wp\/v2\/product\/28776","targetHints":{"allow":["GET"]}}],"collection":[{"href":"https:\/\/chilimag.hu\/webshop\/wp-json\/wp\/v2\/product"}],"about":[{"href":"https:\/\/chilimag.hu\/webshop\/wp-json\/wp\/v2\/types\/product"}],"replies":[{"embeddable":true,"href":"https:\/\/chilimag.hu\/webshop\/wp-json\/wp\/v2\/comments?post=28776"}],"wp:featuredmedia":[{"embeddable":true,"href":"https:\/\/chilimag.hu\/webshop\/wp-json\/wp\/v2\/media\/28777"}],"wp:attachment":[{"href":"https:\/\/chilimag.hu\/webshop\/wp-json\/wp\/v2\/media?parent=28776"}],"wp:term":[{"taxonomy":"product_brand","embeddable":true,"href":"https:\/\/chilimag.hu\/webshop\/wp-json\/wp\/v2\/product_brand?post=28776"},{"taxonomy":"product_cat","embeddable":true,"href":"https:\/\/chilimag.hu\/webshop\/wp-json\/wp\/v2\/product_cat?post=28776"},{"taxonomy":"product_tag","embeddable":true,"href":"https:\/\/chilimag.hu\/webshop\/wp-json\/wp\/v2\/product_tag?post=28776"}],"curies":[{"name":"wp","href":"https:\/\/api.w.org\/{rel}","templated":true}]}}